{"id":3426,"date":"2022-12-02T16:37:18","date_gmt":"2022-12-02T15:37:18","guid":{"rendered":"https:\/\/curiosart.fr\/?post_type=product&#038;p=3426"},"modified":"2025-09-01T08:38:50","modified_gmt":"2025-09-01T06:38:50","slug":"dont-give-up-the-fight","status":"publish","type":"product","link":"https:\/\/curiosart.fr\/es\/boutique\/no-abandones-la-lucha\/","title":{"rendered":"No abandones la lucha"},"content":{"rendered":"<p>Actor callejero y serigrafista desde mediados de los noventa, seguidor de culturas alternativas, RNST explora y se divierte con el arte urbano en formas tan diversas como el graffiti, la creaci\u00f3n de carteles, el collage y el stencil. A partir de 2009 reinvierte oficialmente la calle en torno a un intenso trabajo de estarcido y pegado de serigraf\u00edas. Su taller es un puesto callejero en el que mezcla recetas, colores y g\u00e9neros. El discurso y la obra de RNST est\u00e1n imbuidos de dos constantes: la provocaci\u00f3n y el romanticismo.<\/p>","protected":false},"excerpt":{"rendered":"<h2><a href=\"https:\/\/www.streetartfest.org\/artiste\/rnst\/\" target=\"_blank\" rel=\"noopener\" data-schema-attribute=\"\">RNST<\/a> \u201cNo abandones la lucha\u201d<\/h2>\n<p><a href=\"\/es\/editions\/serigraphies\/\">Serigraf\u00eda<\/a> original en 4 colores sobre papel natural fine art de 300g.<br \/>\nEdici\u00f3n de 110 ejemplares. numerada y firmada.<br \/>\nEstampado hecho a mano.<br \/>\nDimensiones: cuadrado - 50 x 50 cm.<br \/>\nSello seco (repujado).<br \/>\nSe vende sin marco.<br \/>\nA\u00f1o: 2021<\/p>","protected":false},"featured_media":3428,"template":"","meta":{"_uag_custom_page_level_css":"","site-sidebar-layout":"default","site-content-layout":"default","ast-site-content-layout":"default","site-content-style":"default","site-sidebar-style":"default","ast-global-header-display":"","ast-banner-title-visibility":"","ast-main-header-display":"","ast-hfb-above-header-display":"","ast-hfb-below-header-display":"","ast-hfb-mobile-header-display":"","site-post-title":"","ast-breadcrumbs-content":"","ast-featured-img":"","footer-sml-layout":"","ast-disable-related-posts":"","theme-transparent-header-meta":"default","adv-header-id-meta":"","stick-header-meta":"default","header-above-stick-meta":"","header-main-stick-meta":"","header-below-stick-meta":"","astra-migrate-meta-layouts":"default","ast-page-background-enabled":"default","ast-page-background-meta":{"desktop":{"background-color":"","background-image":"","background-repeat":"repeat","background-position":"center center","background-size":"auto","background-attachment":"scroll","background-type":"","background-media":"","overlay-type":"","overlay-color":"","overlay-opacity":"","overlay-gradient":""},"tablet":{"background-color":"","background-image":"","background-repeat":"repeat","background-position":"center center","background-size":"auto","background-attachment":"scroll","background-type":"","background-media":"","overlay-type":"","overlay-color":"","overlay-opacity":"","overlay-gradient":""},"mobile":{"background-color":"","background-image":"","background-repeat":"repeat","background-position":"center center","background-size":"auto","background-attachment":"scroll","background-type":"","background-media":"","overlay-type":"","overlay-color":"","overlay-opacity":"","overlay-gradient":""}},"ast-content-background-meta":{"desktop":{"background-color":"var(--ast-global-color-5)","background-image":"","background-repeat":"repeat","background-position":"center center","background-size":"auto","background-attachment":"scroll","background-type":"","background-media":"","overlay-type":"","overlay-color":"","overlay-opacity":"","overlay-gradient":""},"tablet":{"background-color":"var(--ast-global-color-5)","background-image":"","background-repeat":"repeat","background-position":"center center","background-size":"auto","background-attachment":"scroll","background-type":"","background-media":"","overlay-type":"","overlay-color":"","overlay-opacity":"","overlay-gradient":""},"mobile":{"background-color":"var(--ast-global-color-5)","background-image":"","background-repeat":"repeat","background-position":"center center","background-size":"auto","background-attachment":"scroll","background-type":"","background-media":"","overlay-type":"","overlay-color":"","overlay-opacity":"","overlay-gradient":""}}},"product_brand":[],"product_cat":[54,19],"product_tag":[],"class_list":{"0":"post-3426","1":"product","2":"type-product","3":"status-publish","4":"has-post-thumbnail","6":"product_cat-rnst","7":"product_cat-serigraphies","8":"desktop-align-center","9":"tablet-align-center","10":"mobile-align-center","11":"ast-product-gallery-layout-horizontal","12":"ast-magnify-disabled","13":"ast-product-tabs-layout-horizontal","15":"first","16":"instock","17":"shipping-taxable","18":"purchasable","19":"product-type-simple"},"uagb_featured_image_src":{"full":["https:\/\/curiosart.fr\/wp-content\/uploads\/2022\/12\/1613055_1_l-scaled.jpg",2553,2560,false],"thumbnail":["https:\/\/curiosart.fr\/wp-content\/uploads\/2022\/12\/1613055_1_l-150x150.jpg",150,150,true],"medium":["https:\/\/curiosart.fr\/wp-content\/uploads\/2022\/12\/1613055_1_l-300x300.jpg",300,300,true],"medium_large":["https:\/\/curiosart.fr\/wp-content\/uploads\/2022\/12\/1613055_1_l-768x770.jpg",768,770,true],"large":["https:\/\/curiosart.fr\/wp-content\/uploads\/2022\/12\/1613055_1_l-1021x1024.jpg",1021,1024,true],"1536x1536":["https:\/\/curiosart.fr\/wp-content\/uploads\/2022\/12\/1613055_1_l-1532x1536.jpg",1532,1536,true],"2048x2048":["https:\/\/curiosart.fr\/wp-content\/uploads\/2022\/12\/1613055_1_l-2042x2048.jpg",2042,2048,true],"trp-custom-language-flag":["https:\/\/curiosart.fr\/wp-content\/uploads\/2022\/12\/1613055_1_l-12x12.jpg",12,12,true],"woocommerce_thumbnail":["https:\/\/curiosart.fr\/wp-content\/uploads\/2022\/12\/1613055_1_l-scaled-200x201.jpg",200,201,true],"woocommerce_single":["https:\/\/curiosart.fr\/wp-content\/uploads\/2022\/12\/1613055_1_l-scaled-400x401.jpg",400,401,true],"woocommerce_gallery_thumbnail":["https:\/\/curiosart.fr\/wp-content\/uploads\/2022\/12\/1613055_1_l-scaled-150x150.jpg",150,150,true]},"uagb_author_info":{"display_name":"dfuzionadmin","author_link":"https:\/\/curiosart.fr\/es\/author\/"},"uagb_comment_info":0,"uagb_excerpt":"RNST \"Don't give up the fight\" S\u00e9rigraphie originale en 4 couleurs sur papier cr\u00e9ation beaux-arts naturel 300g. Tirage \u00e0 110 ex. num\u00e9rot\u00e9 et sign\u00e9. Hand print artisanal. Dimension : carr\u00e9 - 50 x 50 cm. Tampon \u00e0 sec (gaufrage). Vendu sans cadre. Ann\u00e9e : 2021","_links":{"self":[{"href":"https:\/\/curiosart.fr\/es\/wp-json\/wp\/v2\/product\/3426","targetHints":{"allow":["GET"]}}],"collection":[{"href":"https:\/\/curiosart.fr\/es\/wp-json\/wp\/v2\/product"}],"about":[{"href":"https:\/\/curiosart.fr\/es\/wp-json\/wp\/v2\/types\/product"}],"wp:featuredmedia":[{"embeddable":true,"href":"https:\/\/curiosart.fr\/es\/wp-json\/wp\/v2\/media\/3428"}],"wp:attachment":[{"href":"https:\/\/curiosart.fr\/es\/wp-json\/wp\/v2\/media?parent=3426"}],"wp:term":[{"taxonomy":"product_brand","embeddable":true,"href":"https:\/\/curiosart.fr\/es\/wp-json\/wp\/v2\/product_brand?post=3426"},{"taxonomy":"product_cat","embeddable":true,"href":"https:\/\/curiosart.fr\/es\/wp-json\/wp\/v2\/product_cat?post=3426"},{"taxonomy":"product_tag","embeddable":true,"href":"https:\/\/curiosart.fr\/es\/wp-json\/wp\/v2\/product_tag?post=3426"}],"curies":[{"name":"gracias","href":"https:\/\/api.w.org\/{rel}","templated":true}]}}