{"id":3335,"date":"2022-01-15T10:11:48","date_gmt":"2022-01-15T09:11:48","guid":{"rendered":"https:\/\/curiosart.fr\/?post_type=product&#038;p=3335"},"modified":"2024-06-05T08:31:36","modified_gmt":"2024-06-05T06:31:36","slug":"cleon-peterson-long-live-death","status":"publish","type":"product","link":"https:\/\/curiosart.fr\/es\/boutique\/cleon-peterson-larga-vida-a-la-muerte\/","title":{"rendered":"Viva la Muerte (Hueso)"},"content":{"rendered":"<p>Cleon Peterson es un artista residente en Los \u00c1ngeles cuyas pinturas ca\u00f3ticas y violentas muestran figuras en conflicto que simbolizan una lucha entre el poder y la sumisi\u00f3n en la arquitectura cambiante de la sociedad contempor\u00e1nea.<\/p>\n<p>Primero se hizo un nombre como dise\u00f1ador gr\u00e1fico. Por lo tanto, est\u00e1 en el origen de los logotipos y muchas im\u00e1genes para compa\u00f1\u00edas de skate como Foundation Skateboards, Pig Wheels, Zero Skateboards. Adem\u00e1s, sigue trabajando en Studio Number One, el estudio de creaci\u00f3n de <a href=\"\/es\/artistes\/obey-shepard-fairey\/\">Shepard Fairey<\/a>. Tambi\u00e9n es a Peterson a quien le debemos el famoso modelo de la monograf\u00eda &quot;Oferta y demanda&quot; en Obey.<\/p>\n<p><a href=\"https:\/\/curiosart.fr\/es\/cleon-peterson-el-artista-que-desafia-las-normas\/\">&gt; M\u00e1s informaci\u00f3n sobre Cleon Peterson<\/a><\/p>","protected":false},"excerpt":{"rendered":"<h2><a href=\"http:\/\/www.actuart.org\/page-7208437.html\" target=\"_blank\" rel=\"noopener\">Cleon peterson<\/a> &quot;Viva la Muerte (Hueso)&quot;.<\/h2>\n<p><a href=\"https:\/\/curiosart.fr\/es\/editions\/serigraphies\/\">Serigraf\u00eda<\/a> dibujado a mano.<br \/>\nPapel Coventry Rag 290g bordes con flecos.<br \/>\nEdici\u00f3n firmada y numerada en 150 ej.<br \/>\nTama\u00f1o: 48 cm X 71 cm (19 x 28 pulgadas).<\/p>","protected":false},"featured_media":3336,"template":"","meta":{"_uag_custom_page_level_css":"","site-sidebar-layout":"default","site-content-layout":"default","ast-site-content-layout":"default","site-content-style":"default","site-sidebar-style":"default","ast-global-header-display":"","ast-banner-title-visibility":"","ast-main-header-display":"","ast-hfb-above-header-display":"","ast-hfb-below-header-display":"","ast-hfb-mobile-header-display":"","site-post-title":"","ast-breadcrumbs-content":"","ast-featured-img":"","footer-sml-layout":"","ast-disable-related-posts":"","theme-transparent-header-meta":"default","adv-header-id-meta":"","stick-header-meta":"default","header-above-stick-meta":"","header-main-stick-meta":"","header-below-stick-meta":"","astra-migrate-meta-layouts":"set","ast-page-background-enabled":"default","ast-page-background-meta":{"desktop":{"background-color":"","background-image":"","background-repeat":"repeat","background-position":"center center","background-size":"auto","background-attachment":"scroll","background-type":"","background-media":"","overlay-type":"","overlay-color":"","overlay-opacity":"","overlay-gradient":""},"tablet":{"background-color":"","background-image":"","background-repeat":"repeat","background-position":"center center","background-size":"auto","background-attachment":"scroll","background-type":"","background-media":"","overlay-type":"","overlay-color":"","overlay-opacity":"","overlay-gradient":""},"mobile":{"background-color":"","background-image":"","background-repeat":"repeat","background-position":"center center","background-size":"auto","background-attachment":"scroll","background-type":"","background-media":"","overlay-type":"","overlay-color":"","overlay-opacity":"","overlay-gradient":""}},"ast-content-background-meta":{"desktop":{"background-color":"var(--ast-global-color-5)","background-image":"","background-repeat":"repeat","background-position":"center center","background-size":"auto","background-attachment":"scroll","background-type":"","background-media":"","overlay-type":"","overlay-color":"","overlay-opacity":"","overlay-gradient":""},"tablet":{"background-color":"var(--ast-global-color-5)","background-image":"","background-repeat":"repeat","background-position":"center center","background-size":"auto","background-attachment":"scroll","background-type":"","background-media":"","overlay-type":"","overlay-color":"","overlay-opacity":"","overlay-gradient":""},"mobile":{"background-color":"var(--ast-global-color-5)","background-image":"","background-repeat":"repeat","background-position":"center center","background-size":"auto","background-attachment":"scroll","background-type":"","background-media":"","overlay-type":"","overlay-color":"","overlay-opacity":"","overlay-gradient":""}}},"product_brand":[],"product_cat":[52,18],"product_tag":[],"class_list":{"0":"post-3335","1":"product","2":"type-product","3":"status-publish","4":"has-post-thumbnail","6":"product_cat-cleon-peterson","7":"product_cat-lithographies","8":"desktop-align-center","9":"tablet-align-center","10":"mobile-align-center","11":"ast-product-gallery-layout-horizontal","12":"ast-product-gallery-with-no-image","13":"ast-magnify-disabled","14":"ast-product-tabs-layout-horizontal","16":"first","17":"outofstock","18":"shipping-taxable","19":"purchasable","20":"product-type-simple"},"uagb_featured_image_src":{"full":["https:\/\/curiosart.fr\/wp-content\/uploads\/2022\/01\/long-live-death-Bone-scaled.jpg",1761,2560,false],"thumbnail":["https:\/\/curiosart.fr\/wp-content\/uploads\/2022\/01\/long-live-death-Bone-150x150.jpg",150,150,true],"medium":["https:\/\/curiosart.fr\/wp-content\/uploads\/2022\/01\/long-live-death-Bone-206x300.jpg",206,300,true],"medium_large":["https:\/\/curiosart.fr\/wp-content\/uploads\/2022\/01\/long-live-death-Bone-768x1117.jpg",768,1117,true],"large":["https:\/\/curiosart.fr\/wp-content\/uploads\/2022\/01\/long-live-death-Bone-704x1024.jpg",704,1024,true],"1536x1536":["https:\/\/curiosart.fr\/wp-content\/uploads\/2022\/01\/long-live-death-Bone-1056x1536.jpg",1056,1536,true],"2048x2048":["https:\/\/curiosart.fr\/wp-content\/uploads\/2022\/01\/long-live-death-Bone-1409x2048.jpg",1409,2048,true],"trp-custom-language-flag":["https:\/\/curiosart.fr\/wp-content\/uploads\/2022\/01\/long-live-death-Bone-8x12.jpg",8,12,true],"woocommerce_thumbnail":["https:\/\/curiosart.fr\/wp-content\/uploads\/2022\/01\/long-live-death-Bone-scaled-200x291.jpg",200,291,true],"woocommerce_single":["https:\/\/curiosart.fr\/wp-content\/uploads\/2022\/01\/long-live-death-Bone-scaled-400x581.jpg",400,581,true],"woocommerce_gallery_thumbnail":["https:\/\/curiosart.fr\/wp-content\/uploads\/2022\/01\/long-live-death-Bone-scaled-103x150.jpg",103,150,true]},"uagb_author_info":{"display_name":"dfuzionadmin","author_link":"https:\/\/curiosart.fr\/es\/author\/"},"uagb_comment_info":0,"uagb_excerpt":"Cleon Peterson \"Long Live Death (Bone)\". S\u00e9rigraphie tir\u00e9e \u00e0 la main. Papier Coventry Rag 290g bords frang\u00e9s. Edition sign\u00e9e et num\u00e9rot\u00e9e sur 150 ex. Dimension : 48cm X 71cm (19 x 28 pouces).","_links":{"self":[{"href":"https:\/\/curiosart.fr\/es\/wp-json\/wp\/v2\/product\/3335","targetHints":{"allow":["GET"]}}],"collection":[{"href":"https:\/\/curiosart.fr\/es\/wp-json\/wp\/v2\/product"}],"about":[{"href":"https:\/\/curiosart.fr\/es\/wp-json\/wp\/v2\/types\/product"}],"wp:featuredmedia":[{"embeddable":true,"href":"https:\/\/curiosart.fr\/es\/wp-json\/wp\/v2\/media\/3336"}],"wp:attachment":[{"href":"https:\/\/curiosart.fr\/es\/wp-json\/wp\/v2\/media?parent=3335"}],"wp:term":[{"taxonomy":"product_brand","embeddable":true,"href":"https:\/\/curiosart.fr\/es\/wp-json\/wp\/v2\/product_brand?post=3335"},{"taxonomy":"product_cat","embeddable":true,"href":"https:\/\/curiosart.fr\/es\/wp-json\/wp\/v2\/product_cat?post=3335"},{"taxonomy":"product_tag","embeddable":true,"href":"https:\/\/curiosart.fr\/es\/wp-json\/wp\/v2\/product_tag?post=3335"}],"curies":[{"name":"gracias","href":"https:\/\/api.w.org\/{rel}","templated":true}]}}