{"id":3302,"date":"2022-01-02T15:38:21","date_gmt":"2022-01-02T14:38:21","guid":{"rendered":"https:\/\/curiosart.fr\/?post_type=product&#038;p=3302"},"modified":"2025-09-01T08:39:03","modified_gmt":"2025-09-01T06:39:03","slug":"pez-catch-the-stars-two","status":"publish","type":"product","link":"https:\/\/curiosart.fr\/es\/boutique\/pez-atrapa-las-estrellas-dos\/","title":{"rendered":"Atrapa las estrellas II"},"content":{"rendered":"<p>El Pez, &quot;el pez&quot; en espa\u00f1ol, comenz\u00f3 a pintar en 1999 en los suburbios de Barcelona. Al principio estaba escribiendo su firma, que muy r\u00e1pidamente se convirti\u00f3 en un pez.<\/p>\n<p>En busca de un lenguaje universal para comunicarse con los transe\u00fantes, utiliza la sonrisa. Un d\u00eda decide pintar un personaje de pez con una gran sonrisa cerca de su firma. \u00a1El Pez naci\u00f3! Hab\u00eda encontrado en esa enorme sonrisa una manera de transmitir las buenas vibraciones a los transe\u00fantes en las calles.<\/p>\n<p>En pocos a\u00f1os su obra se hab\u00eda extendido por Barcelona, y pronto estaba viajando y pintando en ciudades europeas. Entonces comienza a ser conocido y asciende r\u00e1pidamente en la escena del arte callejero.<\/p>","protected":false},"excerpt":{"rendered":"<h2>El Pez \u201cAtrapa las estrellas\u201d \u2013 Edici\u00f3n II.<\/h2>\n<p>Serigraf\u00eda a 13 colores con barniz UV sobre papel fine art <a href=\"https:\/\/legionpaper.com\/coventry-rag\" target=\"_blank\" rel=\"noopener\">Trapo de Coventry<\/a> 320 g \/ m\u00b2<br \/>\nFirmado por<a href=\"https:\/\/curiosart.fr\/es\/artistes\/pez\/\">artista<\/a> y numerado x \/ 150.<br \/>\nSe vende con certificado de autenticidad.<br \/>\nDimensiones: 56 x 38 cm.<\/p>\n<p><strong>\u00a1Para ver en realidad aumentada!<\/strong><br \/>\n\u00a1Descargue la aplicaci\u00f3n m\u00f3vil El Pez AR, desarrollada por MUSSA, para dar vida al componente de realidad aumentada! Seleccione &quot;Catch The Stars&quot; y alinee la obra de arte en su pantalla para activar la animaci\u00f3n. Desc\u00e1rgalo gratis en <a href=\"https:\/\/play.google.com\/store\/apps\/details?id=com.mussa.pezar\" target=\"_blank\" rel=\"nofollow noopener\">Google Play<\/a> D\u00f3nde <a href=\"https:\/\/apps.apple.com\/us\/app\/pez-ar\/id1517870180\" target=\"_blank\" rel=\"nofollow noopener\">tienda Apple<\/a>.<\/p>","protected":false},"featured_media":3303,"template":"","meta":{"_uag_custom_page_level_css":"","site-sidebar-layout":"default","site-content-layout":"default","ast-site-content-layout":"default","site-content-style":"default","site-sidebar-style":"default","ast-global-header-display":"","ast-banner-title-visibility":"","ast-main-header-display":"","ast-hfb-above-header-display":"","ast-hfb-below-header-display":"","ast-hfb-mobile-header-display":"","site-post-title":"","ast-breadcrumbs-content":"","ast-featured-img":"","footer-sml-layout":"","ast-disable-related-posts":"","theme-transparent-header-meta":"default","adv-header-id-meta":"","stick-header-meta":"default","header-above-stick-meta":"","header-main-stick-meta":"","header-below-stick-meta":"","astra-migrate-meta-layouts":"set","ast-page-background-enabled":"default","ast-page-background-meta":{"desktop":{"background-color":"","background-image":"","background-repeat":"repeat","background-position":"center center","background-size":"auto","background-attachment":"scroll","background-type":"","background-media":"","overlay-type":"","overlay-color":"","overlay-opacity":"","overlay-gradient":""},"tablet":{"background-color":"","background-image":"","background-repeat":"repeat","background-position":"center center","background-size":"auto","background-attachment":"scroll","background-type":"","background-media":"","overlay-type":"","overlay-color":"","overlay-opacity":"","overlay-gradient":""},"mobile":{"background-color":"","background-image":"","background-repeat":"repeat","background-position":"center center","background-size":"auto","background-attachment":"scroll","background-type":"","background-media":"","overlay-type":"","overlay-color":"","overlay-opacity":"","overlay-gradient":""}},"ast-content-background-meta":{"desktop":{"background-color":"var(--ast-global-color-5)","background-image":"","background-repeat":"repeat","background-position":"center center","background-size":"auto","background-attachment":"scroll","background-type":"","background-media":"","overlay-type":"","overlay-color":"","overlay-opacity":"","overlay-gradient":""},"tablet":{"background-color":"var(--ast-global-color-5)","background-image":"","background-repeat":"repeat","background-position":"center center","background-size":"auto","background-attachment":"scroll","background-type":"","background-media":"","overlay-type":"","overlay-color":"","overlay-opacity":"","overlay-gradient":""},"mobile":{"background-color":"var(--ast-global-color-5)","background-image":"","background-repeat":"repeat","background-position":"center center","background-size":"auto","background-attachment":"scroll","background-type":"","background-media":"","overlay-type":"","overlay-color":"","overlay-opacity":"","overlay-gradient":""}}},"product_brand":[],"product_cat":[61,19],"product_tag":[],"class_list":{"0":"post-3302","1":"product","2":"type-product","3":"status-publish","4":"has-post-thumbnail","6":"product_cat-el-pez","7":"product_cat-serigraphies","8":"desktop-align-center","9":"tablet-align-center","10":"mobile-align-center","11":"ast-product-gallery-layout-horizontal","12":"ast-magnify-disabled","13":"ast-product-tabs-layout-horizontal","15":"first","16":"outofstock","17":"shipping-taxable","18":"purchasable","19":"product-type-simple"},"uagb_featured_image_src":{"full":["https:\/\/curiosart.fr\/wp-content\/uploads\/2022\/01\/00-Pez-Catch-the-Stars-2-Standard-Edition-1XRun-00-e1641134683910.jpg",529,766,false],"thumbnail":["https:\/\/curiosart.fr\/wp-content\/uploads\/2022\/01\/00-Pez-Catch-the-Stars-2-Standard-Edition-1XRun-00-e1641134683910-150x150.jpg",150,150,true],"medium":["https:\/\/curiosart.fr\/wp-content\/uploads\/2022\/01\/00-Pez-Catch-the-Stars-2-Standard-Edition-1XRun-00-e1641134683910-207x300.jpg",207,300,true],"medium_large":["https:\/\/curiosart.fr\/wp-content\/uploads\/2022\/01\/00-Pez-Catch-the-Stars-2-Standard-Edition-1XRun-00-768x768.jpg",768,768,true],"large":["https:\/\/curiosart.fr\/wp-content\/uploads\/2022\/01\/00-Pez-Catch-the-Stars-2-Standard-Edition-1XRun-00-1024x1024.jpg",1024,1024,true],"1536x1536":["https:\/\/curiosart.fr\/wp-content\/uploads\/2022\/01\/00-Pez-Catch-the-Stars-2-Standard-Edition-1XRun-00-e1641134683910.jpg",529,766,false],"2048x2048":["https:\/\/curiosart.fr\/wp-content\/uploads\/2022\/01\/00-Pez-Catch-the-Stars-2-Standard-Edition-1XRun-00-e1641134683910.jpg",529,766,false],"trp-custom-language-flag":["https:\/\/curiosart.fr\/wp-content\/uploads\/2022\/01\/00-Pez-Catch-the-Stars-2-Standard-Edition-1XRun-00-e1641134683910-8x12.jpg",8,12,true],"woocommerce_thumbnail":["https:\/\/curiosart.fr\/wp-content\/uploads\/2022\/01\/00-Pez-Catch-the-Stars-2-Standard-Edition-1XRun-00-e1641134683910-200x290.jpg",200,290,true],"woocommerce_single":["https:\/\/curiosart.fr\/wp-content\/uploads\/2022\/01\/00-Pez-Catch-the-Stars-2-Standard-Edition-1XRun-00-e1641134683910-400x579.jpg",400,579,true],"woocommerce_gallery_thumbnail":["https:\/\/curiosart.fr\/wp-content\/uploads\/2022\/01\/00-Pez-Catch-the-Stars-2-Standard-Edition-1XRun-00-e1641134683910-104x150.jpg",104,150,true]},"uagb_author_info":{"display_name":"dfuzionadmin","author_link":"https:\/\/curiosart.fr\/es\/author\/"},"uagb_comment_info":0,"uagb_excerpt":"El Pez \"Catch the stars\" - Edition II. S\u00e9rigraphie 13 couleurs avec rev\u00eatement UV sur papier d'art Coventry Rag 320 g\/m\u00b2 Sign\u00e9 par l'artiste et num\u00e9rot\u00e9e x\/150. Vendu avec certificat d'authenticit\u00e9. Dimensions : 56 x 38 cm. A voir en r\u00e9alit\u00e9 augment\u00e9e ! T\u00e9l\u00e9chargez l'application mobile El Pez AR, d\u00e9velopp\u00e9e par MUSSA, pour donner vie&hellip;","_links":{"self":[{"href":"https:\/\/curiosart.fr\/es\/wp-json\/wp\/v2\/product\/3302","targetHints":{"allow":["GET"]}}],"collection":[{"href":"https:\/\/curiosart.fr\/es\/wp-json\/wp\/v2\/product"}],"about":[{"href":"https:\/\/curiosart.fr\/es\/wp-json\/wp\/v2\/types\/product"}],"wp:featuredmedia":[{"embeddable":true,"href":"https:\/\/curiosart.fr\/es\/wp-json\/wp\/v2\/media\/3303"}],"wp:attachment":[{"href":"https:\/\/curiosart.fr\/es\/wp-json\/wp\/v2\/media?parent=3302"}],"wp:term":[{"taxonomy":"product_brand","embeddable":true,"href":"https:\/\/curiosart.fr\/es\/wp-json\/wp\/v2\/product_brand?post=3302"},{"taxonomy":"product_cat","embeddable":true,"href":"https:\/\/curiosart.fr\/es\/wp-json\/wp\/v2\/product_cat?post=3302"},{"taxonomy":"product_tag","embeddable":true,"href":"https:\/\/curiosart.fr\/es\/wp-json\/wp\/v2\/product_tag?post=3302"}],"curies":[{"name":"gracias","href":"https:\/\/api.w.org\/{rel}","templated":true}]}}