{"id":3139,"date":"2021-08-30T16:14:48","date_gmt":"2021-08-30T14:14:48","guid":{"rendered":"https:\/\/curiosart.fr\/?post_type=product&#038;p=3139"},"modified":"2023-04-19T19:30:18","modified_gmt":"2023-04-19T17:30:18","slug":"obey-geometric-dove-black","status":"publish","type":"product","link":"https:\/\/curiosart.fr\/es\/boutique\/obedecer-paloma-geometrica-negra\/","title":{"rendered":"Paloma Geom\u00e9trica Negro"},"content":{"rendered":"<p>Nacido en 1970 en Charleston en los Estados Unidos y graduado de BA Rhode Island School of Design, ahora vive y trabaja en Los \u00c1ngeles. Viniendo de la escena del skate, se dio a conocer por primera vez a trav\u00e9s de las pegatinas de Andr\u00e9 the Giant Has a Posse, que le dieron la campa\u00f1a Obey Giant. Su trabajo gan\u00f3 fama mundial durante la campa\u00f1a presidencial estadounidense de 2008, con la creaci\u00f3n del cartel HOPE de Barack Obama que se convertir\u00eda en una imagen ic\u00f3nica de la campa\u00f1a.<br \/>\nEl Boston Institute of Contemporary Art lo considera uno de los mejores y m\u00e1s influyentes artistas de Street Art del momento.<\/p>","protected":false},"excerpt":{"rendered":"<h2>Shepard FAIREY (<a href=\"https:\/\/fr.wikipedia.org\/wiki\/Shepard_Fairey\" target=\"_blank\" rel=\"noopener\" data-schema-attribute=\"\">Obey<\/a>) Versi\u00f3n negra \u201cPaloma Geom\u00e9trica\u201d.<\/h2>\n<p>Impresi\u00f3n offset en papel Speckletone grueso.<br \/>\nSigno <a href=\"\/es\/artistes\/obey-shepard-fairey\/\">Shepard Fairey.\u00a0<\/a><br \/>\nDimensiones: 61 x 61 cm.<br \/>\nTambi\u00e9n disponible en <a href=\"https:\/\/curiosart.fr\/es\/boutique\/obedecer-geometrico-paloma-azul\/\">azul<\/a> y <a href=\"https:\/\/curiosart.fr\/es\/boutique\/obedecer-paloma-geometrica-roja\/\">Rojo<\/a>.<\/p>","protected":false},"featured_media":3140,"template":"","meta":{"_uag_custom_page_level_css":"","site-sidebar-layout":"default","site-content-layout":"default","ast-site-content-layout":"default","site-content-style":"default","site-sidebar-style":"default","ast-global-header-display":"","ast-banner-title-visibility":"","ast-main-header-display":"","ast-hfb-above-header-display":"","ast-hfb-below-header-display":"","ast-hfb-mobile-header-display":"","site-post-title":"","ast-breadcrumbs-content":"","ast-featured-img":"","footer-sml-layout":"","ast-disable-related-posts":"","theme-transparent-header-meta":"default","adv-header-id-meta":"","stick-header-meta":"default","header-above-stick-meta":"","header-main-stick-meta":"","header-below-stick-meta":"","astra-migrate-meta-layouts":"default","ast-page-background-enabled":"default","ast-page-background-meta":{"desktop":{"background-color":"","background-image":"","background-repeat":"repeat","background-position":"center center","background-size":"auto","background-attachment":"scroll","background-type":"","background-media":"","overlay-type":"","overlay-color":"","overlay-opacity":"","overlay-gradient":""},"tablet":{"background-color":"","background-image":"","background-repeat":"repeat","background-position":"center center","background-size":"auto","background-attachment":"scroll","background-type":"","background-media":"","overlay-type":"","overlay-color":"","overlay-opacity":"","overlay-gradient":""},"mobile":{"background-color":"","background-image":"","background-repeat":"repeat","background-position":"center center","background-size":"auto","background-attachment":"scroll","background-type":"","background-media":"","overlay-type":"","overlay-color":"","overlay-opacity":"","overlay-gradient":""}},"ast-content-background-meta":{"desktop":{"background-color":"var(--ast-global-color-5)","background-image":"","background-repeat":"repeat","background-position":"center center","background-size":"auto","background-attachment":"scroll","background-type":"","background-media":"","overlay-type":"","overlay-color":"","overlay-opacity":"","overlay-gradient":""},"tablet":{"background-color":"var(--ast-global-color-5)","background-image":"","background-repeat":"repeat","background-position":"center center","background-size":"auto","background-attachment":"scroll","background-type":"","background-media":"","overlay-type":"","overlay-color":"","overlay-opacity":"","overlay-gradient":""},"mobile":{"background-color":"var(--ast-global-color-5)","background-image":"","background-repeat":"repeat","background-position":"center center","background-size":"auto","background-attachment":"scroll","background-type":"","background-media":"","overlay-type":"","overlay-color":"","overlay-opacity":"","overlay-gradient":""}}},"product_brand":[],"product_cat":[22,19],"product_tag":[],"class_list":{"0":"post-3139","1":"product","2":"type-product","3":"status-publish","4":"has-post-thumbnail","6":"product_cat-obey-shepard-fairey","7":"product_cat-serigraphies","8":"desktop-align-center","9":"tablet-align-center","10":"mobile-align-center","11":"ast-product-gallery-layout-horizontal","12":"ast-magnify-disabled","13":"ast-product-tabs-layout-horizontal","15":"first","16":"instock","17":"shipping-taxable","18":"purchasable","19":"product-type-simple"},"uagb_featured_image_src":{"full":["https:\/\/curiosart.fr\/wp-content\/uploads\/2021\/08\/GEODOVEBLACK_1024x1024-e1630498813314.jpg",844,839,false],"thumbnail":["https:\/\/curiosart.fr\/wp-content\/uploads\/2021\/08\/GEODOVEBLACK_1024x1024-e1630498813314-150x150.jpg",150,150,true],"medium":["https:\/\/curiosart.fr\/wp-content\/uploads\/2021\/08\/GEODOVEBLACK_1024x1024-e1630498813314-300x298.jpg",300,298,true],"medium_large":["https:\/\/curiosart.fr\/wp-content\/uploads\/2021\/08\/GEODOVEBLACK_1024x1024-e1630498813314-768x763.jpg",768,763,true],"large":["https:\/\/curiosart.fr\/wp-content\/uploads\/2021\/08\/GEODOVEBLACK_1024x1024-1024x1024.jpg",1024,1024,true],"1536x1536":["https:\/\/curiosart.fr\/wp-content\/uploads\/2021\/08\/GEODOVEBLACK_1024x1024-e1630498813314.jpg",844,839,false],"2048x2048":["https:\/\/curiosart.fr\/wp-content\/uploads\/2021\/08\/GEODOVEBLACK_1024x1024-e1630498813314.jpg",844,839,false],"trp-custom-language-flag":["https:\/\/curiosart.fr\/wp-content\/uploads\/2021\/08\/GEODOVEBLACK_1024x1024-e1630498813314-12x12.jpg",12,12,true],"woocommerce_thumbnail":["https:\/\/curiosart.fr\/wp-content\/uploads\/2021\/08\/GEODOVEBLACK_1024x1024-e1630498813314-200x199.jpg",200,199,true],"woocommerce_single":["https:\/\/curiosart.fr\/wp-content\/uploads\/2021\/08\/GEODOVEBLACK_1024x1024-e1630498813314-400x398.jpg",400,398,true],"woocommerce_gallery_thumbnail":["https:\/\/curiosart.fr\/wp-content\/uploads\/2021\/08\/GEODOVEBLACK_1024x1024-e1630498813314-150x150.jpg",150,150,true]},"uagb_author_info":{"display_name":"dfuzionadmin","author_link":"https:\/\/curiosart.fr\/es\/author\/"},"uagb_comment_info":0,"uagb_excerpt":"Shepard FAIREY (Obey) \"Geometric Dove\" version noire. Impression offset sur papier Speckletone \u00e9pais. Sign\u00e9 Shepard Fairey.\u00a0 Dimensions : 61 x 61 cm. Disponible \u00e9galement en bleu et rouge.","_links":{"self":[{"href":"https:\/\/curiosart.fr\/es\/wp-json\/wp\/v2\/product\/3139","targetHints":{"allow":["GET"]}}],"collection":[{"href":"https:\/\/curiosart.fr\/es\/wp-json\/wp\/v2\/product"}],"about":[{"href":"https:\/\/curiosart.fr\/es\/wp-json\/wp\/v2\/types\/product"}],"wp:featuredmedia":[{"embeddable":true,"href":"https:\/\/curiosart.fr\/es\/wp-json\/wp\/v2\/media\/3140"}],"wp:attachment":[{"href":"https:\/\/curiosart.fr\/es\/wp-json\/wp\/v2\/media?parent=3139"}],"wp:term":[{"taxonomy":"product_brand","embeddable":true,"href":"https:\/\/curiosart.fr\/es\/wp-json\/wp\/v2\/product_brand?post=3139"},{"taxonomy":"product_cat","embeddable":true,"href":"https:\/\/curiosart.fr\/es\/wp-json\/wp\/v2\/product_cat?post=3139"},{"taxonomy":"product_tag","embeddable":true,"href":"https:\/\/curiosart.fr\/es\/wp-json\/wp\/v2\/product_tag?post=3139"}],"curies":[{"name":"gracias","href":"https:\/\/api.w.org\/{rel}","templated":true}]}}