{"id":3022,"date":"2021-04-29T22:56:45","date_gmt":"2021-04-29T20:56:45","guid":{"rendered":"https:\/\/curiosart.fr\/?post_type=product&#038;p=3022"},"modified":"2023-07-03T13:03:09","modified_gmt":"2023-07-03T11:03:09","slug":"we-the-future-end-gun-violence","status":"publish","type":"product","link":"https:\/\/curiosart.fr\/es\/boutique\/nosotros-el-futuro-acabaremos-con-la-violencia-armada\/","title":{"rendered":"Nosotros, el futuro, ponemos fin a la violencia armada"},"content":{"rendered":"<p>MUNK ONE es un artista contempor\u00e1neo, ilustrador, cartelista y caricaturista pol\u00edtico de California. Es bien conocido por crear arte para los principales grupos discogr\u00e1ficos y marcas de fama mundial. Su bellas artes se ha exhibido en galer\u00edas tanto en el pa\u00eds como en el extranjero y sus carteles son ampliamente coleccionados y buscados.<\/p>","protected":false},"excerpt":{"rendered":"<h2><a href=\"https:\/\/curiosart.fr\/es\/boutique\/obedecer-nosotros-el-futuro-reescribir-la-ley\/\">Nosotros el futuro<\/a>, \u201cPoner fin a la violencia armada\u201d.<\/h2>\n<p>Retrato de Paul S. John por Munk One.<\/p>\n<p>Impresi\u00f3n offset.<br \/>\nDimensiones: 61 x 46 cm<\/p>","protected":false},"featured_media":3023,"template":"","meta":{"_uag_custom_page_level_css":"","site-sidebar-layout":"default","site-content-layout":"default","ast-site-content-layout":"default","site-content-style":"default","site-sidebar-style":"default","ast-global-header-display":"","ast-banner-title-visibility":"","ast-main-header-display":"","ast-hfb-above-header-display":"","ast-hfb-below-header-display":"","ast-hfb-mobile-header-display":"","site-post-title":"","ast-breadcrumbs-content":"","ast-featured-img":"","footer-sml-layout":"","ast-disable-related-posts":"","theme-transparent-header-meta":"default","adv-header-id-meta":"","stick-header-meta":"default","header-above-stick-meta":"","header-main-stick-meta":"","header-below-stick-meta":"","astra-migrate-meta-layouts":"default","ast-page-background-enabled":"default","ast-page-background-meta":{"desktop":{"background-color":"","background-image":"","background-repeat":"repeat","background-position":"center center","background-size":"auto","background-attachment":"scroll","background-type":"","background-media":"","overlay-type":"","overlay-color":"","overlay-opacity":"","overlay-gradient":""},"tablet":{"background-color":"","background-image":"","background-repeat":"repeat","background-position":"center center","background-size":"auto","background-attachment":"scroll","background-type":"","background-media":"","overlay-type":"","overlay-color":"","overlay-opacity":"","overlay-gradient":""},"mobile":{"background-color":"","background-image":"","background-repeat":"repeat","background-position":"center center","background-size":"auto","background-attachment":"scroll","background-type":"","background-media":"","overlay-type":"","overlay-color":"","overlay-opacity":"","overlay-gradient":""}},"ast-content-background-meta":{"desktop":{"background-color":"var(--ast-global-color-5)","background-image":"","background-repeat":"repeat","background-position":"center center","background-size":"auto","background-attachment":"scroll","background-type":"","background-media":"","overlay-type":"","overlay-color":"","overlay-opacity":"","overlay-gradient":""},"tablet":{"background-color":"var(--ast-global-color-5)","background-image":"","background-repeat":"repeat","background-position":"center center","background-size":"auto","background-attachment":"scroll","background-type":"","background-media":"","overlay-type":"","overlay-color":"","overlay-opacity":"","overlay-gradient":""},"mobile":{"background-color":"var(--ast-global-color-5)","background-image":"","background-repeat":"repeat","background-position":"center center","background-size":"auto","background-attachment":"scroll","background-type":"","background-media":"","overlay-type":"","overlay-color":"","overlay-opacity":"","overlay-gradient":""}}},"product_brand":[],"product_cat":[58,263],"product_tag":[],"class_list":{"0":"post-3022","1":"product","2":"type-product","3":"status-publish","4":"has-post-thumbnail","6":"product_cat-munk-one","7":"product_cat-affiches","8":"desktop-align-center","9":"tablet-align-center","10":"mobile-align-center","11":"ast-product-gallery-layout-horizontal","12":"ast-product-gallery-with-no-image","13":"ast-magnify-disabled","14":"ast-product-tabs-layout-horizontal","16":"first","17":"instock","18":"shipping-taxable","19":"purchasable","20":"product-type-simple"},"uagb_featured_image_src":{"full":["https:\/\/curiosart.fr\/wp-content\/uploads\/2021\/04\/IMG_4901-scaled.jpg",1893,2560,false],"thumbnail":["https:\/\/curiosart.fr\/wp-content\/uploads\/2021\/04\/IMG_4901-150x150.jpg",150,150,true],"medium":["https:\/\/curiosart.fr\/wp-content\/uploads\/2021\/04\/IMG_4901-222x300.jpg",222,300,true],"medium_large":["https:\/\/curiosart.fr\/wp-content\/uploads\/2021\/04\/IMG_4901-768x1039.jpg",768,1039,true],"large":["https:\/\/curiosart.fr\/wp-content\/uploads\/2021\/04\/IMG_4901-757x1024.jpg",757,1024,true],"1536x1536":["https:\/\/curiosart.fr\/wp-content\/uploads\/2021\/04\/IMG_4901-1136x1536.jpg",1136,1536,true],"2048x2048":["https:\/\/curiosart.fr\/wp-content\/uploads\/2021\/04\/IMG_4901-1514x2048.jpg",1514,2048,true],"trp-custom-language-flag":["https:\/\/curiosart.fr\/wp-content\/uploads\/2021\/04\/IMG_4901-9x12.jpg",9,12,true],"woocommerce_thumbnail":["https:\/\/curiosart.fr\/wp-content\/uploads\/2021\/04\/IMG_4901-scaled-200x270.jpg",200,270,true],"woocommerce_single":["https:\/\/curiosart.fr\/wp-content\/uploads\/2021\/04\/IMG_4901-scaled-400x541.jpg",400,541,true],"woocommerce_gallery_thumbnail":["https:\/\/curiosart.fr\/wp-content\/uploads\/2021\/04\/IMG_4901-scaled-111x150.jpg",111,150,true]},"uagb_author_info":{"display_name":"dfuzionadmin","author_link":"https:\/\/curiosart.fr\/es\/author\/"},"uagb_comment_info":0,"uagb_excerpt":"We The Future, \"End Gun violence\". Portrait de Paul S. John\u00a0par Munk One. Impression offset. Dimensions : 61 x 46 cm","_links":{"self":[{"href":"https:\/\/curiosart.fr\/es\/wp-json\/wp\/v2\/product\/3022","targetHints":{"allow":["GET"]}}],"collection":[{"href":"https:\/\/curiosart.fr\/es\/wp-json\/wp\/v2\/product"}],"about":[{"href":"https:\/\/curiosart.fr\/es\/wp-json\/wp\/v2\/types\/product"}],"wp:featuredmedia":[{"embeddable":true,"href":"https:\/\/curiosart.fr\/es\/wp-json\/wp\/v2\/media\/3023"}],"wp:attachment":[{"href":"https:\/\/curiosart.fr\/es\/wp-json\/wp\/v2\/media?parent=3022"}],"wp:term":[{"taxonomy":"product_brand","embeddable":true,"href":"https:\/\/curiosart.fr\/es\/wp-json\/wp\/v2\/product_brand?post=3022"},{"taxonomy":"product_cat","embeddable":true,"href":"https:\/\/curiosart.fr\/es\/wp-json\/wp\/v2\/product_cat?post=3022"},{"taxonomy":"product_tag","embeddable":true,"href":"https:\/\/curiosart.fr\/es\/wp-json\/wp\/v2\/product_tag?post=3022"}],"curies":[{"name":"gracias","href":"https:\/\/api.w.org\/{rel}","templated":true}]}}