{"id":3003,"date":"2021-04-17T18:17:49","date_gmt":"2021-04-17T16:17:49","guid":{"rendered":"https:\/\/curiosart.fr\/?post_type=product&#038;p=3003"},"modified":"2023-07-03T13:02:00","modified_gmt":"2023-07-03T11:02:00","slug":"we-the-future-amanda-gorman","status":"publish","type":"product","link":"https:\/\/curiosart.fr\/es\/boutique\/nosotros-el-futuro-amanda-gorman\/","title":{"rendered":"Nosotros, el futuro, escribimos tu propia liberaci\u00f3n"},"content":{"rendered":"<p>Kate DeCiccio es una artista, educadora y estratega creativa con sede en Oakland. Su trabajo se centra en el retrato para la contranarrativa, la narraci\u00f3n comunitaria y la estrategia cultural en nombre de la abolici\u00f3n y la liberaci\u00f3n colectiva.<\/p>\n<p>DeCiccio es el estratega cultural de Statistical Performance, un proyecto que ayuda a los organizadores juveniles a cerrar las prisiones juveniles en todo el pa\u00eds. Sus colaboraciones incluyen trabajos con The People&#039;s Paper Coop, The Painted Desert Project, 826 National, Critical Resistance, Survived and Punished, Planting Justice y Dear Frontline. La Fundaci\u00f3n Amplificador le encarg\u00f3 crear obras en nombre de la Marcha de las Mujeres, la Marcha de la Ciencia y la Marcha por Nuestras Vidas.<\/p>","protected":false},"excerpt":{"rendered":"<h2>Nosotros, el futuro, &quot;Escribe tu propia liberaci\u00f3n&quot;.<\/h2>\n<p>Mediante <a href=\"https:\/\/curiosart.fr\/es\/artistes\/kate-deciccio\/\">Kate deciccio<\/a>, Oakland, California. Retrato del poeta <a href=\"https:\/\/www.instagram.com\/amandascgorman\/\" target=\"_blank\" rel=\"noopener\" data-schema-attribute=\"\">Amanda Gorman<\/a>.<\/p>\n<p>Impresi\u00f3n offset.<br \/>\nDimensiones: 61 x 46 cm<\/p>","protected":false},"featured_media":3004,"template":"","meta":{"_uag_custom_page_level_css":"","site-sidebar-layout":"default","site-content-layout":"default","ast-site-content-layout":"default","site-content-style":"default","site-sidebar-style":"default","ast-global-header-display":"","ast-banner-title-visibility":"","ast-main-header-display":"","ast-hfb-above-header-display":"","ast-hfb-below-header-display":"","ast-hfb-mobile-header-display":"","site-post-title":"","ast-breadcrumbs-content":"","ast-featured-img":"","footer-sml-layout":"","ast-disable-related-posts":"","theme-transparent-header-meta":"default","adv-header-id-meta":"","stick-header-meta":"default","header-above-stick-meta":"","header-main-stick-meta":"","header-below-stick-meta":"","astra-migrate-meta-layouts":"default","ast-page-background-enabled":"default","ast-page-background-meta":{"desktop":{"background-color":"","background-image":"","background-repeat":"repeat","background-position":"center center","background-size":"auto","background-attachment":"scroll","background-type":"","background-media":"","overlay-type":"","overlay-color":"","overlay-opacity":"","overlay-gradient":""},"tablet":{"background-color":"","background-image":"","background-repeat":"repeat","background-position":"center center","background-size":"auto","background-attachment":"scroll","background-type":"","background-media":"","overlay-type":"","overlay-color":"","overlay-opacity":"","overlay-gradient":""},"mobile":{"background-color":"","background-image":"","background-repeat":"repeat","background-position":"center center","background-size":"auto","background-attachment":"scroll","background-type":"","background-media":"","overlay-type":"","overlay-color":"","overlay-opacity":"","overlay-gradient":""}},"ast-content-background-meta":{"desktop":{"background-color":"var(--ast-global-color-5)","background-image":"","background-repeat":"repeat","background-position":"center center","background-size":"auto","background-attachment":"scroll","background-type":"","background-media":"","overlay-type":"","overlay-color":"","overlay-opacity":"","overlay-gradient":""},"tablet":{"background-color":"var(--ast-global-color-5)","background-image":"","background-repeat":"repeat","background-position":"center center","background-size":"auto","background-attachment":"scroll","background-type":"","background-media":"","overlay-type":"","overlay-color":"","overlay-opacity":"","overlay-gradient":""},"mobile":{"background-color":"var(--ast-global-color-5)","background-image":"","background-repeat":"repeat","background-position":"center center","background-size":"auto","background-attachment":"scroll","background-type":"","background-media":"","overlay-type":"","overlay-color":"","overlay-opacity":"","overlay-gradient":""}}},"product_brand":[],"product_cat":[56,263],"product_tag":[],"class_list":{"0":"post-3003","1":"product","2":"type-product","3":"status-publish","4":"has-post-thumbnail","6":"product_cat-kate-deciccio","7":"product_cat-affiches","8":"desktop-align-center","9":"tablet-align-center","10":"mobile-align-center","11":"ast-product-gallery-layout-horizontal","12":"ast-product-gallery-with-no-image","13":"ast-magnify-disabled","14":"ast-product-tabs-layout-horizontal","16":"first","17":"instock","18":"shipping-taxable","19":"purchasable","20":"product-type-simple"},"uagb_featured_image_src":{"full":["https:\/\/curiosart.fr\/wp-content\/uploads\/2021\/04\/we-the-future-write-your-own-liberation.jpg-scaled.jpg",1918,2560,false],"thumbnail":["https:\/\/curiosart.fr\/wp-content\/uploads\/2021\/04\/we-the-future-write-your-own-liberation.jpg-150x150.jpg",150,150,true],"medium":["https:\/\/curiosart.fr\/wp-content\/uploads\/2021\/04\/we-the-future-write-your-own-liberation.jpg-225x300.jpg",225,300,true],"medium_large":["https:\/\/curiosart.fr\/wp-content\/uploads\/2021\/04\/we-the-future-write-your-own-liberation.jpg-768x1025.jpg",768,1025,true],"large":["https:\/\/curiosart.fr\/wp-content\/uploads\/2021\/04\/we-the-future-write-your-own-liberation.jpg-767x1024.jpg",767,1024,true],"1536x1536":["https:\/\/curiosart.fr\/wp-content\/uploads\/2021\/04\/we-the-future-write-your-own-liberation.jpg-1151x1536.jpg",1151,1536,true],"2048x2048":["https:\/\/curiosart.fr\/wp-content\/uploads\/2021\/04\/we-the-future-write-your-own-liberation.jpg-1535x2048.jpg",1535,2048,true],"trp-custom-language-flag":["https:\/\/curiosart.fr\/wp-content\/uploads\/2021\/04\/we-the-future-write-your-own-liberation.jpg-9x12.jpg",9,12,true],"woocommerce_thumbnail":["https:\/\/curiosart.fr\/wp-content\/uploads\/2021\/04\/we-the-future-write-your-own-liberation.jpg-scaled-200x267.jpg",200,267,true],"woocommerce_single":["https:\/\/curiosart.fr\/wp-content\/uploads\/2021\/04\/we-the-future-write-your-own-liberation.jpg-scaled-400x534.jpg",400,534,true],"woocommerce_gallery_thumbnail":["https:\/\/curiosart.fr\/wp-content\/uploads\/2021\/04\/we-the-future-write-your-own-liberation.jpg-scaled-112x150.jpg",112,150,true]},"uagb_author_info":{"display_name":"dfuzionadmin","author_link":"https:\/\/curiosart.fr\/es\/author\/"},"uagb_comment_info":0,"uagb_excerpt":"We The Future, \"Write Your Own Liberation\". Par Kate Deciccio, Oakland, Californie. Portrait de la po\u00e9tesse Amanda Gorman. Impression offset. Dimensions : 61 x 46 cm","_links":{"self":[{"href":"https:\/\/curiosart.fr\/es\/wp-json\/wp\/v2\/product\/3003","targetHints":{"allow":["GET"]}}],"collection":[{"href":"https:\/\/curiosart.fr\/es\/wp-json\/wp\/v2\/product"}],"about":[{"href":"https:\/\/curiosart.fr\/es\/wp-json\/wp\/v2\/types\/product"}],"wp:featuredmedia":[{"embeddable":true,"href":"https:\/\/curiosart.fr\/es\/wp-json\/wp\/v2\/media\/3004"}],"wp:attachment":[{"href":"https:\/\/curiosart.fr\/es\/wp-json\/wp\/v2\/media?parent=3003"}],"wp:term":[{"taxonomy":"product_brand","embeddable":true,"href":"https:\/\/curiosart.fr\/es\/wp-json\/wp\/v2\/product_brand?post=3003"},{"taxonomy":"product_cat","embeddable":true,"href":"https:\/\/curiosart.fr\/es\/wp-json\/wp\/v2\/product_cat?post=3003"},{"taxonomy":"product_tag","embeddable":true,"href":"https:\/\/curiosart.fr\/es\/wp-json\/wp\/v2\/product_tag?post=3003"}],"curies":[{"name":"gracias","href":"https:\/\/api.w.org\/{rel}","templated":true}]}}