{"id":2948,"date":"2021-03-28T15:07:25","date_gmt":"2021-03-28T13:07:25","guid":{"rendered":"https:\/\/curiosart.fr\/?post_type=product&#038;p=2948"},"modified":"2021-06-13T16:22:32","modified_gmt":"2021-06-13T14:22:32","slug":"madame-home-sweet-home","status":"publish","type":"product","link":"https:\/\/curiosart.fr\/es\/boutique\/senora-hogar-dulce-hogar\/","title":{"rendered":"Hogar dulce hogar"},"content":{"rendered":"","protected":false},"excerpt":{"rendered":"<h2>\u201cHogar dulce hogar\u201d del artista <a href=\"https:\/\/www.youtube.com\/watch?v=qnoDuXmmuo8\" target=\"_blank\" rel=\"noopener\" data-schema-attribute=\"\">Madame Moustache.<\/a><\/h2>\n<p>Imprimir en <a href=\"\/es\/editions\/digigraphies\/\">impresi\u00f3n de pigmento<\/a> original.<br \/>\nImpreso en papel Etching Rag 310g.<br \/>\nEdici\u00f3n limitada de 25 ejemplares numerados y firmados por el artista.<br \/>\nTama\u00f1o de papel 40 x 30 cm<\/p>","protected":false},"featured_media":2952,"template":"","meta":{"_uag_custom_page_level_css":"","site-sidebar-layout":"default","site-content-layout":"default","ast-site-content-layout":"default","site-content-style":"default","site-sidebar-style":"default","ast-global-header-display":"","ast-banner-title-visibility":"","ast-main-header-display":"","ast-hfb-above-header-display":"","ast-hfb-below-header-display":"","ast-hfb-mobile-header-display":"","site-post-title":"","ast-breadcrumbs-content":"","ast-featured-img":"","footer-sml-layout":"","ast-disable-related-posts":"","theme-transparent-header-meta":"default","adv-header-id-meta":"","stick-header-meta":"default","header-above-stick-meta":"","header-main-stick-meta":"","header-below-stick-meta":"","astra-migrate-meta-layouts":"default","ast-page-background-enabled":"default","ast-page-background-meta":{"desktop":{"background-color":"","background-image":"","background-repeat":"repeat","background-position":"center center","background-size":"auto","background-attachment":"scroll","background-type":"","background-media":"","overlay-type":"","overlay-color":"","overlay-opacity":"","overlay-gradient":""},"tablet":{"background-color":"","background-image":"","background-repeat":"repeat","background-position":"center center","background-size":"auto","background-attachment":"scroll","background-type":"","background-media":"","overlay-type":"","overlay-color":"","overlay-opacity":"","overlay-gradient":""},"mobile":{"background-color":"","background-image":"","background-repeat":"repeat","background-position":"center center","background-size":"auto","background-attachment":"scroll","background-type":"","background-media":"","overlay-type":"","overlay-color":"","overlay-opacity":"","overlay-gradient":""}},"ast-content-background-meta":{"desktop":{"background-color":"var(--ast-global-color-5)","background-image":"","background-repeat":"repeat","background-position":"center center","background-size":"auto","background-attachment":"scroll","background-type":"","background-media":"","overlay-type":"","overlay-color":"","overlay-opacity":"","overlay-gradient":""},"tablet":{"background-color":"var(--ast-global-color-5)","background-image":"","background-repeat":"repeat","background-position":"center center","background-size":"auto","background-attachment":"scroll","background-type":"","background-media":"","overlay-type":"","overlay-color":"","overlay-opacity":"","overlay-gradient":""},"mobile":{"background-color":"var(--ast-global-color-5)","background-image":"","background-repeat":"repeat","background-position":"center center","background-size":"auto","background-attachment":"scroll","background-type":"","background-media":"","overlay-type":"","overlay-color":"","overlay-opacity":"","overlay-gradient":""}}},"product_brand":[],"product_cat":[47,24],"product_tag":[],"class_list":{"0":"post-2948","1":"product","2":"type-product","3":"status-publish","4":"has-post-thumbnail","6":"product_cat-madame-moustache","7":"product_cat-digigraphies","8":"desktop-align-center","9":"tablet-align-center","10":"mobile-align-center","11":"ast-product-gallery-layout-horizontal","12":"ast-magnify-disabled","13":"ast-product-tabs-layout-horizontal","15":"first","16":"instock","17":"shipping-taxable","18":"purchasable","19":"product-type-simple"},"uagb_featured_image_src":{"full":["https:\/\/curiosart.fr\/wp-content\/uploads\/2021\/03\/IMG_4708-scaled.jpeg",1929,2560,false],"thumbnail":["https:\/\/curiosart.fr\/wp-content\/uploads\/2021\/03\/IMG_4708-150x150.jpeg",150,150,true],"medium":["https:\/\/curiosart.fr\/wp-content\/uploads\/2021\/03\/IMG_4708-226x300.jpeg",226,300,true],"medium_large":["https:\/\/curiosart.fr\/wp-content\/uploads\/2021\/03\/IMG_4708-768x1019.jpeg",768,1019,true],"large":["https:\/\/curiosart.fr\/wp-content\/uploads\/2021\/03\/IMG_4708-771x1024.jpeg",771,1024,true],"1536x1536":["https:\/\/curiosart.fr\/wp-content\/uploads\/2021\/03\/IMG_4708-1157x1536.jpeg",1157,1536,true],"2048x2048":["https:\/\/curiosart.fr\/wp-content\/uploads\/2021\/03\/IMG_4708-1543x2048.jpeg",1543,2048,true],"trp-custom-language-flag":["https:\/\/curiosart.fr\/wp-content\/uploads\/2021\/03\/IMG_4708-9x12.jpeg",9,12,true],"woocommerce_thumbnail":["https:\/\/curiosart.fr\/wp-content\/uploads\/2021\/03\/IMG_4708-scaled-200x265.jpeg",200,265,true],"woocommerce_single":["https:\/\/curiosart.fr\/wp-content\/uploads\/2021\/03\/IMG_4708-scaled-400x531.jpeg",400,531,true],"woocommerce_gallery_thumbnail":["https:\/\/curiosart.fr\/wp-content\/uploads\/2021\/03\/IMG_4708-scaled-113x150.jpeg",113,150,true]},"uagb_author_info":{"display_name":"dfuzionadmin","author_link":"https:\/\/curiosart.fr\/es\/author\/"},"uagb_comment_info":0,"uagb_excerpt":"\"Home Sweet Home\" par l'artiste Madame Moustache. Estampe en tirage pigmentaire original. Impression sur papier Etching Rag 310g. \u00c9dition limit\u00e9e 25 exemplaires num\u00e9rot\u00e9 et sign\u00e9 par l'artiste. Format papier 40 x 30 cm","_links":{"self":[{"href":"https:\/\/curiosart.fr\/es\/wp-json\/wp\/v2\/product\/2948","targetHints":{"allow":["GET"]}}],"collection":[{"href":"https:\/\/curiosart.fr\/es\/wp-json\/wp\/v2\/product"}],"about":[{"href":"https:\/\/curiosart.fr\/es\/wp-json\/wp\/v2\/types\/product"}],"wp:featuredmedia":[{"embeddable":true,"href":"https:\/\/curiosart.fr\/es\/wp-json\/wp\/v2\/media\/2952"}],"wp:attachment":[{"href":"https:\/\/curiosart.fr\/es\/wp-json\/wp\/v2\/media?parent=2948"}],"wp:term":[{"taxonomy":"product_brand","embeddable":true,"href":"https:\/\/curiosart.fr\/es\/wp-json\/wp\/v2\/product_brand?post=2948"},{"taxonomy":"product_cat","embeddable":true,"href":"https:\/\/curiosart.fr\/es\/wp-json\/wp\/v2\/product_cat?post=2948"},{"taxonomy":"product_tag","embeddable":true,"href":"https:\/\/curiosart.fr\/es\/wp-json\/wp\/v2\/product_tag?post=2948"}],"curies":[{"name":"gracias","href":"https:\/\/api.w.org\/{rel}","templated":true}]}}