{"id":2712,"date":"2021-02-06T16:22:23","date_gmt":"2021-02-06T15:22:23","guid":{"rendered":"https:\/\/curiosart.fr\/?post_type=product&#038;p=2712"},"modified":"2025-09-01T08:39:38","modified_gmt":"2025-09-01T06:39:38","slug":"obey-pax-romana","status":"publish","type":"product","link":"https:\/\/curiosart.fr\/es\/boutique\/obedecer-la-pax-romana\/","title":{"rendered":"Pax Romana"},"content":{"rendered":"<p>Shepard Fairey, quien naci\u00f3 en 1970 en Charleston, Estados Unidos y se gradu\u00f3 de la BA Rhode Island School of Design, ahora vive y trabaja en Los \u00c1ngeles. Viniendo de la escena del skate, se dio a conocer por primera vez a trav\u00e9s de las pegatinas de Andr\u00e9 the Giant Has a Posse, que le dieron la campa\u00f1a Obey Giant. Su trabajo gan\u00f3 reconocimiento mundial durante la campa\u00f1a presidencial estadounidense de 2008, con la creaci\u00f3n del cartel HOPE de Barack Obama que se convertir\u00eda en una imagen ic\u00f3nica de la campa\u00f1a.<br \/>\nEl Instituto de Arte Contempor\u00e1neo de Boston considera que Obey es uno de los mejores y m\u00e1s influyentes artistas de Street Art del momento.<\/p>","protected":false},"excerpt":{"rendered":"<h2>Sheppard Fairey (<a href=\"https:\/\/fr.wikipedia.org\/wiki\/Pax_Romana\" target=\"_blank\" rel=\"noopener\">Obey<\/a>) y <a href=\"https:\/\/curiosart.fr\/es\/boutique\/obedecer-soluciones-sonicas-mea-culpa\/\">Soluciones s\u00f3nicas<\/a> C \u00aa.<\/h2>\n<p>Pax Romana (expresi\u00f3n latina traducida como &quot;paz romana&quot;) designa el largo per\u00edodo de paz ...<\/p>\n<p>Serigraf\u00eda en Coventry Rag, papel de archivo de algod\u00f3n 100% personalizado.<br \/>\nDimensiones: 24 x 24 pulgadas (61 x 61 cm).<br \/>\nFirmado por <a href=\"\/es\/artistes\/obey-shepard-fairey\/\">Shepard Fairey<\/a> y miembros del grupo SSI.<br \/>\nEdici\u00f3n numerada de 100.<br \/>\nSe vende con certificado de autenticidad.<\/p>","protected":false},"featured_media":2795,"template":"","meta":{"_uag_custom_page_level_css":"","site-sidebar-layout":"default","site-content-layout":"default","ast-site-content-layout":"default","site-content-style":"default","site-sidebar-style":"default","ast-global-header-display":"","ast-banner-title-visibility":"","ast-main-header-display":"","ast-hfb-above-header-display":"","ast-hfb-below-header-display":"","ast-hfb-mobile-header-display":"","site-post-title":"","ast-breadcrumbs-content":"","ast-featured-img":"","footer-sml-layout":"","ast-disable-related-posts":"","theme-transparent-header-meta":"default","adv-header-id-meta":"","stick-header-meta":"default","header-above-stick-meta":"","header-main-stick-meta":"","header-below-stick-meta":"","astra-migrate-meta-layouts":"default","ast-page-background-enabled":"default","ast-page-background-meta":{"desktop":{"background-color":"","background-image":"","background-repeat":"repeat","background-position":"center center","background-size":"auto","background-attachment":"scroll","background-type":"","background-media":"","overlay-type":"","overlay-color":"","overlay-opacity":"","overlay-gradient":""},"tablet":{"background-color":"","background-image":"","background-repeat":"repeat","background-position":"center center","background-size":"auto","background-attachment":"scroll","background-type":"","background-media":"","overlay-type":"","overlay-color":"","overlay-opacity":"","overlay-gradient":""},"mobile":{"background-color":"","background-image":"","background-repeat":"repeat","background-position":"center center","background-size":"auto","background-attachment":"scroll","background-type":"","background-media":"","overlay-type":"","overlay-color":"","overlay-opacity":"","overlay-gradient":""}},"ast-content-background-meta":{"desktop":{"background-color":"var(--ast-global-color-5)","background-image":"","background-repeat":"repeat","background-position":"center center","background-size":"auto","background-attachment":"scroll","background-type":"","background-media":"","overlay-type":"","overlay-color":"","overlay-opacity":"","overlay-gradient":""},"tablet":{"background-color":"var(--ast-global-color-5)","background-image":"","background-repeat":"repeat","background-position":"center center","background-size":"auto","background-attachment":"scroll","background-type":"","background-media":"","overlay-type":"","overlay-color":"","overlay-opacity":"","overlay-gradient":""},"mobile":{"background-color":"var(--ast-global-color-5)","background-image":"","background-repeat":"repeat","background-position":"center center","background-size":"auto","background-attachment":"scroll","background-type":"","background-media":"","overlay-type":"","overlay-color":"","overlay-opacity":"","overlay-gradient":""}}},"product_brand":[],"product_cat":[22,19],"product_tag":[],"class_list":{"0":"post-2712","1":"product","2":"type-product","3":"status-publish","4":"has-post-thumbnail","6":"product_cat-obey-shepard-fairey","7":"product_cat-serigraphies","8":"desktop-align-center","9":"tablet-align-center","10":"mobile-align-center","11":"ast-product-gallery-layout-horizontal","12":"ast-magnify-disabled","13":"ast-product-tabs-layout-horizontal","15":"first","16":"instock","17":"shipping-taxable","18":"purchasable","19":"product-type-simple"},"uagb_featured_image_src":{"full":["https:\/\/curiosart.fr\/wp-content\/uploads\/2021\/02\/SGSPosters_Aug2020-131-1-e1613030022433.jpg",2256,2250,false],"thumbnail":["https:\/\/curiosart.fr\/wp-content\/uploads\/2021\/02\/SGSPosters_Aug2020-131-1-e1613030022433-150x150.jpg",150,150,true],"medium":["https:\/\/curiosart.fr\/wp-content\/uploads\/2021\/02\/SGSPosters_Aug2020-131-1-e1613030022433-300x300.jpg",300,300,true],"medium_large":["https:\/\/curiosart.fr\/wp-content\/uploads\/2021\/02\/SGSPosters_Aug2020-131-1-e1613030022433-768x766.jpg",768,766,true],"large":["https:\/\/curiosart.fr\/wp-content\/uploads\/2021\/02\/SGSPosters_Aug2020-131-1-e1613030022433-1024x1021.jpg",1024,1021,true],"1536x1536":["https:\/\/curiosart.fr\/wp-content\/uploads\/2021\/02\/SGSPosters_Aug2020-131-1-e1613030022433-1536x1532.jpg",1536,1532,true],"2048x2048":["https:\/\/curiosart.fr\/wp-content\/uploads\/2021\/02\/SGSPosters_Aug2020-131-1-e1613030022433-2048x2043.jpg",2048,2043,true],"trp-custom-language-flag":["https:\/\/curiosart.fr\/wp-content\/uploads\/2021\/02\/SGSPosters_Aug2020-131-1-e1613030022433.jpg",12,12,false],"woocommerce_thumbnail":["https:\/\/curiosart.fr\/wp-content\/uploads\/2021\/02\/SGSPosters_Aug2020-131-1-e1613030022433-200x199.jpg",200,199,true],"woocommerce_single":["https:\/\/curiosart.fr\/wp-content\/uploads\/2021\/02\/SGSPosters_Aug2020-131-1-e1613030022433-400x399.jpg",400,399,true],"woocommerce_gallery_thumbnail":["https:\/\/curiosart.fr\/wp-content\/uploads\/2021\/02\/SGSPosters_Aug2020-131-1-e1613030022433-150x150.jpg",150,150,true]},"uagb_author_info":{"display_name":"dfuzionadmin","author_link":"https:\/\/curiosart.fr\/es\/author\/"},"uagb_comment_info":0,"uagb_excerpt":"Sheppard Fairey (Obey) et Sonic Solutions Inc. La Pax Romana (expression latine traduite par \u00ab paix romaine \u00bb) d\u00e9signe la longue p\u00e9riode de paix... S\u00e9rigraphie sur Coventry Rag, papier d'archivage 100% coton personnalis\u00e9. Dimensions : 24 x 24 pouces (61 x 61 cm). Sign\u00e9 par Shepard Fairey et les membres du groupe SSI. \u00c9dition num\u00e9rot\u00e9e&hellip;","_links":{"self":[{"href":"https:\/\/curiosart.fr\/es\/wp-json\/wp\/v2\/product\/2712","targetHints":{"allow":["GET"]}}],"collection":[{"href":"https:\/\/curiosart.fr\/es\/wp-json\/wp\/v2\/product"}],"about":[{"href":"https:\/\/curiosart.fr\/es\/wp-json\/wp\/v2\/types\/product"}],"wp:featuredmedia":[{"embeddable":true,"href":"https:\/\/curiosart.fr\/es\/wp-json\/wp\/v2\/media\/2795"}],"wp:attachment":[{"href":"https:\/\/curiosart.fr\/es\/wp-json\/wp\/v2\/media?parent=2712"}],"wp:term":[{"taxonomy":"product_brand","embeddable":true,"href":"https:\/\/curiosart.fr\/es\/wp-json\/wp\/v2\/product_brand?post=2712"},{"taxonomy":"product_cat","embeddable":true,"href":"https:\/\/curiosart.fr\/es\/wp-json\/wp\/v2\/product_cat?post=2712"},{"taxonomy":"product_tag","embeddable":true,"href":"https:\/\/curiosart.fr\/es\/wp-json\/wp\/v2\/product_tag?post=2712"}],"curies":[{"name":"gracias","href":"https:\/\/api.w.org\/{rel}","templated":true}]}}