{"id":2608,"date":"2021-02-03T08:22:26","date_gmt":"2021-02-03T07:22:26","guid":{"rendered":"https:\/\/curiosart.fr\/?post_type=product&#038;p=2608"},"modified":"2021-09-26T11:57:40","modified_gmt":"2021-09-26T09:57:40","slug":"madame-a-ecrire-sur-sa-peau","status":"publish","type":"product","link":"https:\/\/curiosart.fr\/es\/boutique\/senora-para-escribir-en-su-piel\/","title":{"rendered":"Para escribir en su piel"},"content":{"rendered":"","protected":false},"excerpt":{"rendered":"<h2>\u201cEscribiendo sobre la piel uno se convert\u00eda en papel\u201d del artista <a href=\"https:\/\/www.youtube.com\/watch?v=qnoDuXmmuo8\" target=\"_blank\" rel=\"noopener\" data-schema-attribute=\"\">Madame Moustache.<\/a><\/h2>\n<p>Edici\u00f3n de artista en 5 ejemplares.<br \/>\n<a href=\"\/es\/editions\/lithographies\/\">Litograf\u00eda<\/a> original en papel de algod\u00f3n sin \u00e1cido Rives 250g.<br \/>\nFirmado a mano y numerado a lapiz.<br \/>\nSello seco del editor.<br \/>\nDimensiones: 56 x 38 cm<\/p>","protected":false},"featured_media":2609,"template":"","meta":{"_uag_custom_page_level_css":"","site-sidebar-layout":"default","site-content-layout":"default","ast-site-content-layout":"default","site-content-style":"default","site-sidebar-style":"default","ast-global-header-display":"","ast-banner-title-visibility":"","ast-main-header-display":"","ast-hfb-above-header-display":"","ast-hfb-below-header-display":"","ast-hfb-mobile-header-display":"","site-post-title":"","ast-breadcrumbs-content":"","ast-featured-img":"","footer-sml-layout":"","ast-disable-related-posts":"","theme-transparent-header-meta":"default","adv-header-id-meta":"","stick-header-meta":"default","header-above-stick-meta":"","header-main-stick-meta":"","header-below-stick-meta":"","astra-migrate-meta-layouts":"default","ast-page-background-enabled":"default","ast-page-background-meta":{"desktop":{"background-color":"","background-image":"","background-repeat":"repeat","background-position":"center center","background-size":"auto","background-attachment":"scroll","background-type":"","background-media":"","overlay-type":"","overlay-color":"","overlay-opacity":"","overlay-gradient":""},"tablet":{"background-color":"","background-image":"","background-repeat":"repeat","background-position":"center center","background-size":"auto","background-attachment":"scroll","background-type":"","background-media":"","overlay-type":"","overlay-color":"","overlay-opacity":"","overlay-gradient":""},"mobile":{"background-color":"","background-image":"","background-repeat":"repeat","background-position":"center center","background-size":"auto","background-attachment":"scroll","background-type":"","background-media":"","overlay-type":"","overlay-color":"","overlay-opacity":"","overlay-gradient":""}},"ast-content-background-meta":{"desktop":{"background-color":"var(--ast-global-color-5)","background-image":"","background-repeat":"repeat","background-position":"center center","background-size":"auto","background-attachment":"scroll","background-type":"","background-media":"","overlay-type":"","overlay-color":"","overlay-opacity":"","overlay-gradient":""},"tablet":{"background-color":"var(--ast-global-color-5)","background-image":"","background-repeat":"repeat","background-position":"center center","background-size":"auto","background-attachment":"scroll","background-type":"","background-media":"","overlay-type":"","overlay-color":"","overlay-opacity":"","overlay-gradient":""},"mobile":{"background-color":"var(--ast-global-color-5)","background-image":"","background-repeat":"repeat","background-position":"center center","background-size":"auto","background-attachment":"scroll","background-type":"","background-media":"","overlay-type":"","overlay-color":"","overlay-opacity":"","overlay-gradient":""}}},"product_brand":[],"product_cat":[47,18],"product_tag":[],"class_list":{"0":"post-2608","1":"product","2":"type-product","3":"status-publish","4":"has-post-thumbnail","6":"product_cat-madame-moustache","7":"product_cat-lithographies","8":"desktop-align-center","9":"tablet-align-center","10":"mobile-align-center","11":"ast-product-gallery-layout-horizontal","12":"ast-product-gallery-with-no-image","13":"ast-magnify-disabled","14":"ast-product-tabs-layout-horizontal","16":"first","17":"outofstock","18":"shipping-taxable","19":"product-type-simple"},"uagb_featured_image_src":{"full":["https:\/\/curiosart.fr\/wp-content\/uploads\/2021\/02\/Madame-ecrire-sur-sa-peau-scaled.jpg",1835,2560,false],"thumbnail":["https:\/\/curiosart.fr\/wp-content\/uploads\/2021\/02\/Madame-ecrire-sur-sa-peau-150x150.jpg",150,150,true],"medium":["https:\/\/curiosart.fr\/wp-content\/uploads\/2021\/02\/Madame-ecrire-sur-sa-peau-215x300.jpg",215,300,true],"medium_large":["https:\/\/curiosart.fr\/wp-content\/uploads\/2021\/02\/Madame-ecrire-sur-sa-peau-768x1071.jpg",768,1071,true],"large":["https:\/\/curiosart.fr\/wp-content\/uploads\/2021\/02\/Madame-ecrire-sur-sa-peau-734x1024.jpg",734,1024,true],"1536x1536":["https:\/\/curiosart.fr\/wp-content\/uploads\/2021\/02\/Madame-ecrire-sur-sa-peau-1101x1536.jpg",1101,1536,true],"2048x2048":["https:\/\/curiosart.fr\/wp-content\/uploads\/2021\/02\/Madame-ecrire-sur-sa-peau-1468x2048.jpg",1468,2048,true],"trp-custom-language-flag":["https:\/\/curiosart.fr\/wp-content\/uploads\/2021\/02\/Madame-ecrire-sur-sa-peau-scaled.jpg",9,12,false],"woocommerce_thumbnail":["https:\/\/curiosart.fr\/wp-content\/uploads\/2021\/02\/Madame-ecrire-sur-sa-peau-scaled-200x279.jpg",200,279,true],"woocommerce_single":["https:\/\/curiosart.fr\/wp-content\/uploads\/2021\/02\/Madame-ecrire-sur-sa-peau-scaled-400x558.jpg",400,558,true],"woocommerce_gallery_thumbnail":["https:\/\/curiosart.fr\/wp-content\/uploads\/2021\/02\/Madame-ecrire-sur-sa-peau-scaled-108x150.jpg",108,150,true]},"uagb_author_info":{"display_name":"dfuzionadmin","author_link":"https:\/\/curiosart.fr\/es\/author\/"},"uagb_comment_info":0,"uagb_excerpt":"\"A \u00e9crire sur sa peau on faisait un papier de soi\" par l'artiste Madame Moustache. Edition d'artiste en 5ex. Lithographie originale sur papier coton Rives 250g sans acide. Sign\u00e9e \u00e0 la main et num\u00e9rot\u00e9e au crayon. Tampon sec de l'\u00e9diteur. Dimensions : 56 x 38 cm","_links":{"self":[{"href":"https:\/\/curiosart.fr\/es\/wp-json\/wp\/v2\/product\/2608","targetHints":{"allow":["GET"]}}],"collection":[{"href":"https:\/\/curiosart.fr\/es\/wp-json\/wp\/v2\/product"}],"about":[{"href":"https:\/\/curiosart.fr\/es\/wp-json\/wp\/v2\/types\/product"}],"wp:featuredmedia":[{"embeddable":true,"href":"https:\/\/curiosart.fr\/es\/wp-json\/wp\/v2\/media\/2609"}],"wp:attachment":[{"href":"https:\/\/curiosart.fr\/es\/wp-json\/wp\/v2\/media?parent=2608"}],"wp:term":[{"taxonomy":"product_brand","embeddable":true,"href":"https:\/\/curiosart.fr\/es\/wp-json\/wp\/v2\/product_brand?post=2608"},{"taxonomy":"product_cat","embeddable":true,"href":"https:\/\/curiosart.fr\/es\/wp-json\/wp\/v2\/product_cat?post=2608"},{"taxonomy":"product_tag","embeddable":true,"href":"https:\/\/curiosart.fr\/es\/wp-json\/wp\/v2\/product_tag?post=2608"}],"curies":[{"name":"gracias","href":"https:\/\/api.w.org\/{rel}","templated":true}]}}