{"id":2578,"date":"2021-02-02T08:33:06","date_gmt":"2021-02-02T07:33:06","guid":{"rendered":"https:\/\/curiosart.fr\/?post_type=product&#038;p=2578"},"modified":"2023-01-16T17:38:20","modified_gmt":"2023-01-16T16:38:20","slug":"invader-map-marseille","status":"publish","type":"product","link":"https:\/\/curiosart.fr\/es\/boutique\/mapa-invasor-marsella\/","title":{"rendered":"Invasor, invasi\u00f3n de Marsella"},"content":{"rendered":"<p><b><span class=\"lang-en\" lang=\"en\">Invader<\/span><\/b>\u00a0es un artista callejero y mosaiquista franc\u00e9s, nacido en Francia en 1969. Desde 1996 ha estado instalando una serie de\u00a0<i><span class=\"lang-en\" lang=\"en\"><a title=\"Invasores espaciales\" href=\"https:\/\/fr.wikipedia.org\/wiki\/Space_Invaders\" rel=\"nofollow noopener\" target=\"_blank\">Invasores espaciales<\/a><\/span><\/i>, hecho en\u00a0<a title=\"Mosaico\" href=\"https:\/\/fr.wikipedia.org\/wiki\/Mosa%C3%AFque\" rel=\"nofollow noopener\" target=\"_blank\">mosaicos<\/a>, en las paredes de las grandes metr\u00f3polis internacionales.<\/p>","protected":false},"excerpt":{"rendered":"<h2>Mapa de invasi\u00f3n de <a href=\"https:\/\/mamo.fr\/expositions\/invader-was-here\/\" target=\"_blank\" rel=\"noopener\" data-schema-attribute=\"\">Marsella<\/a> N \u00b0 26 - <a href=\"\/es\/artistes\/invader\/\" target=\"_blank\" rel=\"noopener\">Invader<\/a><\/h2>\n<p>Tama\u00f1o plegado: 12 X 20 cm<br \/>\nTama\u00f1o desplegado: 96 x 60 cm<br \/>\nFecha: 2020<br \/>\n<strong>\u00a1De nuevo en existencia!<\/strong><\/p>\n<p>Desde las Calanques hasta Notre-Dame de la Garde, pasando por el Puerto Viejo, l&#039;Estaque, la Corniche, los distritos del norte, el Cours Julien o las Baumettes\u2026, Invader ha aplicado su concepto de \u201cacupuntura urbana\u201d que ofrece una exploraci\u00f3n de un territorio, a trav\u00e9s de obras estrat\u00e9gicamente ubicadas.<br \/>\nEste \u201cMapa de invasi\u00f3n\u201d permite seguir los pasos del artista en la ciudad y visualizar el alcance de la intervenci\u00f3n.<\/p>\n<p>Una exposici\u00f3n &quot;Invader Was Here&quot; estuvo visible en el verano de 2020 en <a href=\"https:\/\/mamo.fr\/expositions\/invader-was-here\/\" target=\"_blank\" rel=\"nofollow noopener\">MAMO<\/a> en Marsella, en la Cit\u00e9 Radieuse de Le Corbusier. es aqu\u00ed que<a href=\"https:\/\/mamo.fr\/historique\/\" target=\"_blank\" rel=\"noopener\">Ora Ito<\/a> establece un lugar de creaci\u00f3n art\u00edstica.<\/p>\n<p>Mediante <a href=\"https:\/\/www.space-invaders.com\/home\/\" target=\"_blank\" rel=\"nofollow noopener\" data-schema-attribute=\"\">El invasor estuvo aqu\u00ed.<\/a><\/p>","protected":false},"featured_media":3398,"template":"","meta":{"_uag_custom_page_level_css":"","site-sidebar-layout":"default","site-content-layout":"default","ast-site-content-layout":"default","site-content-style":"default","site-sidebar-style":"default","ast-global-header-display":"","ast-banner-title-visibility":"","ast-main-header-display":"","ast-hfb-above-header-display":"","ast-hfb-below-header-display":"","ast-hfb-mobile-header-display":"","site-post-title":"","ast-breadcrumbs-content":"","ast-featured-img":"","footer-sml-layout":"","ast-disable-related-posts":"","theme-transparent-header-meta":"default","adv-header-id-meta":"","stick-header-meta":"default","header-above-stick-meta":"","header-main-stick-meta":"","header-below-stick-meta":"","astra-migrate-meta-layouts":"default","ast-page-background-enabled":"default","ast-page-background-meta":{"desktop":{"background-color":"","background-image":"","background-repeat":"repeat","background-position":"center center","background-size":"auto","background-attachment":"scroll","background-type":"","background-media":"","overlay-type":"","overlay-color":"","overlay-opacity":"","overlay-gradient":""},"tablet":{"background-color":"","background-image":"","background-repeat":"repeat","background-position":"center center","background-size":"auto","background-attachment":"scroll","background-type":"","background-media":"","overlay-type":"","overlay-color":"","overlay-opacity":"","overlay-gradient":""},"mobile":{"background-color":"","background-image":"","background-repeat":"repeat","background-position":"center center","background-size":"auto","background-attachment":"scroll","background-type":"","background-media":"","overlay-type":"","overlay-color":"","overlay-opacity":"","overlay-gradient":""}},"ast-content-background-meta":{"desktop":{"background-color":"var(--ast-global-color-5)","background-image":"","background-repeat":"repeat","background-position":"center center","background-size":"auto","background-attachment":"scroll","background-type":"","background-media":"","overlay-type":"","overlay-color":"","overlay-opacity":"","overlay-gradient":""},"tablet":{"background-color":"var(--ast-global-color-5)","background-image":"","background-repeat":"repeat","background-position":"center center","background-size":"auto","background-attachment":"scroll","background-type":"","background-media":"","overlay-type":"","overlay-color":"","overlay-opacity":"","overlay-gradient":""},"mobile":{"background-color":"var(--ast-global-color-5)","background-image":"","background-repeat":"repeat","background-position":"center center","background-size":"auto","background-attachment":"scroll","background-type":"","background-media":"","overlay-type":"","overlay-color":"","overlay-opacity":"","overlay-gradient":""}}},"product_brand":[],"product_cat":[39,23],"product_tag":[],"class_list":{"0":"post-2578","1":"product","2":"type-product","3":"status-publish","4":"has-post-thumbnail","6":"product_cat-invader","7":"product_cat-autres","8":"desktop-align-center","9":"tablet-align-center","10":"mobile-align-center","11":"ast-product-gallery-layout-horizontal","12":"ast-magnify-disabled","13":"ast-product-tabs-layout-horizontal","15":"first","16":"outofstock","17":"shipping-taxable","18":"purchasable","19":"product-type-simple"},"uagb_featured_image_src":{"full":["https:\/\/curiosart.fr\/wp-content\/uploads\/2022\/04\/Invader-marseille-11.jpg",1024,1017,false],"thumbnail":["https:\/\/curiosart.fr\/wp-content\/uploads\/2022\/04\/Invader-marseille-11-150x150.jpg",150,150,true],"medium":["https:\/\/curiosart.fr\/wp-content\/uploads\/2022\/04\/Invader-marseille-11-300x298.jpg",300,298,true],"medium_large":["https:\/\/curiosart.fr\/wp-content\/uploads\/2022\/04\/Invader-marseille-11-768x763.jpg",768,763,true],"large":["https:\/\/curiosart.fr\/wp-content\/uploads\/2022\/04\/Invader-marseille-11.jpg",1024,1017,false],"1536x1536":["https:\/\/curiosart.fr\/wp-content\/uploads\/2022\/04\/Invader-marseille-11.jpg",1024,1017,false],"2048x2048":["https:\/\/curiosart.fr\/wp-content\/uploads\/2022\/04\/Invader-marseille-11.jpg",1024,1017,false],"trp-custom-language-flag":["https:\/\/curiosart.fr\/wp-content\/uploads\/2022\/04\/Invader-marseille-11-12x12.jpg",12,12,true],"woocommerce_thumbnail":["https:\/\/curiosart.fr\/wp-content\/uploads\/2022\/04\/Invader-marseille-11-200x199.jpg",200,199,true],"woocommerce_single":["https:\/\/curiosart.fr\/wp-content\/uploads\/2022\/04\/Invader-marseille-11-400x397.jpg",400,397,true],"woocommerce_gallery_thumbnail":["https:\/\/curiosart.fr\/wp-content\/uploads\/2022\/04\/Invader-marseille-11-150x150.jpg",150,150,true]},"uagb_author_info":{"display_name":"dfuzionadmin","author_link":"https:\/\/curiosart.fr\/es\/author\/"},"uagb_comment_info":0,"uagb_excerpt":"Carte d'invasion de Marseille N\u00b026 - Invader Taille pli\u00e9e : 12 X 20 cm Taille d\u00e9pli\u00e9e : 96 x 60 cm Date : 2020 De nouveau en stock ! Des Calanques \u00e0 Notre-Dame de la Garde, en passant par le Vieux Port, l\u2019Estaque, la Corniche, les quartiers nord, le Cours Julien ou les Baumettes\u2026, Invader&hellip;","_links":{"self":[{"href":"https:\/\/curiosart.fr\/es\/wp-json\/wp\/v2\/product\/2578","targetHints":{"allow":["GET"]}}],"collection":[{"href":"https:\/\/curiosart.fr\/es\/wp-json\/wp\/v2\/product"}],"about":[{"href":"https:\/\/curiosart.fr\/es\/wp-json\/wp\/v2\/types\/product"}],"wp:featuredmedia":[{"embeddable":true,"href":"https:\/\/curiosart.fr\/es\/wp-json\/wp\/v2\/media\/3398"}],"wp:attachment":[{"href":"https:\/\/curiosart.fr\/es\/wp-json\/wp\/v2\/media?parent=2578"}],"wp:term":[{"taxonomy":"product_brand","embeddable":true,"href":"https:\/\/curiosart.fr\/es\/wp-json\/wp\/v2\/product_brand?post=2578"},{"taxonomy":"product_cat","embeddable":true,"href":"https:\/\/curiosart.fr\/es\/wp-json\/wp\/v2\/product_cat?post=2578"},{"taxonomy":"product_tag","embeddable":true,"href":"https:\/\/curiosart.fr\/es\/wp-json\/wp\/v2\/product_tag?post=2578"}],"curies":[{"name":"gracias","href":"https:\/\/api.w.org\/{rel}","templated":true}]}}