{"id":2575,"date":"2021-02-02T08:26:52","date_gmt":"2021-02-02T07:26:52","guid":{"rendered":"https:\/\/curiosart.fr\/?post_type=product&#038;p=2575"},"modified":"2023-01-16T17:38:20","modified_gmt":"2023-01-16T16:38:20","slug":"invader-map-djerba","status":"publish","type":"product","link":"https:\/\/curiosart.fr\/es\/boutique\/mapa-invasor-de-djerba\/","title":{"rendered":"Invasor, invasi\u00f3n de Djerba"},"content":{"rendered":"<p><b><span class=\"lang-en\" lang=\"en\">Invader<\/span><\/b>\u00a0es un artista callejero y mosaiquista franc\u00e9s, nacido en Francia en 1969. Desde 1996 ha estado instalando una serie de\u00a0<i><span class=\"lang-en\" lang=\"en\"><a title=\"Invasores espaciales\" href=\"https:\/\/fr.wikipedia.org\/wiki\/Space_Invaders\" rel=\"nofollow noopener\" target=\"_blank\">Invasores espaciales<\/a><\/span><\/i>, hecho en\u00a0<a title=\"Mosaico\" href=\"https:\/\/fr.wikipedia.org\/wiki\/Mosa%C3%AFque\" rel=\"nofollow noopener\" target=\"_blank\">mosaicos<\/a>, en las paredes de las grandes metr\u00f3polis internacionales.<\/p>","protected":false},"excerpt":{"rendered":"<h2>Mapa de invasi\u00f3n de Djerba N\u00b025 \u2013 <a href=\"\/es\/artistes\/invader\/\" target=\"_blank\" rel=\"noopener\">Invader<\/a><\/h2>\n<p>Tama\u00f1o plegado: 12 X 20 cm<br \/>\nTama\u00f1o desplegado: 96 x 60 cm<br \/>\nFecha: 2020<br \/>\n<strong>\u00a1De nuevo en existencia!<\/strong><br \/>\nEste mapa presenta la posici\u00f3n y referencias de los invasores espaciales en la isla de Djerba (T\u00fanez).<br \/>\nMediante <a href=\"https:\/\/www.space-invaders.com\/world\/djerba\/\" target=\"_blank\" rel=\"noopener\" data-schema-attribute=\"\">El invasor estuvo aqu\u00ed.<\/a><\/p>","protected":false},"featured_media":3396,"template":"","meta":{"_uag_custom_page_level_css":"","site-sidebar-layout":"default","site-content-layout":"default","ast-site-content-layout":"default","site-content-style":"default","site-sidebar-style":"default","ast-global-header-display":"","ast-banner-title-visibility":"","ast-main-header-display":"","ast-hfb-above-header-display":"","ast-hfb-below-header-display":"","ast-hfb-mobile-header-display":"","site-post-title":"","ast-breadcrumbs-content":"","ast-featured-img":"","footer-sml-layout":"","ast-disable-related-posts":"","theme-transparent-header-meta":"default","adv-header-id-meta":"","stick-header-meta":"default","header-above-stick-meta":"","header-main-stick-meta":"","header-below-stick-meta":"","astra-migrate-meta-layouts":"default","ast-page-background-enabled":"default","ast-page-background-meta":{"desktop":{"background-color":"","background-image":"","background-repeat":"repeat","background-position":"center center","background-size":"auto","background-attachment":"scroll","background-type":"","background-media":"","overlay-type":"","overlay-color":"","overlay-opacity":"","overlay-gradient":""},"tablet":{"background-color":"","background-image":"","background-repeat":"repeat","background-position":"center center","background-size":"auto","background-attachment":"scroll","background-type":"","background-media":"","overlay-type":"","overlay-color":"","overlay-opacity":"","overlay-gradient":""},"mobile":{"background-color":"","background-image":"","background-repeat":"repeat","background-position":"center center","background-size":"auto","background-attachment":"scroll","background-type":"","background-media":"","overlay-type":"","overlay-color":"","overlay-opacity":"","overlay-gradient":""}},"ast-content-background-meta":{"desktop":{"background-color":"var(--ast-global-color-5)","background-image":"","background-repeat":"repeat","background-position":"center center","background-size":"auto","background-attachment":"scroll","background-type":"","background-media":"","overlay-type":"","overlay-color":"","overlay-opacity":"","overlay-gradient":""},"tablet":{"background-color":"var(--ast-global-color-5)","background-image":"","background-repeat":"repeat","background-position":"center center","background-size":"auto","background-attachment":"scroll","background-type":"","background-media":"","overlay-type":"","overlay-color":"","overlay-opacity":"","overlay-gradient":""},"mobile":{"background-color":"var(--ast-global-color-5)","background-image":"","background-repeat":"repeat","background-position":"center center","background-size":"auto","background-attachment":"scroll","background-type":"","background-media":"","overlay-type":"","overlay-color":"","overlay-opacity":"","overlay-gradient":""}}},"product_brand":[],"product_cat":[39,23],"product_tag":[],"class_list":{"0":"post-2575","1":"product","2":"type-product","3":"status-publish","4":"has-post-thumbnail","6":"product_cat-invader","7":"product_cat-autres","8":"desktop-align-center","9":"tablet-align-center","10":"mobile-align-center","11":"ast-product-gallery-layout-horizontal","12":"ast-magnify-disabled","13":"ast-product-tabs-layout-horizontal","15":"first","16":"outofstock","17":"shipping-taxable","18":"purchasable","19":"product-type-simple"},"uagb_featured_image_src":{"full":["https:\/\/curiosart.fr\/wp-content\/uploads\/2022\/04\/Invader-jderba-1.jpg",964,900,false],"thumbnail":["https:\/\/curiosart.fr\/wp-content\/uploads\/2022\/04\/Invader-jderba-1-150x150.jpg",150,150,true],"medium":["https:\/\/curiosart.fr\/wp-content\/uploads\/2022\/04\/Invader-jderba-1-300x280.jpg",300,280,true],"medium_large":["https:\/\/curiosart.fr\/wp-content\/uploads\/2022\/04\/Invader-jderba-1-768x717.jpg",768,717,true],"large":["https:\/\/curiosart.fr\/wp-content\/uploads\/2022\/04\/Invader-jderba-1.jpg",964,900,false],"1536x1536":["https:\/\/curiosart.fr\/wp-content\/uploads\/2022\/04\/Invader-jderba-1.jpg",964,900,false],"2048x2048":["https:\/\/curiosart.fr\/wp-content\/uploads\/2022\/04\/Invader-jderba-1.jpg",964,900,false],"trp-custom-language-flag":["https:\/\/curiosart.fr\/wp-content\/uploads\/2022\/04\/Invader-jderba-1-13x12.jpg",13,12,true],"woocommerce_thumbnail":["https:\/\/curiosart.fr\/wp-content\/uploads\/2022\/04\/Invader-jderba-1-200x187.jpg",200,187,true],"woocommerce_single":["https:\/\/curiosart.fr\/wp-content\/uploads\/2022\/04\/Invader-jderba-1-400x373.jpg",400,373,true],"woocommerce_gallery_thumbnail":["https:\/\/curiosart.fr\/wp-content\/uploads\/2022\/04\/Invader-jderba-1-150x140.jpg",150,140,true]},"uagb_author_info":{"display_name":"dfuzionadmin","author_link":"https:\/\/curiosart.fr\/es\/author\/"},"uagb_comment_info":0,"uagb_excerpt":"Carte d'invasion de Djerba N\u00b025 - Invader Taille pli\u00e9e : 12 X 20 cm Taille d\u00e9pli\u00e9e : 96 x 60 cm Date : 2020 De nouveau en stock ! Cette carte pr\u00e9sente la position et les r\u00e9f\u00e9rences des space invaders sur l'\u00eele de Djerba (Tunisie). Par Invader Was Here.","_links":{"self":[{"href":"https:\/\/curiosart.fr\/es\/wp-json\/wp\/v2\/product\/2575","targetHints":{"allow":["GET"]}}],"collection":[{"href":"https:\/\/curiosart.fr\/es\/wp-json\/wp\/v2\/product"}],"about":[{"href":"https:\/\/curiosart.fr\/es\/wp-json\/wp\/v2\/types\/product"}],"wp:featuredmedia":[{"embeddable":true,"href":"https:\/\/curiosart.fr\/es\/wp-json\/wp\/v2\/media\/3396"}],"wp:attachment":[{"href":"https:\/\/curiosart.fr\/es\/wp-json\/wp\/v2\/media?parent=2575"}],"wp:term":[{"taxonomy":"product_brand","embeddable":true,"href":"https:\/\/curiosart.fr\/es\/wp-json\/wp\/v2\/product_brand?post=2575"},{"taxonomy":"product_cat","embeddable":true,"href":"https:\/\/curiosart.fr\/es\/wp-json\/wp\/v2\/product_cat?post=2575"},{"taxonomy":"product_tag","embeddable":true,"href":"https:\/\/curiosart.fr\/es\/wp-json\/wp\/v2\/product_tag?post=2575"}],"curies":[{"name":"gracias","href":"https:\/\/api.w.org\/{rel}","templated":true}]}}