{"id":2571,"date":"2021-02-02T07:59:56","date_gmt":"2021-02-02T06:59:56","guid":{"rendered":"https:\/\/curiosart.fr\/?post_type=product&#038;p=2571"},"modified":"2021-09-19T18:06:50","modified_gmt":"2021-09-19T16:06:50","slug":"augustine-kofie-zach-essential","status":"publish","type":"product","link":"https:\/\/curiosart.fr\/es\/boutique\/agustin-kofie-zach-esencial\/","title":{"rendered":"Zach esencial"},"content":{"rendered":"<p>KOFIE One por su nombre de artista naci\u00f3 en noviembre de 1973 en Los \u00c1ngeles, CA. Autodidacta, vive y trabaja en Los \u00c1ngeles.<br \/>\nCuando miramos la obra de Augustine Kofie, inmediatamente nos llama la atenci\u00f3n la habilidad y la intensidad de su t\u00e9cnica. Entonces comprendemos su amor por el proceso y la estructura. Con gran inter\u00e9s por la arquitectura, las diferentes formas de tipograf\u00eda, la iconograf\u00eda de los a\u00f1os 60, la m\u00fasica contempor\u00e1nea y la cultura callejera.<br \/>\nSu trabajo es solo el dominio muy involuntario del orden intencional.<br \/>\nAugustine creci\u00f3 en Los \u00c1ngeles y ha sido muy activo en la escena del Graffiti desde la d\u00e9cada de 1990 reconocido por su destreza, es muy respetado en el mundo del arte callejero.<\/p>","protected":false},"excerpt":{"rendered":"<h2>Vinilo 12\u2033 Zach Esencial <a href=\"https:\/\/www.discogs.com\/fr\/style\/soul-jazz\" target=\"_blank\" rel=\"noopener\" data-schema-attribute=\"\">Soul Jazz<\/a>.<br \/>\nDise\u00f1o de portada por <a href=\"\/es\/artistes\/augustine-kofie\/\" target=\"_blank\" rel=\"noopener\">Augustine Kofie<\/a>.<\/h2>\n<p>No firmado.<br \/>\nBolsillo en blister, disco nuevo ...<br \/>\nG\u00e9nero: Hip-Hop<br \/>\nDiscogr\u00e1fica: Hit + Run<\/p>\n<p>Recopilaci\u00f3n remasterizada de doce temas SACH \u201cBest of\u201d de G-Funk, esenciales para cualquier amante del hip-hop. Una portada espl\u00e9ndida con la legendaria foto de Eric Coleman.<\/p>","protected":false},"featured_media":2573,"template":"","meta":{"_uag_custom_page_level_css":"","site-sidebar-layout":"default","site-content-layout":"default","ast-site-content-layout":"default","site-content-style":"default","site-sidebar-style":"default","ast-global-header-display":"","ast-banner-title-visibility":"","ast-main-header-display":"","ast-hfb-above-header-display":"","ast-hfb-below-header-display":"","ast-hfb-mobile-header-display":"","site-post-title":"","ast-breadcrumbs-content":"","ast-featured-img":"","footer-sml-layout":"","ast-disable-related-posts":"","theme-transparent-header-meta":"default","adv-header-id-meta":"","stick-header-meta":"default","header-above-stick-meta":"","header-main-stick-meta":"","header-below-stick-meta":"","astra-migrate-meta-layouts":"default","ast-page-background-enabled":"default","ast-page-background-meta":{"desktop":{"background-color":"","background-image":"","background-repeat":"repeat","background-position":"center center","background-size":"auto","background-attachment":"scroll","background-type":"","background-media":"","overlay-type":"","overlay-color":"","overlay-opacity":"","overlay-gradient":""},"tablet":{"background-color":"","background-image":"","background-repeat":"repeat","background-position":"center center","background-size":"auto","background-attachment":"scroll","background-type":"","background-media":"","overlay-type":"","overlay-color":"","overlay-opacity":"","overlay-gradient":""},"mobile":{"background-color":"","background-image":"","background-repeat":"repeat","background-position":"center center","background-size":"auto","background-attachment":"scroll","background-type":"","background-media":"","overlay-type":"","overlay-color":"","overlay-opacity":"","overlay-gradient":""}},"ast-content-background-meta":{"desktop":{"background-color":"var(--ast-global-color-5)","background-image":"","background-repeat":"repeat","background-position":"center center","background-size":"auto","background-attachment":"scroll","background-type":"","background-media":"","overlay-type":"","overlay-color":"","overlay-opacity":"","overlay-gradient":""},"tablet":{"background-color":"var(--ast-global-color-5)","background-image":"","background-repeat":"repeat","background-position":"center center","background-size":"auto","background-attachment":"scroll","background-type":"","background-media":"","overlay-type":"","overlay-color":"","overlay-opacity":"","overlay-gradient":""},"mobile":{"background-color":"var(--ast-global-color-5)","background-image":"","background-repeat":"repeat","background-position":"center center","background-size":"auto","background-attachment":"scroll","background-type":"","background-media":"","overlay-type":"","overlay-color":"","overlay-opacity":"","overlay-gradient":""}}},"product_brand":[],"product_cat":[26,38],"product_tag":[],"class_list":{"0":"post-2571","1":"product","2":"type-product","3":"status-publish","4":"has-post-thumbnail","6":"product_cat-augustine-kofie","7":"product_cat-musique","8":"desktop-align-center","9":"tablet-align-center","10":"mobile-align-center","11":"ast-product-gallery-layout-horizontal","12":"ast-magnify-disabled","13":"ast-product-tabs-layout-horizontal","15":"first","16":"instock","17":"shipping-taxable","18":"purchasable","19":"product-type-simple"},"uagb_featured_image_src":{"full":["https:\/\/curiosart.fr\/wp-content\/uploads\/2021\/02\/Augustine-Kofie-Zach-Essential-scaled.jpeg",2517,2560,false],"thumbnail":["https:\/\/curiosart.fr\/wp-content\/uploads\/2021\/02\/Augustine-Kofie-Zach-Essential-150x150.jpeg",150,150,true],"medium":["https:\/\/curiosart.fr\/wp-content\/uploads\/2021\/02\/Augustine-Kofie-Zach-Essential-295x300.jpeg",295,300,true],"medium_large":["https:\/\/curiosart.fr\/wp-content\/uploads\/2021\/02\/Augustine-Kofie-Zach-Essential-768x781.jpeg",768,781,true],"large":["https:\/\/curiosart.fr\/wp-content\/uploads\/2021\/02\/Augustine-Kofie-Zach-Essential-1007x1024.jpeg",1007,1024,true],"1536x1536":["https:\/\/curiosart.fr\/wp-content\/uploads\/2021\/02\/Augustine-Kofie-Zach-Essential-1510x1536.jpeg",1510,1536,true],"2048x2048":["https:\/\/curiosart.fr\/wp-content\/uploads\/2021\/02\/Augustine-Kofie-Zach-Essential-2014x2048.jpeg",2014,2048,true],"trp-custom-language-flag":["https:\/\/curiosart.fr\/wp-content\/uploads\/2021\/02\/Augustine-Kofie-Zach-Essential-scaled.jpeg",12,12,false],"woocommerce_thumbnail":["https:\/\/curiosart.fr\/wp-content\/uploads\/2021\/02\/Augustine-Kofie-Zach-Essential-scaled-200x203.jpeg",200,203,true],"woocommerce_single":["https:\/\/curiosart.fr\/wp-content\/uploads\/2021\/02\/Augustine-Kofie-Zach-Essential-scaled-400x407.jpeg",400,407,true],"woocommerce_gallery_thumbnail":["https:\/\/curiosart.fr\/wp-content\/uploads\/2021\/02\/Augustine-Kofie-Zach-Essential-scaled-147x150.jpeg",147,150,true]},"uagb_author_info":{"display_name":"dfuzionadmin","author_link":"https:\/\/curiosart.fr\/es\/author\/"},"uagb_comment_info":0,"uagb_excerpt":"Vinyl 12\" Zach Essential Soul Jazz. Cover design par Augustine Kofie. Non sign\u00e9. Pochette sous blister, disque neuf... Genre : Hip-Hop Label : Hit+Run Compilation remasteris\u00e9e de douze titres G-Funk \u00abBest of\u00bb SACH, indispensable \u00e0 tout amateur de hip-hop. Une \u00a0pochette splendide avec la photo l\u00e9gendaire d'Eric Coleman.","_links":{"self":[{"href":"https:\/\/curiosart.fr\/es\/wp-json\/wp\/v2\/product\/2571","targetHints":{"allow":["GET"]}}],"collection":[{"href":"https:\/\/curiosart.fr\/es\/wp-json\/wp\/v2\/product"}],"about":[{"href":"https:\/\/curiosart.fr\/es\/wp-json\/wp\/v2\/types\/product"}],"wp:featuredmedia":[{"embeddable":true,"href":"https:\/\/curiosart.fr\/es\/wp-json\/wp\/v2\/media\/2573"}],"wp:attachment":[{"href":"https:\/\/curiosart.fr\/es\/wp-json\/wp\/v2\/media?parent=2571"}],"wp:term":[{"taxonomy":"product_brand","embeddable":true,"href":"https:\/\/curiosart.fr\/es\/wp-json\/wp\/v2\/product_brand?post=2571"},{"taxonomy":"product_cat","embeddable":true,"href":"https:\/\/curiosart.fr\/es\/wp-json\/wp\/v2\/product_cat?post=2571"},{"taxonomy":"product_tag","embeddable":true,"href":"https:\/\/curiosart.fr\/es\/wp-json\/wp\/v2\/product_tag?post=2571"}],"curies":[{"name":"gracias","href":"https:\/\/api.w.org\/{rel}","templated":true}]}}