{"id":2444,"date":"2021-01-24T11:01:38","date_gmt":"2021-01-24T10:01:38","guid":{"rendered":"https:\/\/curiosart.fr\/?post_type=product&#038;p=2444"},"modified":"2021-09-22T15:46:31","modified_gmt":"2021-09-22T13:46:31","slug":"columbus-3-001","status":"publish","type":"product","link":"https:\/\/curiosart.fr\/es\/boutique\/colon-3-001\/","title":{"rendered":"001"},"content":{"rendered":"","protected":false},"excerpt":{"rendered":"<h2>Tr\u00edptico \u201c001\u201d de Col\u00f3n 3.<\/h2>\n<p>Edici\u00f3n numerada y firmada \/ 30.<br \/>\nImprimiendo en <a href=\"https:\/\/risolution.fr\/risographie\/#:~:text=Elle%20se%20situe%20entre%20l,pour%20chaque%20couleur%20%C3%A0%20imprimer.\" target=\"_blank\" rel=\"noopener\">risograf\u00eda<\/a> sobre papel Arcoprint Edizioni 130 g \/ m2.<br \/>\nDimensiones de cada elemento: 42 \u00d7 29,7 cm<\/p>","protected":false},"featured_media":2446,"template":"","meta":{"_uag_custom_page_level_css":"","site-sidebar-layout":"default","site-content-layout":"default","ast-site-content-layout":"default","site-content-style":"default","site-sidebar-style":"default","ast-global-header-display":"","ast-banner-title-visibility":"","ast-main-header-display":"","ast-hfb-above-header-display":"","ast-hfb-below-header-display":"","ast-hfb-mobile-header-display":"","site-post-title":"","ast-breadcrumbs-content":"","ast-featured-img":"","footer-sml-layout":"","ast-disable-related-posts":"","theme-transparent-header-meta":"default","adv-header-id-meta":"","stick-header-meta":"default","header-above-stick-meta":"","header-main-stick-meta":"","header-below-stick-meta":"","astra-migrate-meta-layouts":"default","ast-page-background-enabled":"default","ast-page-background-meta":{"desktop":{"background-color":"","background-image":"","background-repeat":"repeat","background-position":"center center","background-size":"auto","background-attachment":"scroll","background-type":"","background-media":"","overlay-type":"","overlay-color":"","overlay-opacity":"","overlay-gradient":""},"tablet":{"background-color":"","background-image":"","background-repeat":"repeat","background-position":"center center","background-size":"auto","background-attachment":"scroll","background-type":"","background-media":"","overlay-type":"","overlay-color":"","overlay-opacity":"","overlay-gradient":""},"mobile":{"background-color":"","background-image":"","background-repeat":"repeat","background-position":"center center","background-size":"auto","background-attachment":"scroll","background-type":"","background-media":"","overlay-type":"","overlay-color":"","overlay-opacity":"","overlay-gradient":""}},"ast-content-background-meta":{"desktop":{"background-color":"var(--ast-global-color-5)","background-image":"","background-repeat":"repeat","background-position":"center center","background-size":"auto","background-attachment":"scroll","background-type":"","background-media":"","overlay-type":"","overlay-color":"","overlay-opacity":"","overlay-gradient":""},"tablet":{"background-color":"var(--ast-global-color-5)","background-image":"","background-repeat":"repeat","background-position":"center center","background-size":"auto","background-attachment":"scroll","background-type":"","background-media":"","overlay-type":"","overlay-color":"","overlay-opacity":"","overlay-gradient":""},"mobile":{"background-color":"var(--ast-global-color-5)","background-image":"","background-repeat":"repeat","background-position":"center center","background-size":"auto","background-attachment":"scroll","background-type":"","background-media":"","overlay-type":"","overlay-color":"","overlay-opacity":"","overlay-gradient":""}}},"product_brand":[],"product_cat":[35,51],"product_tag":[],"class_list":{"0":"post-2444","1":"product","2":"type-product","3":"status-publish","4":"has-post-thumbnail","6":"product_cat-colombus-3","7":"product_cat-risographie","8":"desktop-align-center","9":"tablet-align-center","10":"mobile-align-center","11":"ast-product-gallery-layout-horizontal","12":"ast-magnify-disabled","13":"ast-product-tabs-layout-horizontal","15":"first","16":"instock","17":"shipping-taxable","18":"purchasable","19":"product-type-simple"},"uagb_featured_image_src":{"full":["https:\/\/curiosart.fr\/wp-content\/uploads\/2021\/01\/columbus3-2-e1611482800293.jpg",831,1192,false],"thumbnail":["https:\/\/curiosart.fr\/wp-content\/uploads\/2021\/01\/columbus3-2-e1611482800293-150x150.jpg",150,150,true],"medium":["https:\/\/curiosart.fr\/wp-content\/uploads\/2021\/01\/columbus3-2-e1611482800293-209x300.jpg",209,300,true],"medium_large":["https:\/\/curiosart.fr\/wp-content\/uploads\/2021\/01\/columbus3-2-e1611482800293-768x1102.jpg",768,1102,true],"large":["https:\/\/curiosart.fr\/wp-content\/uploads\/2021\/01\/columbus3-2-e1611482800293-714x1024.jpg",714,1024,true],"1536x1536":["https:\/\/curiosart.fr\/wp-content\/uploads\/2021\/01\/columbus3-2-e1611482800293.jpg",831,1192,false],"2048x2048":["https:\/\/curiosart.fr\/wp-content\/uploads\/2021\/01\/columbus3-2-e1611482800293.jpg",831,1192,false],"trp-custom-language-flag":["https:\/\/curiosart.fr\/wp-content\/uploads\/2021\/01\/columbus3-2-e1611482800293.jpg",8,12,false],"woocommerce_thumbnail":["https:\/\/curiosart.fr\/wp-content\/uploads\/2021\/01\/columbus3-2-e1611482800293-200x287.jpg",200,287,true],"woocommerce_single":["https:\/\/curiosart.fr\/wp-content\/uploads\/2021\/01\/columbus3-2-e1611482800293-400x574.jpg",400,574,true],"woocommerce_gallery_thumbnail":["https:\/\/curiosart.fr\/wp-content\/uploads\/2021\/01\/columbus3-2-e1611482800293-105x150.jpg",105,150,true]},"uagb_author_info":{"display_name":"dfuzionadmin","author_link":"https:\/\/curiosart.fr\/es\/author\/"},"uagb_comment_info":0,"uagb_excerpt":"Triptyque \"001\" par Columbus 3. Edition num\u00e9rot\u00e9e et sign\u00e9e \/30. Impression en risographie sur papier Arcoprint Edizioni 130 g\/m2. Dimensions de chaque \u00e9l\u00e9ment : 42 \u00d7 29.7 cm","_links":{"self":[{"href":"https:\/\/curiosart.fr\/es\/wp-json\/wp\/v2\/product\/2444","targetHints":{"allow":["GET"]}}],"collection":[{"href":"https:\/\/curiosart.fr\/es\/wp-json\/wp\/v2\/product"}],"about":[{"href":"https:\/\/curiosart.fr\/es\/wp-json\/wp\/v2\/types\/product"}],"wp:featuredmedia":[{"embeddable":true,"href":"https:\/\/curiosart.fr\/es\/wp-json\/wp\/v2\/media\/2446"}],"wp:attachment":[{"href":"https:\/\/curiosart.fr\/es\/wp-json\/wp\/v2\/media?parent=2444"}],"wp:term":[{"taxonomy":"product_brand","embeddable":true,"href":"https:\/\/curiosart.fr\/es\/wp-json\/wp\/v2\/product_brand?post=2444"},{"taxonomy":"product_cat","embeddable":true,"href":"https:\/\/curiosart.fr\/es\/wp-json\/wp\/v2\/product_cat?post=2444"},{"taxonomy":"product_tag","embeddable":true,"href":"https:\/\/curiosart.fr\/es\/wp-json\/wp\/v2\/product_tag?post=2444"}],"curies":[{"name":"gracias","href":"https:\/\/api.w.org\/{rel}","templated":true}]}}