{"id":2418,"date":"2021-01-24T09:49:03","date_gmt":"2021-01-24T08:49:03","guid":{"rendered":"https:\/\/curiosart.fr\/?post_type=product&#038;p=2418"},"modified":"2025-01-15T11:45:05","modified_gmt":"2025-01-15T10:45:05","slug":"parra-pierced","status":"publish","type":"product","link":"https:\/\/curiosart.fr\/es\/boutique\/parra-traspasado\/","title":{"rendered":"Traspasado por parra"},"content":{"rendered":"","protected":false},"excerpt":{"rendered":"<h2>traspasado por <a href=\"\/es\/artistes\/parra\/\">Parra<\/a>.<\/h2>\n<p>Dimensiones: 50 x 70 CM<br \/>\nImpresi\u00f3n offset en papel mate de 190 g producida en 2020 por Pieter Janssen.<br \/>\nEdici\u00f3n abierta.<br \/>\nFirma del artista en relieve.<\/p>","protected":false},"featured_media":2422,"template":"","meta":{"_uag_custom_page_level_css":"","site-sidebar-layout":"default","site-content-layout":"default","ast-site-content-layout":"default","site-content-style":"default","site-sidebar-style":"default","ast-global-header-display":"","ast-banner-title-visibility":"","ast-main-header-display":"","ast-hfb-above-header-display":"","ast-hfb-below-header-display":"","ast-hfb-mobile-header-display":"","site-post-title":"","ast-breadcrumbs-content":"","ast-featured-img":"","footer-sml-layout":"","ast-disable-related-posts":"","theme-transparent-header-meta":"default","adv-header-id-meta":"","stick-header-meta":"default","header-above-stick-meta":"","header-main-stick-meta":"","header-below-stick-meta":"","astra-migrate-meta-layouts":"set","ast-page-background-enabled":"default","ast-page-background-meta":{"desktop":{"background-color":"","background-image":"","background-repeat":"repeat","background-position":"center center","background-size":"auto","background-attachment":"scroll","background-type":"","background-media":"","overlay-type":"","overlay-color":"","overlay-opacity":"","overlay-gradient":""},"tablet":{"background-color":"","background-image":"","background-repeat":"repeat","background-position":"center center","background-size":"auto","background-attachment":"scroll","background-type":"","background-media":"","overlay-type":"","overlay-color":"","overlay-opacity":"","overlay-gradient":""},"mobile":{"background-color":"","background-image":"","background-repeat":"repeat","background-position":"center center","background-size":"auto","background-attachment":"scroll","background-type":"","background-media":"","overlay-type":"","overlay-color":"","overlay-opacity":"","overlay-gradient":""}},"ast-content-background-meta":{"desktop":{"background-color":"var(--ast-global-color-5)","background-image":"","background-repeat":"repeat","background-position":"center center","background-size":"auto","background-attachment":"scroll","background-type":"","background-media":"","overlay-type":"","overlay-color":"","overlay-opacity":"","overlay-gradient":""},"tablet":{"background-color":"var(--ast-global-color-5)","background-image":"","background-repeat":"repeat","background-position":"center center","background-size":"auto","background-attachment":"scroll","background-type":"","background-media":"","overlay-type":"","overlay-color":"","overlay-opacity":"","overlay-gradient":""},"mobile":{"background-color":"var(--ast-global-color-5)","background-image":"","background-repeat":"repeat","background-position":"center center","background-size":"auto","background-attachment":"scroll","background-type":"","background-media":"","overlay-type":"","overlay-color":"","overlay-opacity":"","overlay-gradient":""}}},"product_brand":[],"product_cat":[32,19],"product_tag":[],"class_list":{"0":"post-2418","1":"product","2":"type-product","3":"status-publish","4":"has-post-thumbnail","6":"product_cat-parra","7":"product_cat-serigraphies","8":"desktop-align-center","9":"tablet-align-center","10":"mobile-align-center","11":"ast-product-gallery-layout-horizontal","12":"ast-magnify-disabled","13":"ast-product-tabs-layout-horizontal","15":"first","16":"outofstock","17":"shipping-taxable","18":"purchasable","19":"product-type-simple"},"uagb_featured_image_src":{"full":["https:\/\/curiosart.fr\/wp-content\/uploads\/2021\/01\/pierced-0.jpg",547,762,false],"thumbnail":["https:\/\/curiosart.fr\/wp-content\/uploads\/2021\/01\/pierced-0-150x150.jpg",150,150,true],"medium":["https:\/\/curiosart.fr\/wp-content\/uploads\/2021\/01\/pierced-0-215x300.jpg",215,300,true],"medium_large":["https:\/\/curiosart.fr\/wp-content\/uploads\/2021\/01\/pierced-0.jpg",547,762,false],"large":["https:\/\/curiosart.fr\/wp-content\/uploads\/2021\/01\/pierced-0.jpg",547,762,false],"1536x1536":["https:\/\/curiosart.fr\/wp-content\/uploads\/2021\/01\/pierced-0.jpg",547,762,false],"2048x2048":["https:\/\/curiosart.fr\/wp-content\/uploads\/2021\/01\/pierced-0.jpg",547,762,false],"trp-custom-language-flag":["https:\/\/curiosart.fr\/wp-content\/uploads\/2021\/01\/pierced-0.jpg",9,12,false],"woocommerce_thumbnail":["https:\/\/curiosart.fr\/wp-content\/uploads\/2021\/01\/pierced-0-200x279.jpg",200,279,true],"woocommerce_single":["https:\/\/curiosart.fr\/wp-content\/uploads\/2021\/01\/pierced-0-400x557.jpg",400,557,true],"woocommerce_gallery_thumbnail":["https:\/\/curiosart.fr\/wp-content\/uploads\/2021\/01\/pierced-0-108x150.jpg",108,150,true]},"uagb_author_info":{"display_name":"dfuzionadmin","author_link":"https:\/\/curiosart.fr\/es\/author\/"},"uagb_comment_info":0,"uagb_excerpt":"\"Pierced\" par Parra. Dimensions : 50 x 70 CM Impression offset sur papier mat 190g r\u00e9alis\u00e9e en 2020 par Pieter Janssen. Open edition. Signature gaufr\u00e9e de l'artiste.","_links":{"self":[{"href":"https:\/\/curiosart.fr\/es\/wp-json\/wp\/v2\/product\/2418","targetHints":{"allow":["GET"]}}],"collection":[{"href":"https:\/\/curiosart.fr\/es\/wp-json\/wp\/v2\/product"}],"about":[{"href":"https:\/\/curiosart.fr\/es\/wp-json\/wp\/v2\/types\/product"}],"wp:featuredmedia":[{"embeddable":true,"href":"https:\/\/curiosart.fr\/es\/wp-json\/wp\/v2\/media\/2422"}],"wp:attachment":[{"href":"https:\/\/curiosart.fr\/es\/wp-json\/wp\/v2\/media?parent=2418"}],"wp:term":[{"taxonomy":"product_brand","embeddable":true,"href":"https:\/\/curiosart.fr\/es\/wp-json\/wp\/v2\/product_brand?post=2418"},{"taxonomy":"product_cat","embeddable":true,"href":"https:\/\/curiosart.fr\/es\/wp-json\/wp\/v2\/product_cat?post=2418"},{"taxonomy":"product_tag","embeddable":true,"href":"https:\/\/curiosart.fr\/es\/wp-json\/wp\/v2\/product_tag?post=2418"}],"curies":[{"name":"gracias","href":"https:\/\/api.w.org\/{rel}","templated":true}]}}