{"id":2403,"date":"2021-01-24T09:33:56","date_gmt":"2021-01-24T08:33:56","guid":{"rendered":"https:\/\/curiosart.fr\/?post_type=product&#038;p=2403"},"modified":"2021-09-22T15:40:21","modified_gmt":"2021-09-22T13:40:21","slug":"gareth-tristan-evans-sphinx-mekhat","status":"publish","type":"product","link":"https:\/\/curiosart.fr\/es\/boutique\/gareth-tristan-evans-esfinge-mekhat\/","title":{"rendered":"Esfinge Mekhat"},"content":{"rendered":"","protected":false},"excerpt":{"rendered":"<h2>Gareth Tristan Evans \u201cEsfinge Mekhat\u201d.<\/h2>\n<p><a href=\"https:\/\/en.wikipedia.org\/wiki\/Gicl\u00e9e\" target=\"_blank\" rel=\"nofollow noopener\">Estampado Gicl\u00e9e<\/a> en papel de bellas artes de algod\u00f3n brillante de textura suave de 315 gramos, acabado a mano con pan de oro y plata, acr\u00edlicos met\u00e1licos y <a href=\"https:\/\/nihonscope.com\/japanese-culture\/history-use-hanko-stamps-japan\/\" target=\"_blank\" rel=\"noopener\">Sellos japoneses hanko<\/a>.<br \/>\nEdici\u00f3n limitada \/ 35.<br \/>\n<a href=\"https:\/\/curiosart.fr\/es\/editions\/digigraphies\/\">Chorro<\/a> firmado, numerado y grabado por Gareth Tristan Evans con certificado de autenticidad.<br \/>\nDimensiones: 42 x 59,4 cm<\/p>","protected":false},"featured_media":2404,"template":"","meta":{"_uag_custom_page_level_css":"","site-sidebar-layout":"default","site-content-layout":"default","ast-site-content-layout":"default","site-content-style":"default","site-sidebar-style":"default","ast-global-header-display":"","ast-banner-title-visibility":"","ast-main-header-display":"","ast-hfb-above-header-display":"","ast-hfb-below-header-display":"","ast-hfb-mobile-header-display":"","site-post-title":"","ast-breadcrumbs-content":"","ast-featured-img":"","footer-sml-layout":"","ast-disable-related-posts":"","theme-transparent-header-meta":"default","adv-header-id-meta":"","stick-header-meta":"default","header-above-stick-meta":"","header-main-stick-meta":"","header-below-stick-meta":"","astra-migrate-meta-layouts":"default","ast-page-background-enabled":"default","ast-page-background-meta":{"desktop":{"background-color":"","background-image":"","background-repeat":"repeat","background-position":"center center","background-size":"auto","background-attachment":"scroll","background-type":"","background-media":"","overlay-type":"","overlay-color":"","overlay-opacity":"","overlay-gradient":""},"tablet":{"background-color":"","background-image":"","background-repeat":"repeat","background-position":"center center","background-size":"auto","background-attachment":"scroll","background-type":"","background-media":"","overlay-type":"","overlay-color":"","overlay-opacity":"","overlay-gradient":""},"mobile":{"background-color":"","background-image":"","background-repeat":"repeat","background-position":"center center","background-size":"auto","background-attachment":"scroll","background-type":"","background-media":"","overlay-type":"","overlay-color":"","overlay-opacity":"","overlay-gradient":""}},"ast-content-background-meta":{"desktop":{"background-color":"var(--ast-global-color-5)","background-image":"","background-repeat":"repeat","background-position":"center center","background-size":"auto","background-attachment":"scroll","background-type":"","background-media":"","overlay-type":"","overlay-color":"","overlay-opacity":"","overlay-gradient":""},"tablet":{"background-color":"var(--ast-global-color-5)","background-image":"","background-repeat":"repeat","background-position":"center center","background-size":"auto","background-attachment":"scroll","background-type":"","background-media":"","overlay-type":"","overlay-color":"","overlay-opacity":"","overlay-gradient":""},"mobile":{"background-color":"var(--ast-global-color-5)","background-image":"","background-repeat":"repeat","background-position":"center center","background-size":"auto","background-attachment":"scroll","background-type":"","background-media":"","overlay-type":"","overlay-color":"","overlay-opacity":"","overlay-gradient":""}}},"product_brand":[],"product_cat":[31,24],"product_tag":[],"class_list":{"0":"post-2403","1":"product","2":"type-product","3":"status-publish","4":"has-post-thumbnail","6":"product_cat-gareth-tristan-evans","7":"product_cat-digigraphies","8":"desktop-align-center","9":"tablet-align-center","10":"mobile-align-center","11":"ast-product-gallery-layout-horizontal","12":"ast-magnify-disabled","13":"ast-product-tabs-layout-horizontal","15":"first","16":"instock","17":"shipping-taxable","18":"purchasable","19":"product-type-simple"},"uagb_featured_image_src":{"full":["https:\/\/curiosart.fr\/wp-content\/uploads\/2021\/01\/Gareth-Tristan-Evans-Sphinx-Mekhat-1.jpg",706,1000,false],"thumbnail":["https:\/\/curiosart.fr\/wp-content\/uploads\/2021\/01\/Gareth-Tristan-Evans-Sphinx-Mekhat-1-150x150.jpg",150,150,true],"medium":["https:\/\/curiosart.fr\/wp-content\/uploads\/2021\/01\/Gareth-Tristan-Evans-Sphinx-Mekhat-1-212x300.jpg",212,300,true],"medium_large":["https:\/\/curiosart.fr\/wp-content\/uploads\/2021\/01\/Gareth-Tristan-Evans-Sphinx-Mekhat-1.jpg",706,1000,false],"large":["https:\/\/curiosart.fr\/wp-content\/uploads\/2021\/01\/Gareth-Tristan-Evans-Sphinx-Mekhat-1.jpg",706,1000,false],"1536x1536":["https:\/\/curiosart.fr\/wp-content\/uploads\/2021\/01\/Gareth-Tristan-Evans-Sphinx-Mekhat-1.jpg",706,1000,false],"2048x2048":["https:\/\/curiosart.fr\/wp-content\/uploads\/2021\/01\/Gareth-Tristan-Evans-Sphinx-Mekhat-1.jpg",706,1000,false],"trp-custom-language-flag":["https:\/\/curiosart.fr\/wp-content\/uploads\/2021\/01\/Gareth-Tristan-Evans-Sphinx-Mekhat-1.jpg",8,12,false],"woocommerce_thumbnail":["https:\/\/curiosart.fr\/wp-content\/uploads\/2021\/01\/Gareth-Tristan-Evans-Sphinx-Mekhat-1-200x283.jpg",200,283,true],"woocommerce_single":["https:\/\/curiosart.fr\/wp-content\/uploads\/2021\/01\/Gareth-Tristan-Evans-Sphinx-Mekhat-1-400x567.jpg",400,567,true],"woocommerce_gallery_thumbnail":["https:\/\/curiosart.fr\/wp-content\/uploads\/2021\/01\/Gareth-Tristan-Evans-Sphinx-Mekhat-1-106x150.jpg",106,150,true]},"uagb_author_info":{"display_name":"dfuzionadmin","author_link":"https:\/\/curiosart.fr\/es\/author\/"},"uagb_comment_info":0,"uagb_excerpt":"Gareth Tristan Evans \"Sphinx Mekhat\". Gicl\u00e9e print on 315 gram soft textured bright cotton fine art paper, hand finished with gold and silver leaf, metallic acrylics and Japanese hanko stamps. Edition limit\u00e9e \/35. Gicl\u00e9e signed, numbered and embossed by Gareth Tristan Evans with a certificate of authenticity. Dimensions : 42 x 59.4cm","_links":{"self":[{"href":"https:\/\/curiosart.fr\/es\/wp-json\/wp\/v2\/product\/2403","targetHints":{"allow":["GET"]}}],"collection":[{"href":"https:\/\/curiosart.fr\/es\/wp-json\/wp\/v2\/product"}],"about":[{"href":"https:\/\/curiosart.fr\/es\/wp-json\/wp\/v2\/types\/product"}],"wp:featuredmedia":[{"embeddable":true,"href":"https:\/\/curiosart.fr\/es\/wp-json\/wp\/v2\/media\/2404"}],"wp:attachment":[{"href":"https:\/\/curiosart.fr\/es\/wp-json\/wp\/v2\/media?parent=2403"}],"wp:term":[{"taxonomy":"product_brand","embeddable":true,"href":"https:\/\/curiosart.fr\/es\/wp-json\/wp\/v2\/product_brand?post=2403"},{"taxonomy":"product_cat","embeddable":true,"href":"https:\/\/curiosart.fr\/es\/wp-json\/wp\/v2\/product_cat?post=2403"},{"taxonomy":"product_tag","embeddable":true,"href":"https:\/\/curiosart.fr\/es\/wp-json\/wp\/v2\/product_tag?post=2403"}],"curies":[{"name":"gracias","href":"https:\/\/api.w.org\/{rel}","templated":true}]}}