{"id":2390,"date":"2021-01-23T19:11:00","date_gmt":"2021-01-23T18:11:00","guid":{"rendered":"https:\/\/curiosart.fr\/?post_type=product&#038;p=2390"},"modified":"2021-09-26T12:04:01","modified_gmt":"2021-09-26T10:04:01","slug":"banksy-historic-palestine","status":"publish","type":"product","link":"https:\/\/curiosart.fr\/es\/boutique\/palestina-historica-de-banksy\/","title":{"rendered":"Visita la Palestina hist\u00f3rica"},"content":{"rendered":"<p>Banksy es el seud\u00f3nimo de un artista de arte callejero cuyo nombre e identidad reales siguen siendo inciertos y siguen siendo objeto de especulaci\u00f3n. Aparentemente brit\u00e1nico y activo desde los a\u00f1os 1990, utiliza la pintura con est\u00e9ncil para transmitir sus mensajes, que a menudo mezclan pol\u00edtica, humor y poes\u00eda. Sus obras son im\u00e1genes humor\u00edsticas, a veces combinadas con esl\u00f3ganes. El mensaje es generalmente anarquista1, antimilitarista, anticapitalista o antisistema y sus personajes suelen ser ratas, monos, polic\u00edas, soldados, ni\u00f1os, personajes famosos o ancianos.<\/p>","protected":false},"excerpt":{"rendered":"<h2>Cartel original de <a href=\"https:\/\/fr.wikipedia.org\/wiki\/Banksy\" target=\"_blank\" rel=\"noopener\">Banksy<\/a>.<br \/>\n\u201cVisite la Palestina hist\u00f3rica. \u00a1Al ej\u00e9rcito israel\u00ed le gust\u00f3 tanto que nunca se marcharon! &quot;.<\/h2>\n<p>Origen: <a href=\"http:\/\/walledoffhotel.com\" target=\"_blank\" rel=\"nofollow noopener\">Hotel amurallado<\/a> Bel\u00e9n.<br \/>\nEdici\u00f3n limitada, grabada y estampada con el logo del hotel.<\/p>","protected":false},"featured_media":2480,"template":"","meta":{"_uag_custom_page_level_css":"","site-sidebar-layout":"default","site-content-layout":"default","ast-site-content-layout":"default","site-content-style":"default","site-sidebar-style":"default","ast-global-header-display":"","ast-banner-title-visibility":"","ast-main-header-display":"","ast-hfb-above-header-display":"","ast-hfb-below-header-display":"","ast-hfb-mobile-header-display":"","site-post-title":"","ast-breadcrumbs-content":"","ast-featured-img":"","footer-sml-layout":"","ast-disable-related-posts":"","theme-transparent-header-meta":"default","adv-header-id-meta":"","stick-header-meta":"default","header-above-stick-meta":"","header-main-stick-meta":"","header-below-stick-meta":"","astra-migrate-meta-layouts":"default","ast-page-background-enabled":"default","ast-page-background-meta":{"desktop":{"background-color":"","background-image":"","background-repeat":"repeat","background-position":"center center","background-size":"auto","background-attachment":"scroll","background-type":"","background-media":"","overlay-type":"","overlay-color":"","overlay-opacity":"","overlay-gradient":""},"tablet":{"background-color":"","background-image":"","background-repeat":"repeat","background-position":"center center","background-size":"auto","background-attachment":"scroll","background-type":"","background-media":"","overlay-type":"","overlay-color":"","overlay-opacity":"","overlay-gradient":""},"mobile":{"background-color":"","background-image":"","background-repeat":"repeat","background-position":"center center","background-size":"auto","background-attachment":"scroll","background-type":"","background-media":"","overlay-type":"","overlay-color":"","overlay-opacity":"","overlay-gradient":""}},"ast-content-background-meta":{"desktop":{"background-color":"var(--ast-global-color-5)","background-image":"","background-repeat":"repeat","background-position":"center center","background-size":"auto","background-attachment":"scroll","background-type":"","background-media":"","overlay-type":"","overlay-color":"","overlay-opacity":"","overlay-gradient":""},"tablet":{"background-color":"var(--ast-global-color-5)","background-image":"","background-repeat":"repeat","background-position":"center center","background-size":"auto","background-attachment":"scroll","background-type":"","background-media":"","overlay-type":"","overlay-color":"","overlay-opacity":"","overlay-gradient":""},"mobile":{"background-color":"var(--ast-global-color-5)","background-image":"","background-repeat":"repeat","background-position":"center center","background-size":"auto","background-attachment":"scroll","background-type":"","background-media":"","overlay-type":"","overlay-color":"","overlay-opacity":"","overlay-gradient":""}}},"product_brand":[],"product_cat":[27,19],"product_tag":[],"class_list":{"0":"post-2390","1":"product","2":"type-product","3":"status-publish","4":"has-post-thumbnail","6":"product_cat-banksy","7":"product_cat-serigraphies","8":"desktop-align-center","9":"tablet-align-center","10":"mobile-align-center","11":"ast-product-gallery-layout-horizontal","12":"ast-magnify-disabled","13":"ast-product-tabs-layout-horizontal","15":"first","16":"outofstock","17":"shipping-taxable","18":"product-type-simple"},"uagb_featured_image_src":{"full":["https:\/\/curiosart.fr\/wp-content\/uploads\/2021\/01\/palestine1.jpg",495,700,false],"thumbnail":["https:\/\/curiosart.fr\/wp-content\/uploads\/2021\/01\/palestine1-150x150.jpg",150,150,true],"medium":["https:\/\/curiosart.fr\/wp-content\/uploads\/2021\/01\/palestine1-212x300.jpg",212,300,true],"medium_large":["https:\/\/curiosart.fr\/wp-content\/uploads\/2021\/01\/palestine1.jpg",495,700,false],"large":["https:\/\/curiosart.fr\/wp-content\/uploads\/2021\/01\/palestine1.jpg",495,700,false],"1536x1536":["https:\/\/curiosart.fr\/wp-content\/uploads\/2021\/01\/palestine1.jpg",495,700,false],"2048x2048":["https:\/\/curiosart.fr\/wp-content\/uploads\/2021\/01\/palestine1.jpg",495,700,false],"trp-custom-language-flag":["https:\/\/curiosart.fr\/wp-content\/uploads\/2021\/01\/palestine1.jpg",8,12,false],"woocommerce_thumbnail":["https:\/\/curiosart.fr\/wp-content\/uploads\/2021\/01\/palestine1-200x283.jpg",200,283,true],"woocommerce_single":["https:\/\/curiosart.fr\/wp-content\/uploads\/2021\/01\/palestine1-400x566.jpg",400,566,true],"woocommerce_gallery_thumbnail":["https:\/\/curiosart.fr\/wp-content\/uploads\/2021\/01\/palestine1-106x150.jpg",106,150,true]},"uagb_author_info":{"display_name":"dfuzionadmin","author_link":"https:\/\/curiosart.fr\/es\/author\/"},"uagb_comment_info":0,"uagb_excerpt":"Affiche originale de Banksy. \"Visit historic Palestine. The Israeli army liked it so much they never left!\". Provenance : Walled Off Hotel Bethl\u00e9em. \u00c9dition limit\u00e9e, gaufr\u00e9e et timbr\u00e9e au logo de l'h\u00f4tel.","_links":{"self":[{"href":"https:\/\/curiosart.fr\/es\/wp-json\/wp\/v2\/product\/2390","targetHints":{"allow":["GET"]}}],"collection":[{"href":"https:\/\/curiosart.fr\/es\/wp-json\/wp\/v2\/product"}],"about":[{"href":"https:\/\/curiosart.fr\/es\/wp-json\/wp\/v2\/types\/product"}],"wp:featuredmedia":[{"embeddable":true,"href":"https:\/\/curiosart.fr\/es\/wp-json\/wp\/v2\/media\/2480"}],"wp:attachment":[{"href":"https:\/\/curiosart.fr\/es\/wp-json\/wp\/v2\/media?parent=2390"}],"wp:term":[{"taxonomy":"product_brand","embeddable":true,"href":"https:\/\/curiosart.fr\/es\/wp-json\/wp\/v2\/product_brand?post=2390"},{"taxonomy":"product_cat","embeddable":true,"href":"https:\/\/curiosart.fr\/es\/wp-json\/wp\/v2\/product_cat?post=2390"},{"taxonomy":"product_tag","embeddable":true,"href":"https:\/\/curiosart.fr\/es\/wp-json\/wp\/v2\/product_tag?post=2390"}],"curies":[{"name":"gracias","href":"https:\/\/api.w.org\/{rel}","templated":true}]}}