{"id":2916,"date":"2021-03-15T09:01:24","date_gmt":"2021-03-15T08:01:24","guid":{"rendered":"https:\/\/curiosart.fr\/?page_id=2916"},"modified":"2021-07-13T13:54:54","modified_gmt":"2021-07-13T11:54:54","slug":"livraison","status":"publish","type":"page","link":"https:\/\/curiosart.fr\/es\/entrega\/","title":{"rendered":"Entrega"},"content":{"rendered":"<hr class=\"wp-block-separator has-text-color has-background has-black-background-color has-black-color is-style-wide\"\/>\n\n\n\n<p>Hacemos todo lo posible para que las obras que pidas en Curios | Art te sean enviadas r\u00e1pidamente, de forma totalmente segura, protegida y asegurada.<\/p>\n\n\n\n<h6 class=\"wp-block-heading\">Zonas de entrega<\/h6>\n\n\n\n<p>Curios | Art entrega las obras en Francia y Europa. Para Estados Unidos, las condiciones sanitarias y aduaneras complican los env\u00edos, gracias por <a href=\"https:\/\/curiosart.fr\/es\/contactar\/\" class=\"rank-math-link\">cont\u00e1ctenos directamente<\/a> para estudiar una soluci\u00f3n personalizada. Para el resto del mundo <a href=\"https:\/\/curiosart.fr\/es\/contactar\/\" class=\"rank-math-link\">Cont\u00e1ctenos<\/a> adem\u00e1s.<\/p>\n\n\n\n<h6 class=\"wp-block-heading\">Plazo de entrega<\/h6>\n\n\n\n<p>Dependiendo del pa\u00eds de destino del pedido, Curios | Art suele entregar las obras en un plazo de 7 d\u00edas (Francia continental) a 10 d\u00edas (Europa Occidental). Para otros destinos cont\u00e1ctenos.<\/p>\n\n\n\n<h6 class=\"wp-block-heading\">Costo de env\u00edo<\/h6>\n\n\n\n<p>En Curios | Art, los gastos de env\u00edo se calculan seg\u00fan el lugar de entrega. Podr\u00e1 obtener el monto exacto de estos cargos tan pronto como ingrese su direcci\u00f3n de entrega en el proceso de pedido.<\/p>\n\n\n\n<h6 class=\"wp-block-heading\">Nuestros transportistas asociados<\/h6>\n\n\n\n<p>Utilizamos los servicios de Colissimo para el env\u00edo. Las obras van protegidas en un tubo para garantizar su estado de protecci\u00f3n.<\/p>\n\n\n\n<figure class=\"wp-block-image size-full is-resized\"><img loading=\"lazy\" decoding=\"async\" src=\"https:\/\/curiosart.fr\/wp-content\/uploads\/2021\/03\/Logo-Colissimo-Suivi23.png\" alt=\"Seguimiento de Colissimo\" class=\"wp-image-2930\" width=\"116\" height=\"80\" title=\"Edici\u00f3n de litograf\u00eda de arte callejero -\" srcset=\"https:\/\/curiosart.fr\/wp-content\/uploads\/2021\/03\/Logo-Colissimo-Suivi23.png 232w, https:\/\/curiosart.fr\/wp-content\/uploads\/2021\/03\/Logo-Colissimo-Suivi23-200x137.png 200w, https:\/\/curiosart.fr\/wp-content\/uploads\/2021\/03\/Logo-Colissimo-Suivi23-150x103.png 150w, https:\/\/curiosart.fr\/wp-content\/uploads\/2021\/03\/Logo-Colissimo-Suivi23-16x12.png 16w\" sizes=\"auto, (max-width: 116px) 100vw, 116px\" \/><\/figure>\n\n\n\n<h6 class=\"wp-block-heading\">Condiciones de entrega<\/h6>\n\n\n\n<p>Se le notificar\u00e1 por correo electr\u00f3nico la fecha de env\u00edo de su paquete, que en todos los casos le ser\u00e1 entregado personalmente contra firma. Si est\u00e1 ausente durante la entrega, una tarjeta telef\u00f3nica le permitir\u00e1 recoger el paquete en la oficina de correos.<\/p>\n\n\n\n<h6 class=\"wp-block-heading\">Condiciones de devoluciones y reembolsos<\/h6>\n\n\n\n<p>Si su paquete llega da\u00f1ado, por favor rech\u00e1celo. En el caso excepcional de que la obra est\u00e9 da\u00f1ada dentro de un paquete en buen estado, por favor tome fotos y use el<a href=\"https:\/\/curiosart.fr\/es\/contactar\/\" class=\"rank-math-link\"> formulario de contacto para nuestro sitio web<\/a>. Los gastos de devoluci\u00f3n correr\u00e1n a su cargo y la obra podr\u00e1 ser reembolsada o sustituida.<\/p>\n\n\n\n<h6 class=\"wp-block-heading\">Obtenga m\u00e1s informaci\u00f3n sobre nuestros t\u00e9rminos de devoluciones y reembolsos.<\/h6>\n\n\n\n<p>Para cualquier consulta sobre el transporte y la entrega de sus pedidos en Curios | Art, por favor <a href=\"http:\/\/contact\" class=\"rank-math-link\" rel=\"nofollow\">Cont\u00e1ctenos<\/a>.<\/p>","protected":false},"excerpt":{"rendered":"<p>Nous mettons tout en oeuvre pour que les oeuvres que vous commandez sur Curios|Art vous soient achemin\u00e9es rapidement, de mani\u00e8re totalement s\u00e9curis\u00e9e, prot\u00e9g\u00e9e, et assur\u00e9e. Zones de livraison Curios|Art livre les oeuvres en France et en Europe. Pour les Etats-Unis, les conditions sanitaires et douanes compliquant les exp\u00e9ditions, merci de nous contacter directement pour \u00e9tudier [&hellip;]<\/p>\n","protected":false},"author":1,"featured_media":0,"parent":0,"menu_order":0,"comment_status":"closed","ping_status":"closed","template":"","meta":{"_uag_custom_page_level_css":"","site-sidebar-layout":"default","site-content-layout":"content-boxed-container","ast-site-content-layout":"default","site-content-style":"default","site-sidebar-style":"default","ast-global-header-display":"","ast-banner-title-visibility":"","ast-main-header-display":"","ast-hfb-above-header-display":"","ast-hfb-below-header-display":"","ast-hfb-mobile-header-display":"","site-post-title":"","ast-breadcrumbs-content":"disabled","ast-featured-img":"","footer-sml-layout":"","ast-disable-related-posts":"","theme-transparent-header-meta":"default","adv-header-id-meta":"","stick-header-meta":"default","header-above-stick-meta":"","header-main-stick-meta":"","header-below-stick-meta":"","astra-migrate-meta-layouts":"default","ast-page-background-enabled":"default","ast-page-background-meta":{"desktop":{"background-color":"","background-image":"","background-repeat":"repeat","background-position":"center center","background-size":"auto","background-attachment":"scroll","background-type":"","background-media":"","overlay-type":"","overlay-color":"","overlay-opacity":"","overlay-gradient":""},"tablet":{"background-color":"","background-image":"","background-repeat":"repeat","background-position":"center center","background-size":"auto","background-attachment":"scroll","background-type":"","background-media":"","overlay-type":"","overlay-color":"","overlay-opacity":"","overlay-gradient":""},"mobile":{"background-color":"","background-image":"","background-repeat":"repeat","background-position":"center center","background-size":"auto","background-attachment":"scroll","background-type":"","background-media":"","overlay-type":"","overlay-color":"","overlay-opacity":"","overlay-gradient":""}},"ast-content-background-meta":{"desktop":{"background-color":"var(--ast-global-color-5)","background-image":"","background-repeat":"repeat","background-position":"center center","background-size":"auto","background-attachment":"scroll","background-type":"","background-media":"","overlay-type":"","overlay-color":"","overlay-opacity":"","overlay-gradient":""},"tablet":{"background-color":"var(--ast-global-color-5)","background-image":"","background-repeat":"repeat","background-position":"center center","background-size":"auto","background-attachment":"scroll","background-type":"","background-media":"","overlay-type":"","overlay-color":"","overlay-opacity":"","overlay-gradient":""},"mobile":{"background-color":"var(--ast-global-color-5)","background-image":"","background-repeat":"repeat","background-position":"center center","background-size":"auto","background-attachment":"scroll","background-type":"","background-media":"","overlay-type":"","overlay-color":"","overlay-opacity":"","overlay-gradient":""}},"footnotes":""},"class_list":["post-2916","page","type-page","status-publish","hentry"],"uagb_featured_image_src":{"full":false,"thumbnail":false,"medium":false,"medium_large":false,"large":false,"1536x1536":false,"2048x2048":false,"trp-custom-language-flag":false,"woocommerce_thumbnail":false,"woocommerce_single":false,"woocommerce_gallery_thumbnail":false},"uagb_author_info":{"display_name":"dfuzionadmin","author_link":"https:\/\/curiosart.fr\/es\/author\/dfuzionadmin\/"},"uagb_comment_info":0,"uagb_excerpt":"Nous mettons tout en oeuvre pour que les oeuvres que vous commandez sur Curios|Art vous soient achemin\u00e9es rapidement, de mani\u00e8re totalement s\u00e9curis\u00e9e, prot\u00e9g\u00e9e, et assur\u00e9e. Zones de livraison Curios|Art livre les oeuvres en France et en Europe. Pour les Etats-Unis, les conditions sanitaires et douanes compliquant les exp\u00e9ditions, merci de nous contacter directement pour \u00e9tudier&hellip;","_links":{"self":[{"href":"https:\/\/curiosart.fr\/es\/wp-json\/wp\/v2\/pages\/2916","targetHints":{"allow":["GET"]}}],"collection":[{"href":"https:\/\/curiosart.fr\/es\/wp-json\/wp\/v2\/pages"}],"about":[{"href":"https:\/\/curiosart.fr\/es\/wp-json\/wp\/v2\/types\/page"}],"author":[{"embeddable":true,"href":"https:\/\/curiosart.fr\/es\/wp-json\/wp\/v2\/users\/1"}],"replies":[{"embeddable":true,"href":"https:\/\/curiosart.fr\/es\/wp-json\/wp\/v2\/comments?post=2916"}],"version-history":[{"count":0,"href":"https:\/\/curiosart.fr\/es\/wp-json\/wp\/v2\/pages\/2916\/revisions"}],"wp:attachment":[{"href":"https:\/\/curiosart.fr\/es\/wp-json\/wp\/v2\/media?parent=2916"}],"curies":[{"name":"gracias","href":"https:\/\/api.w.org\/{rel}","templated":true}]}}