{"id":2676,"date":"2021-02-05T16:44:59","date_gmt":"2021-02-05T15:44:59","guid":{"rendered":"https:\/\/curiosart.fr\/?page_id=2676"},"modified":"2021-07-13T13:52:20","modified_gmt":"2021-07-13T11:52:20","slug":"mentions-legales","status":"publish","type":"page","link":"https:\/\/curiosart.fr\/es\/notas-legales\/","title":{"rendered":"Notas legales"},"content":{"rendered":"<hr class=\"wp-block-separator has-text-color has-background has-black-background-color has-black-color is-style-wide\"\/>\n\n\n\n<h4 class=\"wp-block-heading\">Editor<\/h4>\n\n\n\n<p>Curiosart es una publicaci\u00f3n de D-FUZION<br>Nombre del editor: J\u00e9r\u00f4me Labarbe<br>Direcci\u00f3n: 369 avenue Thiers 33100 Bordeaux - Francia<br>Correo electr\u00f3nico: artpropagand@gmail.com<\/p>\n\n\n\n<p>Forma jur\u00eddica: EI<br>Siret: 432820454 00044<\/p>\n\n\n\n<p>N\u00famero de declaraci\u00f3n CNIL: en curso<\/p>\n\n\n\n<h4 class=\"wp-block-heading\">Director de Publicaciones<\/h4>\n\n\n\n<p>Jerome Labarbe<\/p>\n\n\n\n<h4 class=\"wp-block-heading\">Producci\u00f3n<\/h4>\n\n\n\n<p><a href=\"https:\/\/d-fuzion.com\" target=\"_blank\" aria-label=\"d-fuzion.com (se abre en una nueva pesta\u00f1a)\" rel=\"noreferrer noopener nofollow\" class=\"rank-math-link\">d-fuzion.com<\/a><\/p>\n\n\n\n<h4 class=\"wp-block-heading\">Anfitri\u00f3n<\/h4>\n\n\n\n<p>OVH SAS: 2 rue Kellermann 59100 Roubaix - Francia<\/p>","protected":false},"excerpt":{"rendered":"<p>La editorial Curiosart es una publicaci\u00f3n de D-FUZIONNombre de la editorial: J\u00e9r\u00f4me LabarbeDirecci\u00f3n: 369 avenue Thiers 33100 Bordeaux \u2013 FranceEmail: artpropagand@gmail.com Forma jur\u00eddica: EISiret: 432 820 454 00044 N\u00famero de declaraci\u00f3n CNIL: en curso Director de publicaci\u00f3n J\u00e9r\u00f4me Labarbe Realizaci\u00f3n d -fuzion.com Anfitri\u00f3n OVH SAS: 2 rue Kellermann 59100 Roubaix \u2013 Francia<\/p>","protected":false},"author":1,"featured_media":0,"parent":0,"menu_order":8,"comment_status":"closed","ping_status":"closed","template":"","meta":{"_uag_custom_page_level_css":"","site-sidebar-layout":"default","site-content-layout":"boxed-container","ast-site-content-layout":"default","site-content-style":"default","site-sidebar-style":"default","ast-global-header-display":"","ast-banner-title-visibility":"","ast-main-header-display":"","ast-hfb-above-header-display":"","ast-hfb-below-header-display":"","ast-hfb-mobile-header-display":"","site-post-title":"","ast-breadcrumbs-content":"disabled","ast-featured-img":"","footer-sml-layout":"","ast-disable-related-posts":"","theme-transparent-header-meta":"default","adv-header-id-meta":"","stick-header-meta":"default","header-above-stick-meta":"","header-main-stick-meta":"","header-below-stick-meta":"","astra-migrate-meta-layouts":"default","ast-page-background-enabled":"default","ast-page-background-meta":{"desktop":{"background-color":"","background-image":"","background-repeat":"repeat","background-position":"center center","background-size":"auto","background-attachment":"scroll","background-type":"","background-media":"","overlay-type":"","overlay-color":"","overlay-opacity":"","overlay-gradient":""},"tablet":{"background-color":"","background-image":"","background-repeat":"repeat","background-position":"center center","background-size":"auto","background-attachment":"scroll","background-type":"","background-media":"","overlay-type":"","overlay-color":"","overlay-opacity":"","overlay-gradient":""},"mobile":{"background-color":"","background-image":"","background-repeat":"repeat","background-position":"center center","background-size":"auto","background-attachment":"scroll","background-type":"","background-media":"","overlay-type":"","overlay-color":"","overlay-opacity":"","overlay-gradient":""}},"ast-content-background-meta":{"desktop":{"background-color":"var(--ast-global-color-5)","background-image":"","background-repeat":"repeat","background-position":"center center","background-size":"auto","background-attachment":"scroll","background-type":"","background-media":"","overlay-type":"","overlay-color":"","overlay-opacity":"","overlay-gradient":""},"tablet":{"background-color":"var(--ast-global-color-5)","background-image":"","background-repeat":"repeat","background-position":"center center","background-size":"auto","background-attachment":"scroll","background-type":"","background-media":"","overlay-type":"","overlay-color":"","overlay-opacity":"","overlay-gradient":""},"mobile":{"background-color":"var(--ast-global-color-5)","background-image":"","background-repeat":"repeat","background-position":"center center","background-size":"auto","background-attachment":"scroll","background-type":"","background-media":"","overlay-type":"","overlay-color":"","overlay-opacity":"","overlay-gradient":""}},"footnotes":""},"class_list":["post-2676","page","type-page","status-publish","hentry"],"uagb_featured_image_src":{"full":false,"thumbnail":false,"medium":false,"medium_large":false,"large":false,"1536x1536":false,"2048x2048":false,"trp-custom-language-flag":false,"woocommerce_thumbnail":false,"woocommerce_single":false,"woocommerce_gallery_thumbnail":false},"uagb_author_info":{"display_name":"dfuzionadmin","author_link":"https:\/\/curiosart.fr\/es\/author\/dfuzionadmin\/"},"uagb_comment_info":0,"uagb_excerpt":"Editeur Curiosart est \u00e9dit\u00e9 par D-FUZIONNom de l\u2019\u00e9diteur : J\u00e9r\u00f4me LabarbeAdresse : 369 avenue Thiers 33100 Bordeaux &#8211; FranceEmail : artpropagand@gmail.com Forme juridique : EISiret : 432 820 454 00044 Num\u00e9ro d\u00e9claration CNIL : en cours Directeur de la publication J\u00e9r\u00f4me Labarbe R\u00e9alisation d-fuzion.com H\u00e9bergeur OVH SAS : 2 rue Kellermann 59100 Roubaix &#8211; France","_links":{"self":[{"href":"https:\/\/curiosart.fr\/es\/wp-json\/wp\/v2\/pages\/2676","targetHints":{"allow":["GET"]}}],"collection":[{"href":"https:\/\/curiosart.fr\/es\/wp-json\/wp\/v2\/pages"}],"about":[{"href":"https:\/\/curiosart.fr\/es\/wp-json\/wp\/v2\/types\/page"}],"author":[{"embeddable":true,"href":"https:\/\/curiosart.fr\/es\/wp-json\/wp\/v2\/users\/1"}],"replies":[{"embeddable":true,"href":"https:\/\/curiosart.fr\/es\/wp-json\/wp\/v2\/comments?post=2676"}],"version-history":[{"count":0,"href":"https:\/\/curiosart.fr\/es\/wp-json\/wp\/v2\/pages\/2676\/revisions"}],"wp:attachment":[{"href":"https:\/\/curiosart.fr\/es\/wp-json\/wp\/v2\/media?parent=2676"}],"curies":[{"name":"gracias","href":"https:\/\/api.w.org\/{rel}","templated":true}]}}