{"id":2660,"date":"2021-02-05T16:21:36","date_gmt":"2021-02-05T15:21:36","guid":{"rendered":"https:\/\/curiosart.fr\/?page_id=2660"},"modified":"2021-07-13T13:53:47","modified_gmt":"2021-07-13T11:53:47","slug":"conditions-generales-de-vente","status":"publish","type":"page","link":"https:\/\/curiosart.fr\/es\/condiciones-generales-de-venta\/","title":{"rendered":"Condiciones generales de venta"},"content":{"rendered":"<hr class=\"wp-block-separator has-text-color has-background has-black-background-color has-black-color is-style-wide\"\/>\n\n\n\n<h4 class=\"wp-block-heading\">Objeto<\/h4>\n\n\n\n<p>Las presentes Condiciones Generales de Venta tienen por objeto definir los derechos y obligaciones de las partes en el marco de la venta online de bienes ofrecidos por Curiosart al consumidor. Estas condiciones, desde el pedido hasta la entrega, son aplicables a cualquier compra realizada en el sitio curiosart.fr.<\/p>\n\n\n\n<h4 class=\"wp-block-heading\">Ordenado<\/h4>\n\n\n\n<p>Todos los precios est\u00e1n expresados en euros, excluyendo los gastos de env\u00edo y todos los impuestos incluidos.<\/p>\n\n\n\n<p>El cliente declara haber le\u00eddo \u00edntegramente y aceptado estas Condiciones Generales de Venta marcando la casilla &quot;Acepto las condiciones generales de venta&quot;, antes de proceder al pago seguro.<\/p>\n\n\n\n<p>La validaci\u00f3n final del pedido por parte del cliente constituir\u00e1 prueba del pedido y pago de las sumas de los productos seleccionados en el pedido. Esta validaci\u00f3n constituye la firma y aceptaci\u00f3n de todas las operaciones realizadas en el sitio curiosart.fr.<\/p>\n\n\n\n<h4 class=\"wp-block-heading\">Pago<\/h4>\n\n\n\n<p>El precio total indicado durante la validaci\u00f3n final del pedido incluye el precio de compra, el embalaje y la entrega.<br>Indicamos a nuestros clientes que los gastos de env\u00edo no pueden constituir una raz\u00f3n v\u00e1lida para cuestionar el pedido despu\u00e9s de su registro final.<\/p>\n\n\n\n<p>El comprador puede pagar de forma segura mediante tarjeta de cr\u00e9dito con Stripe.<\/p>\n\n\n\n<p>Una denegaci\u00f3n de autorizaci\u00f3n por parte del centro bancario conlleva la cancelaci\u00f3n autom\u00e1tica y sin compensaci\u00f3n del pedido. Si ocurre alguna incidencia durante el registro del pedido, es nula y sin efecto y el cliente deber\u00e1 repetir el procedimiento de pedido. El pedido se tiene en cuenta para el pago que se estipula de forma irrevocable, al contado, neto y sin descuento.<\/p>\n\n\n\n<p>Curiosart se reserva el derecho de suspender cualquier gesti\u00f3n de pedido y cualquier entrega en caso de denegaci\u00f3n de autorizaci\u00f3n de pago con tarjeta de cr\u00e9dito de organismos oficialmente acreditados o en caso de impago. Curiosart se reserva en particular el derecho a negarse a realizar una entrega o a cumplir un pedido de un cliente que no haya pagado total o parcialmente un pedido anterior o con el que est\u00e9 en curso una disputa de pago.<\/p>\n\n\n\n<h4 class=\"wp-block-heading\">Retiro, cambio y reembolso<\/h4>\n\n\n\n<p>De acuerdo con el art\u00edculo L 121-20 del C\u00f3digo del Consumidor, el comprador, una persona f\u00edsica no profesional, tiene un plazo de desistimiento de 7 d\u00edas, desde la entrega de su pedido para devolver el producto al vendedor para su cambio o reembolso sin penalizaciones. , a excepci\u00f3n de los gastos de devoluci\u00f3n.<br>Cuando el plazo de siete d\u00edas vence en s\u00e1bado, domingo o d\u00eda festivo o inh\u00e1bil, se prorroga hasta el primer d\u00eda h\u00e1bil siguiente.<\/p>\n\n\n\n<p>Luego debe comunicarse con Curiosart, (propagandart@gmail.com), quien le dir\u00e1 c\u00f3mo regresar.<\/p>\n\n\n\n<p>Los art\u00edculos en cuesti\u00f3n deben devolverse en su embalaje original, intactos, sin suciedad, sin rastro de uso.<\/p>\n\n\n\n<p>Los gastos de env\u00edo de devoluci\u00f3n y los riesgos relacionados con la devoluci\u00f3n de una obra o cualquier otro producto vendido en el sitio curiosart.fr son responsabilidad del cliente. Imprescindible devolver con seguimiento. Una vez que nuestro servicio de atenci\u00f3n al cliente reciba los productos intactos, se cambiar\u00e1 o reembolsar\u00e1 la totalidad del pedido menos los gastos de env\u00edo.<\/p>\n\n\n\n<h4 class=\"wp-block-heading\">Entrega<\/h4>\n\n\n\n<p>Los gastos de env\u00edo no est\u00e1n incluidos en los precios de los productos y se calculan autom\u00e1ticamente, se a\u00f1adir\u00e1n al importe de su pedido tras la validaci\u00f3n de la direcci\u00f3n de entrega.<\/p>\n\n\n\n<p>Curiosart utiliza La Poste con Colissimo dependiendo del \u00e1rea geogr\u00e1fica de entrega.<\/p>\n\n\n\n<p>Este proveedor permite al comprador seguir el env\u00edo de su pedido en l\u00ednea hasta su recepci\u00f3n. Se env\u00eda autom\u00e1ticamente un correo electr\u00f3nico cuando se env\u00edan los productos, siempre que la direcci\u00f3n de correo electr\u00f3nico indicada en el formulario de registro sea correcta.<\/p>\n\n\n\n<p>Una vez recibido, el paquete se entrega al cliente contra firma.<\/p>\n\n\n\n<p>Los plazos de entrega son de 48 a 72 horas para Francia continental y M\u00f3naco.<br>Dependiendo del pedido, es posible un tiempo adicional de preparaci\u00f3n del pedido.<\/p>\n\n\n\n<p>En cualquier momento puede solicitar un seguimiento por correo electr\u00f3nico a propagandart@gmail.com.<\/p>\n\n\n\n<p>La informaci\u00f3n de seguimiento de paquetes solo est\u00e1 disponible durante 30 d\u00edas, as\u00ed que cont\u00e1ctenos dentro de este per\u00edodo de tiempo si no ha recibido su pedido.<\/p>\n\n\n\n<p>Para destinos con poco servicio internacional, los plazos pueden extenderse.<\/p>\n\n\n\n<p>Se especifica que para todos los env\u00edos, los plazos de entrega son a partir del d\u00eda en que Curiosart env\u00eda el pedido y no incluyen s\u00e1bados, domingos y festivos.<\/p>\n\n\n\n<p>Curiosart declina toda responsabilidad en caso de plazos de entrega excesivamente largos debido al medio de transporte. No se realizar\u00e1 ning\u00fan reembolso de los gastos de env\u00edo en caso de entrega dentro de un plazo superior a los indicados.<br>Una vez que el paquete ha sido enviado por nosotros, el \u00fanico responsable es el transportista.<\/p>\n\n\n\n<h4 class=\"wp-block-heading\">Recepci\u00f3n del pedido<\/h4>\n\n\n\n<p>Una vez recibido el pedido, el comprador deber\u00e1 comprobar el buen estado de la mercanc\u00eda.<\/p>\n\n\n\n<p>Si el cliente encuentra que el paquete o su contenido ha sido da\u00f1ado de cualquier forma (paquete perforado, abierto o da\u00f1ado, producto faltante, da\u00f1ado o roto), debe rechazar el paquete y anotar una reserva en el albar\u00e1n de entrega.<\/p>\n\n\n\n<p>El cliente debe entonces formular una queja motivada al transportista dentro de las 48 horas posteriores a la entrega y por carta certificada con acuse de recibo.<br>El comprador es responsable de informar a Curiosart de cualquier reserva sobre el contenido de la entrega, el mismo d\u00eda de la recepci\u00f3n o como m\u00e1ximo el primer d\u00eda h\u00e1bil siguiente a la recepci\u00f3n, propagart@gmail.com<\/p>\n\n\n\n<h4 class=\"wp-block-heading\">Derechos de trabajo y propiedad<\/h4>\n\n\n\n<p>Curiosart sigue siendo propietario de los productos entregados hasta el pago total del precio por parte del cliente.<\/p>\n\n\n\n<p>El artista detr\u00e1s de una obra siempre posee los derechos de autor de su creaci\u00f3n. Los derechos del comprador sobre la obra se limitan a un derecho de uso privado.<\/p>\n\n\n\n<p>Cualquier reproducci\u00f3n de una obra sin el consentimiento del autor est\u00e1 estrictamente prohibida y sancionada por la ley (Art\u00edculo Art. L 122-4. Del C\u00f3digo de Propiedad Intelectual).<\/p>\n\n\n\n<p>Asimismo, todo el contenido del sitio curiosart.fr (fotos, textos, etc.) sigue siendo propiedad exclusiva de Curiosart.<\/p>\n\n\n\n<h4 class=\"wp-block-heading\">Especificaciones y responsabilidad del producto<\/h4>\n\n\n\n<p>Se especifica claramente que la mayor\u00eda de los productos y objetos vendidos en el sitio curiosart.fr est\u00e1n destinados a la decoraci\u00f3n como obras de arte realizadas por artistas.<\/p>\n\n\n\n<p>Cualquier trabajo vendido en el sitio curiosart.fr no es un juguete y solo debe ser manipulado por ni\u00f1os en presencia de sus padres o de un adulto responsable.<br>Por tanto, el comprador se declara plenamente informado de los riesgos y la responsabilidad de Curiosart no puede contraerse por ning\u00fan uso de sus productos fuera del marco puramente decorativo.<\/p>\n\n\n\n<p>Asimismo, Curiosart no se hace responsable en caso de da\u00f1os derivados del uso de la red de Internet tales como interrupci\u00f3n del servicio, intrusiones, virus, p\u00e9rdida de datos, o cualquier otro inconveniente que no dependa de su voluntad.<\/p>\n\n\n\n<h4 class=\"wp-block-heading\">Confidencialidad<\/h4>\n\n\n\n<p>Al confirmar su pedido, Curiosart lo invita a suscribirse a su bolet\u00edn para mantenerlo informado sobre eventos y noticias relacionadas con la actividad del sitio curiosart.fr.<\/p>\n\n\n\n<p>Tiene en cualquier momento el derecho de acceder y rectificar la informaci\u00f3n que le concierne, de conformidad con la Ley de protecci\u00f3n de datos del 6 de enero de 1978. Para ejercer este derecho, simplemente env\u00ede un correo electr\u00f3nico a curiosart.fr . La informaci\u00f3n confidencial relacionada con su cuenta de cliente no ser\u00e1 divulgada bajo ninguna circunstancia por Curiosart.<\/p>\n\n\n\n<h4 class=\"wp-block-heading\">Duraci\u00f3n de estos TCG<\/h4>\n\n\n\n<p>Estas condiciones se aplican durante toda la duraci\u00f3n de los servicios en l\u00ednea ofrecidos por Curiosart. Pueden ser modificados en cualquier momento por Curiosart. Las condiciones aplicables son las vigentes en la fecha de registro del pedido.<\/p>\n\n\n\n<h4 class=\"wp-block-heading\">Territorialidad y ley aplicable<\/h4>\n\n\n\n<p>Las ventas de obras y productos de Curiosart est\u00e1n sujetas a la legislaci\u00f3n francesa. Cualquier disputa que surja de la formaci\u00f3n, interpretaci\u00f3n o ejecuci\u00f3n del Contrato estar\u00e1 sujeta a la jurisdicci\u00f3n exclusiva de los Tribunales de Burdeos.<\/p>\n\n\n\n<p>Se especifica que nuestros servicios est\u00e1n abiertos a personas con capacidad legal para contratar conforme a la legislaci\u00f3n aplicable. En particular, no se permite que los menores tengan acceso a nuestros servicios de venta en l\u00ednea. Solo prevalecer\u00e1 el texto en franc\u00e9s de estas condiciones de venta. Las traducciones a otros idiomas son solo para informaci\u00f3n. Si una disposici\u00f3n del presente es considerada inv\u00e1lida por una jurisdicci\u00f3n competente, esta nulidad no afectar\u00e1 a las dem\u00e1s disposiciones que conservar\u00e1n todos sus efectos. La falta de ejercicio de un derecho aqu\u00ed reconocido no constituir\u00e1 una renuncia al mismo.<\/p>","protected":false},"excerpt":{"rendered":"<p>Objet Les pr\u00e9sentes Conditions G\u00e9n\u00e9rales de Vente ont pour but de d\u00e9finir les droits et obligations des parties dans le cadre de la vente en ligne de biens propos\u00e9s par Curiosart au consommateur. Ces conditions, de la commande \u00e0 la livraison, sont applicables \u00e0 tout achat effectu\u00e9 sur le site curiosart.fr. Commande Tous les prix [&hellip;]<\/p>\n","protected":false},"author":1,"featured_media":0,"parent":0,"menu_order":9,"comment_status":"closed","ping_status":"closed","template":"","meta":{"_uag_custom_page_level_css":"","site-sidebar-layout":"default","site-content-layout":"content-boxed-container","ast-site-content-layout":"default","site-content-style":"default","site-sidebar-style":"default","ast-global-header-display":"","ast-banner-title-visibility":"","ast-main-header-display":"","ast-hfb-above-header-display":"","ast-hfb-below-header-display":"","ast-hfb-mobile-header-display":"","site-post-title":"","ast-breadcrumbs-content":"disabled","ast-featured-img":"disabled","footer-sml-layout":"","ast-disable-related-posts":"","theme-transparent-header-meta":"default","adv-header-id-meta":"","stick-header-meta":"default","header-above-stick-meta":"","header-main-stick-meta":"","header-below-stick-meta":"","astra-migrate-meta-layouts":"default","ast-page-background-enabled":"default","ast-page-background-meta":{"desktop":{"background-color":"","background-image":"","background-repeat":"repeat","background-position":"center center","background-size":"auto","background-attachment":"scroll","background-type":"","background-media":"","overlay-type":"","overlay-color":"","overlay-opacity":"","overlay-gradient":""},"tablet":{"background-color":"","background-image":"","background-repeat":"repeat","background-position":"center center","background-size":"auto","background-attachment":"scroll","background-type":"","background-media":"","overlay-type":"","overlay-color":"","overlay-opacity":"","overlay-gradient":""},"mobile":{"background-color":"","background-image":"","background-repeat":"repeat","background-position":"center center","background-size":"auto","background-attachment":"scroll","background-type":"","background-media":"","overlay-type":"","overlay-color":"","overlay-opacity":"","overlay-gradient":""}},"ast-content-background-meta":{"desktop":{"background-color":"var(--ast-global-color-5)","background-image":"","background-repeat":"repeat","background-position":"center center","background-size":"auto","background-attachment":"scroll","background-type":"","background-media":"","overlay-type":"","overlay-color":"","overlay-opacity":"","overlay-gradient":""},"tablet":{"background-color":"var(--ast-global-color-5)","background-image":"","background-repeat":"repeat","background-position":"center center","background-size":"auto","background-attachment":"scroll","background-type":"","background-media":"","overlay-type":"","overlay-color":"","overlay-opacity":"","overlay-gradient":""},"mobile":{"background-color":"var(--ast-global-color-5)","background-image":"","background-repeat":"repeat","background-position":"center center","background-size":"auto","background-attachment":"scroll","background-type":"","background-media":"","overlay-type":"","overlay-color":"","overlay-opacity":"","overlay-gradient":""}},"footnotes":""},"class_list":["post-2660","page","type-page","status-publish","hentry"],"uagb_featured_image_src":{"full":false,"thumbnail":false,"medium":false,"medium_large":false,"large":false,"1536x1536":false,"2048x2048":false,"trp-custom-language-flag":false,"woocommerce_thumbnail":false,"woocommerce_single":false,"woocommerce_gallery_thumbnail":false},"uagb_author_info":{"display_name":"dfuzionadmin","author_link":"https:\/\/curiosart.fr\/es\/author\/dfuzionadmin\/"},"uagb_comment_info":0,"uagb_excerpt":"Objet Les pr\u00e9sentes Conditions G\u00e9n\u00e9rales de Vente ont pour but de d\u00e9finir les droits et obligations des parties dans le cadre de la vente en ligne de biens propos\u00e9s par Curiosart au consommateur. Ces conditions, de la commande \u00e0 la livraison, sont applicables \u00e0 tout achat effectu\u00e9 sur le site curiosart.fr. Commande Tous les prix&hellip;","_links":{"self":[{"href":"https:\/\/curiosart.fr\/es\/wp-json\/wp\/v2\/pages\/2660","targetHints":{"allow":["GET"]}}],"collection":[{"href":"https:\/\/curiosart.fr\/es\/wp-json\/wp\/v2\/pages"}],"about":[{"href":"https:\/\/curiosart.fr\/es\/wp-json\/wp\/v2\/types\/page"}],"author":[{"embeddable":true,"href":"https:\/\/curiosart.fr\/es\/wp-json\/wp\/v2\/users\/1"}],"replies":[{"embeddable":true,"href":"https:\/\/curiosart.fr\/es\/wp-json\/wp\/v2\/comments?post=2660"}],"version-history":[{"count":0,"href":"https:\/\/curiosart.fr\/es\/wp-json\/wp\/v2\/pages\/2660\/revisions"}],"wp:attachment":[{"href":"https:\/\/curiosart.fr\/es\/wp-json\/wp\/v2\/media?parent=2660"}],"curies":[{"name":"gracias","href":"https:\/\/api.w.org\/{rel}","templated":true}]}}