{"id":2599,"date":"2021-02-03T07:48:16","date_gmt":"2021-02-03T06:48:16","guid":{"rendered":"https:\/\/curiosart.fr\/?page_id=2599"},"modified":"2024-07-09T19:22:10","modified_gmt":"2024-07-09T17:22:10","slug":"accueil","status":"publish","type":"page","link":"https:\/\/curiosart.fr\/es\/","title":{"rendered":"Ediciones de litograf\u00eda urbana y street art"},"content":{"rendered":"\n<div class=\"wp-block-cover sectionfull js-tilt safari_only\"><span aria-hidden=\"true\" class=\"wp-block-cover__background has-background-dim-40 has-background-dim\"><\/span><img loading=\"lazy\" decoding=\"async\" width=\"1000\" height=\"1000\" class=\"wp-block-cover__image-background wp-image-2388\" alt=\"Augustine Kofie - Gravitate Tone\" src=\"https:\/\/curiosart.fr\/wp-content\/uploads\/2021\/01\/Augustine_Kofie_limited_edition_print_Galerie_Openspace_4.jpg\" data-object-fit=\"cover\" title=\"Edition Lithographie Street Art -\" srcset=\"https:\/\/curiosart.fr\/wp-content\/uploads\/2021\/01\/Augustine_Kofie_limited_edition_print_Galerie_Openspace_4.jpg 1000w, https:\/\/curiosart.fr\/wp-content\/uploads\/2021\/01\/Augustine_Kofie_limited_edition_print_Galerie_Openspace_4-200x200.jpg 200w, https:\/\/curiosart.fr\/wp-content\/uploads\/2021\/01\/Augustine_Kofie_limited_edition_print_Galerie_Openspace_4-150x150.jpg 150w, https:\/\/curiosart.fr\/wp-content\/uploads\/2021\/01\/Augustine_Kofie_limited_edition_print_Galerie_Openspace_4-400x400.jpg 400w, https:\/\/curiosart.fr\/wp-content\/uploads\/2021\/01\/Augustine_Kofie_limited_edition_print_Galerie_Openspace_4-300x300.jpg 300w, https:\/\/curiosart.fr\/wp-content\/uploads\/2021\/01\/Augustine_Kofie_limited_edition_print_Galerie_Openspace_4-768x768.jpg 768w\" sizes=\"auto, (max-width: 1000px) 100vw, 1000px\" \/><div class=\"wp-block-cover__inner-container is-layout-flow wp-block-cover-is-layout-flow\">\n<div class=\"wp-block-image home_logo\"><h1><figure class=\"aligncenter size-medium\"><a href=\"https:\/\/curiosart.fr\/boutique\/\"><img loading=\"lazy\" decoding=\"async\" width=\"300\" height=\"96\" src=\"https:\/\/curiosart.fr\/wp-content\/uploads\/2021\/02\/curiosart1-b-300x96.png\" alt=\"Lithographies editions d&#039;art CURIOS|ART\" class=\"wp-image-2636\" title=\"Edition Lithographie Street Art -\" srcset=\"https:\/\/curiosart.fr\/wp-content\/uploads\/2021\/02\/curiosart1-b-300x96.png 300w, https:\/\/curiosart.fr\/wp-content\/uploads\/2021\/02\/curiosart1-b-200x64.png 200w, https:\/\/curiosart.fr\/wp-content\/uploads\/2021\/02\/curiosart1-b-150x48.png 150w, https:\/\/curiosart.fr\/wp-content\/uploads\/2021\/02\/curiosart1-b-400x128.png 400w, https:\/\/curiosart.fr\/wp-content\/uploads\/2021\/02\/curiosart1-b.png 480w\" sizes=\"auto, (max-width: 300px) 100vw, 300px\" \/><\/a><\/figure><\/h1><\/div>\n\n\n\n<div class=\"wp-block-buttons is-horizontal is-content-justification-center is-layout-flex wp-container-core-buttons-is-layout-03627597 wp-block-buttons-is-layout-flex\">\n<div class=\"wp-block-button\"><a class=\"wp-block-button__link has-black-background-color has-background no-border-radius wp-element-button\" href=\"https:\/\/curiosart.fr\/boutique\/\">Curious?<\/a><\/div>\n<\/div>\n\n\n\n<div style=\"height:30px\" aria-hidden=\"true\" class=\"wp-block-spacer\"><\/div>\n\n\n\n<h2 class=\"wp-block-heading has-text-align-center has-white-color has-text-color\"><strong>Editions d&rsquo;Art | Lithographies | Arts Graphiques<br>Art Urbain | Street Art | Pop culture<\/strong><\/h2>\n<\/div><\/div>\n\n\n\n<div style=\"height:60px\" aria-hidden=\"true\" class=\"wp-block-spacer\"><\/div>\n\n\n\n<section class=\"wp-block-uagb-columns uagb-columns__wrap uagb-columns__background-none uagb-columns__stack-mobile uagb-columns__valign- uagb-columns__gap-10 align uagb-block-59001a88 uagb-columns__columns-1 uagb-columns__max_width-custom\"><div class=\"uagb-columns__overlay\"><\/div><div class=\"uagb-columns__inner-wrap uagb-columns__columns-1\">\n<div class=\"wp-block-uagb-column uagb-column__wrap uagb-column__background-undefined uagb-block-11a18861\"><div class=\"uagb-column__overlay\"><\/div>\n<h4 class=\"wp-block-heading has-text-align-center\">Curios|Art est sans cesse \u00e0 le recherche de cr\u00e9ations d&rsquo;artistes. Street Art, Art Urbain, Pop Culture, notre galerie propose une s\u00e9lection d\u2019oeuvres originales en s\u00e9rie limit\u00e9e de ces courants artistiques contemporains.<\/h4>\n<\/div>\n<\/div><\/section>\n\n\n\n<section class=\"wp-block-uagb-columns uagb-columns__wrap uagb-columns__background-none uagb-columns__stack-mobile uagb-columns__valign- uagb-columns__gap-10 align uagb-block-dbc2dab2 uagb-columns__columns-1 uagb-columns__max_width-theme\"><div class=\"uagb-columns__overlay\"><\/div><div class=\"uagb-columns__inner-wrap uagb-columns__columns-1\">\n<div class=\"wp-block-uagb-column uagb-column__wrap uagb-column__background-undefined uagb-block-6f6a5905\"><div class=\"uagb-column__overlay\"><\/div>\n<div class=\"wp-block-uagb-advanced-heading uagb-block-5f5c2f80\"><h2 class=\"uagb-heading-text\">notre s\u00e9lection<\/h2><div class=\"uagb-separator\"><\/div><p class=\"uagb-desc-text\">El Pez, Obey, RNST et Jerk45 en s\u00e9rigraphies num\u00e9rot\u00e9es et Open Edition<\/p><\/div>\n\n\n\n<div style=\"height:30px\" aria-hidden=\"true\" class=\"wp-block-spacer\"><\/div>\n\n\n<div data-block-name=\"woocommerce\/handpicked-products\" data-columns=\"4\" data-content-visibility=\"{&quot;title&quot;:true,&quot;price&quot;:true,&quot;rating&quot;:false,&quot;button&quot;:true}\" data-products=\"[3227,3042,2937,2367]\" class=\"wc-block-grid wp-block-handpicked-products wp-block-woocommerce-handpicked-products wc-block-handpicked-products has-4-columns has-multiple-rows\"><ul class=\"wc-block-grid__products\"><li class=\"wc-block-grid__product\">\n\t\t\t\t<a href=\"https:\/\/curiosart.fr\/es\/boutique\/pez-atrapa-las-estrellas-uno\/\" class=\"wc-block-grid__product-link\">\n\t\t\t\t\t\n\t\t\t\t\t<div class=\"wc-block-grid__product-image\"><img loading=\"lazy\" decoding=\"async\" width=\"200\" height=\"291\" src=\"https:\/\/curiosart.fr\/wp-content\/uploads\/2021\/12\/00-00-pez-catch-the-stars-standard-edition-i-1xrun-02-200x291.webp\" class=\"attachment-woocommerce_thumbnail size-woocommerce_thumbnail\" alt=\"Catch The Stars I\" srcset=\"https:\/\/curiosart.fr\/wp-content\/uploads\/2021\/12\/00-00-pez-catch-the-stars-standard-edition-i-1xrun-02-200x291.webp 200w, https:\/\/curiosart.fr\/wp-content\/uploads\/2021\/12\/00-00-pez-catch-the-stars-standard-edition-i-1xrun-02-103x150.webp 103w, https:\/\/curiosart.fr\/wp-content\/uploads\/2021\/12\/00-00-pez-catch-the-stars-standard-edition-i-1xrun-02-400x583.webp 400w, https:\/\/curiosart.fr\/wp-content\/uploads\/2021\/12\/00-00-pez-catch-the-stars-standard-edition-i-1xrun-02-206x300.webp 206w, https:\/\/curiosart.fr\/wp-content\/uploads\/2021\/12\/00-00-pez-catch-the-stars-standard-edition-i-1xrun-02-8x12.webp 8w, https:\/\/curiosart.fr\/wp-content\/uploads\/2021\/12\/00-00-pez-catch-the-stars-standard-edition-i-1xrun-02.webp 525w\" sizes=\"auto, (max-width: 200px) 100vw, 200px\" title=\"Edition Lithographie Street Art -\"><\/div>\n\t\t\t\t\t<div class=\"wc-block-grid__product-title\">Catch The Stars I<\/div>\n\t\t\t\t<\/a>\n\t\t\t\t<div class=\"wc-block-grid__product-price price\"><span class=\"woocommerce-Price-amount amount\">350,00<span class=\"woocommerce-Price-currencySymbol\">&euro;<\/span><\/span><\/div>\n\t\t\t\t\n\t\t\t\t<div class=\"wp-block-button wc-block-grid__product-add-to-cart\"><a href=\"\/es\/wp-json\/wp\/v2\/pages\/2599?add-to-cart=3227\" aria-label=\"A\u00f1adir al carrito: &ldquo;Catch The Stars I&rdquo;\" data-quantity=\"1\" data-product_id=\"3227\" data-product_sku=\"\" data-price=\"350\" rel=\"nofollow\" class=\"wp-block-button__link  add_to_cart_button ajax_add_to_cart\">A\u00f1adir al carrito<\/a><\/div>\n\t\t\t<\/li><li class=\"wc-block-grid__product\">\n\t\t\t\t<a href=\"https:\/\/curiosart.fr\/es\/boutique\/obedecer-con-los-ojos-abiertos\/\" class=\"wc-block-grid__product-link\">\n\t\t\t\t\t\n\t\t\t\t\t<div class=\"wc-block-grid__product-image\"><img loading=\"lazy\" decoding=\"async\" width=\"200\" height=\"304\" src=\"https:\/\/curiosart.fr\/wp-content\/uploads\/2021\/05\/IMG_4987-scaled-e1632079292528-200x304.jpeg\" class=\"attachment-woocommerce_thumbnail size-woocommerce_thumbnail\" alt=\"EYES OPEN OBEY\" srcset=\"https:\/\/curiosart.fr\/wp-content\/uploads\/2021\/05\/IMG_4987-scaled-e1632079292528-200x304.jpeg 200w, https:\/\/curiosart.fr\/wp-content\/uploads\/2021\/05\/IMG_4987-scaled-e1632079292528-99x150.jpeg 99w, https:\/\/curiosart.fr\/wp-content\/uploads\/2021\/05\/IMG_4987-scaled-e1632079292528-400x608.jpeg 400w, https:\/\/curiosart.fr\/wp-content\/uploads\/2021\/05\/IMG_4987-scaled-e1632079292528-197x300.jpeg 197w, https:\/\/curiosart.fr\/wp-content\/uploads\/2021\/05\/IMG_4987-scaled-e1632079292528-673x1024.jpeg 673w, https:\/\/curiosart.fr\/wp-content\/uploads\/2021\/05\/IMG_4987-scaled-e1632079292528-768x1168.jpeg 768w, https:\/\/curiosart.fr\/wp-content\/uploads\/2021\/05\/IMG_4987-scaled-e1632079292528-1010x1536.jpeg 1010w, https:\/\/curiosart.fr\/wp-content\/uploads\/2021\/05\/IMG_4987-scaled-e1632079292528-1347x2048.jpeg 1347w, https:\/\/curiosart.fr\/wp-content\/uploads\/2021\/05\/IMG_4987-scaled-e1632079292528-8x12.jpeg 8w, https:\/\/curiosart.fr\/wp-content\/uploads\/2021\/05\/IMG_4987-scaled-e1632079292528.jpeg 1670w\" sizes=\"auto, (max-width: 200px) 100vw, 200px\" title=\"Edition Lithographie Street Art -\"><\/div>\n\t\t\t\t\t<div class=\"wc-block-grid__product-title\">Eyes Open<\/div>\n\t\t\t\t<\/a>\n\t\t\t\t<div class=\"wc-block-grid__product-price price\"><del aria-hidden=\"true\"><span class=\"woocommerce-Price-amount amount\">140,00<span class=\"woocommerce-Price-currencySymbol\">&euro;<\/span><\/span><\/del> <span class=\"screen-reader-text\">El precio original era: 140,00&euro;.<\/span><ins aria-hidden=\"true\"><span class=\"woocommerce-Price-amount amount\">120,00<span class=\"woocommerce-Price-currencySymbol\">&euro;<\/span><\/span><\/ins><span class=\"screen-reader-text\">El precio actual es: 120,00&euro;.<\/span><\/div>\n\t\t\t\t\n\t\t\t\t<div class=\"wp-block-button wc-block-grid__product-add-to-cart\"><a href=\"\/es\/wp-json\/wp\/v2\/pages\/2599?add-to-cart=3042\" aria-label=\"A\u00f1adir al carrito: &ldquo;Eyes Open&rdquo;\" data-quantity=\"1\" data-product_id=\"3042\" data-product_sku=\"\" data-price=\"120\" rel=\"nofollow\" class=\"wp-block-button__link  add_to_cart_button ajax_add_to_cart\">A\u00f1adir al carrito<\/a><\/div>\n\t\t\t<\/li><li class=\"wc-block-grid__product\">\n\t\t\t\t<a href=\"https:\/\/curiosart.fr\/es\/boutique\/jerk45-el-peso-del-mundo\/\" class=\"wc-block-grid__product-link\">\n\t\t\t\t\t\n\t\t\t\t\t<div class=\"wc-block-grid__product-image\"><img loading=\"lazy\" decoding=\"async\" width=\"200\" height=\"252\" src=\"https:\/\/curiosart.fr\/wp-content\/uploads\/2021\/03\/IMG_4803-scaled-200x252.jpeg\" class=\"attachment-woocommerce_thumbnail size-woocommerce_thumbnail\" alt=\"Jerk45 - Le poids du monde\" srcset=\"https:\/\/curiosart.fr\/wp-content\/uploads\/2021\/03\/IMG_4803-scaled-200x252.jpeg 200w, https:\/\/curiosart.fr\/wp-content\/uploads\/2021\/03\/IMG_4803-scaled-119x150.jpeg 119w, https:\/\/curiosart.fr\/wp-content\/uploads\/2021\/03\/IMG_4803-scaled-400x503.jpeg 400w, https:\/\/curiosart.fr\/wp-content\/uploads\/2021\/03\/IMG_4803-238x300.jpeg 238w, https:\/\/curiosart.fr\/wp-content\/uploads\/2021\/03\/IMG_4803-814x1024.jpeg 814w, https:\/\/curiosart.fr\/wp-content\/uploads\/2021\/03\/IMG_4803-768x966.jpeg 768w, https:\/\/curiosart.fr\/wp-content\/uploads\/2021\/03\/IMG_4803-1221x1536.jpeg 1221w, https:\/\/curiosart.fr\/wp-content\/uploads\/2021\/03\/IMG_4803-1628x2048.jpeg 1628w, https:\/\/curiosart.fr\/wp-content\/uploads\/2021\/03\/IMG_4803-10x12.jpeg 10w, https:\/\/curiosart.fr\/wp-content\/uploads\/2021\/03\/IMG_4803-scaled.jpeg 2035w\" sizes=\"auto, (max-width: 200px) 100vw, 200px\" title=\"Edition Lithographie Street Art -\"><\/div>\n\t\t\t\t\t<div class=\"wc-block-grid__product-title\">Le poids du monde<\/div>\n\t\t\t\t<\/a>\n\t\t\t\t<div class=\"wc-block-grid__product-price price\"><span class=\"woocommerce-Price-amount amount\">200,00<span class=\"woocommerce-Price-currencySymbol\">&euro;<\/span><\/span><\/div>\n\t\t\t\t\n\t\t\t\t<div class=\"wp-block-button wc-block-grid__product-add-to-cart\"><a href=\"\/es\/wp-json\/wp\/v2\/pages\/2599?add-to-cart=2937\" aria-label=\"A\u00f1adir al carrito: &ldquo;Le poids du monde&rdquo;\" data-quantity=\"1\" data-product_id=\"2937\" data-product_sku=\"\" data-price=\"200\" rel=\"nofollow\" class=\"wp-block-button__link  add_to_cart_button ajax_add_to_cart\">A\u00f1adir al carrito<\/a><\/div>\n\t\t\t<\/li><li class=\"wc-block-grid__product\">\n\t\t\t\t<a href=\"https:\/\/curiosart.fr\/es\/boutique\/obedecer-a-bob-marley-el-sol-esta-brillando\/\" class=\"wc-block-grid__product-link\">\n\t\t\t\t\t\n\t\t\t\t\t<div class=\"wc-block-grid__product-image\"><img loading=\"lazy\" decoding=\"async\" width=\"200\" height=\"211\" src=\"https:\/\/curiosart.fr\/wp-content\/uploads\/2021\/01\/Marley-Sun-is-Shinning-FNL-e1611421951299-200x211.jpg\" class=\"attachment-woocommerce_thumbnail size-woocommerce_thumbnail\" alt=\"Obey - Bob Marley - Sun is Shining\" srcset=\"https:\/\/curiosart.fr\/wp-content\/uploads\/2021\/01\/Marley-Sun-is-Shinning-FNL-e1611421951299-200x211.jpg 200w, https:\/\/curiosart.fr\/wp-content\/uploads\/2021\/01\/Marley-Sun-is-Shinning-FNL-e1611421951299-142x150.jpg 142w, https:\/\/curiosart.fr\/wp-content\/uploads\/2021\/01\/Marley-Sun-is-Shinning-FNL-e1611421951299-400x422.jpg 400w, https:\/\/curiosart.fr\/wp-content\/uploads\/2021\/01\/Marley-Sun-is-Shinning-FNL-e1611421951299-284x300.jpg 284w, https:\/\/curiosart.fr\/wp-content\/uploads\/2021\/01\/Marley-Sun-is-Shinning-FNL-e1611421951299-970x1024.jpg 970w, https:\/\/curiosart.fr\/wp-content\/uploads\/2021\/01\/Marley-Sun-is-Shinning-FNL-e1611421951299-768x811.jpg 768w, https:\/\/curiosart.fr\/wp-content\/uploads\/2021\/01\/Marley-Sun-is-Shinning-FNL-e1611421951299.jpg 1176w\" sizes=\"auto, (max-width: 200px) 100vw, 200px\" title=\"Edition Lithographie Street Art -\"><\/div>\n\t\t\t\t\t<div class=\"wc-block-grid__product-title\">Bob Marley &#8211; Sun is Shining<\/div>\n\t\t\t\t<\/a>\n\t\t\t\t<div class=\"wc-block-grid__product-price price\"><del aria-hidden=\"true\"><span class=\"woocommerce-Price-amount amount\">640,00<span class=\"woocommerce-Price-currencySymbol\">&euro;<\/span><\/span><\/del> <span class=\"screen-reader-text\">El precio original era: 640,00&euro;.<\/span><ins aria-hidden=\"true\"><span class=\"woocommerce-Price-amount amount\">590,00<span class=\"woocommerce-Price-currencySymbol\">&euro;<\/span><\/span><\/ins><span class=\"screen-reader-text\">El precio actual es: 590,00&euro;.<\/span><\/div>\n\t\t\t\t\n\t\t\t\t<div class=\"wp-block-button wc-block-grid__product-add-to-cart\"><a href=\"\/es\/wp-json\/wp\/v2\/pages\/2599?add-to-cart=2367\" aria-label=\"A\u00f1adir al carrito: &ldquo;Bob Marley - Sun is Shining&rdquo;\" data-quantity=\"1\" data-product_id=\"2367\" data-product_sku=\"\" data-price=\"590\" rel=\"nofollow\" class=\"wp-block-button__link  add_to_cart_button ajax_add_to_cart\">A\u00f1adir al carrito<\/a><\/div>\n\t\t\t<\/li><\/ul><\/div>\n\n\n<div class=\"wp-block-uagb-advanced-heading uagb-block-053ffcf7 uag-hide-desktop uag-hide-tab uag-hide-mob uag-hide-desktop uag-hide-tab uag-hide-mob\"><h2 class=\"uagb-heading-text\">les artistes<\/h2><div class=\"uagb-separator\"><\/div><p class=\"uagb-desc-text\">Scott Albrecht, Obey, RNST et Jerk45 en tirage num\u00e9rot\u00e9e, ou Open Edition<\/p><\/div>\n\n\n\n<div style=\"height:30px\" aria-hidden=\"true\" class=\"wp-block-spacer\"><\/div>\n<\/div>\n<\/div><\/section>\n","protected":false},"excerpt":{"rendered":"<p>Curios|Art est sans cesse \u00e0 le recherche de cr\u00e9ations d&rsquo;artistes. Street Art, Art Urbain, Pop Culture, notre galerie propose une s\u00e9lection d\u2019oeuvres originales en s\u00e9rie limit\u00e9e de ces courants artistiques contemporains. notre s\u00e9lection El Pez, Obey, RNST et Jerk45 en s\u00e9rigraphies num\u00e9rot\u00e9es et Open Edition les artistes Scott Albrecht, Obey, RNST et Jerk45 en tirage [&hellip;]<\/p>\n","protected":false},"author":1,"featured_media":0,"parent":0,"menu_order":0,"comment_status":"closed","ping_status":"closed","template":"","meta":{"_uag_custom_page_level_css":"","site-sidebar-layout":"no-sidebar","site-content-layout":"page-builder","ast-site-content-layout":"full-width-container","site-content-style":"unboxed","site-sidebar-style":"unboxed","ast-global-header-display":"","ast-banner-title-visibility":"","ast-main-header-display":"","ast-hfb-above-header-display":"","ast-hfb-below-header-display":"","ast-hfb-mobile-header-display":"","site-post-title":"disabled","ast-breadcrumbs-content":"disabled","ast-featured-img":"disabled","footer-sml-layout":"","ast-disable-related-posts":"","theme-transparent-header-meta":"enabled","adv-header-id-meta":"","stick-header-meta":"default","header-above-stick-meta":"","header-main-stick-meta":"","header-below-stick-meta":"","astra-migrate-meta-layouts":"set","ast-page-background-enabled":"default","ast-page-background-meta":{"desktop":{"background-color":"","background-image":"","background-repeat":"repeat","background-position":"center center","background-size":"auto","background-attachment":"scroll","background-type":"","background-media":"","overlay-type":"","overlay-color":"","overlay-opacity":"","overlay-gradient":""},"tablet":{"background-color":"","background-image":"","background-repeat":"repeat","background-position":"center center","background-size":"auto","background-attachment":"scroll","background-type":"","background-media":"","overlay-type":"","overlay-color":"","overlay-opacity":"","overlay-gradient":""},"mobile":{"background-color":"","background-image":"","background-repeat":"repeat","background-position":"center center","background-size":"auto","background-attachment":"scroll","background-type":"","background-media":"","overlay-type":"","overlay-color":"","overlay-opacity":"","overlay-gradient":""}},"ast-content-background-meta":{"desktop":{"background-color":"var(--ast-global-color-5)","background-image":"","background-repeat":"repeat","background-position":"center center","background-size":"auto","background-attachment":"scroll","background-type":"","background-media":"","overlay-type":"","overlay-color":"","overlay-opacity":"","overlay-gradient":""},"tablet":{"background-color":"var(--ast-global-color-5)","background-image":"","background-repeat":"repeat","background-position":"center center","background-size":"auto","background-attachment":"scroll","background-type":"","background-media":"","overlay-type":"","overlay-color":"","overlay-opacity":"","overlay-gradient":""},"mobile":{"background-color":"var(--ast-global-color-5)","background-image":"","background-repeat":"repeat","background-position":"center center","background-size":"auto","background-attachment":"scroll","background-type":"","background-media":"","overlay-type":"","overlay-color":"","overlay-opacity":"","overlay-gradient":""}},"footnotes":""},"class_list":["post-2599","page","type-page","status-publish","hentry"],"uagb_featured_image_src":{"full":false,"thumbnail":false,"medium":false,"medium_large":false,"large":false,"1536x1536":false,"2048x2048":false,"trp-custom-language-flag":false,"woocommerce_thumbnail":false,"woocommerce_single":false,"woocommerce_gallery_thumbnail":false},"uagb_author_info":{"display_name":"dfuzionadmin","author_link":"https:\/\/curiosart.fr\/es\/author\/dfuzionadmin\/"},"uagb_comment_info":0,"uagb_excerpt":"Curios|Art est sans cesse \u00e0 le recherche de cr\u00e9ations d&rsquo;artistes. Street Art, Art Urbain, Pop Culture, notre galerie propose une s\u00e9lection d\u2019oeuvres originales en s\u00e9rie limit\u00e9e de ces courants artistiques contemporains. notre s\u00e9lection El Pez, Obey, RNST et Jerk45 en s\u00e9rigraphies num\u00e9rot\u00e9es et Open Edition les artistes Scott Albrecht, Obey, RNST et Jerk45 en tirage&hellip;","_links":{"self":[{"href":"https:\/\/curiosart.fr\/es\/wp-json\/wp\/v2\/pages\/2599","targetHints":{"allow":["GET"]}}],"collection":[{"href":"https:\/\/curiosart.fr\/es\/wp-json\/wp\/v2\/pages"}],"about":[{"href":"https:\/\/curiosart.fr\/es\/wp-json\/wp\/v2\/types\/page"}],"author":[{"embeddable":true,"href":"https:\/\/curiosart.fr\/es\/wp-json\/wp\/v2\/users\/1"}],"replies":[{"embeddable":true,"href":"https:\/\/curiosart.fr\/es\/wp-json\/wp\/v2\/comments?post=2599"}],"version-history":[{"count":1,"href":"https:\/\/curiosart.fr\/es\/wp-json\/wp\/v2\/pages\/2599\/revisions"}],"predecessor-version":[{"id":3661,"href":"https:\/\/curiosart.fr\/es\/wp-json\/wp\/v2\/pages\/2599\/revisions\/3661"}],"wp:attachment":[{"href":"https:\/\/curiosart.fr\/es\/wp-json\/wp\/v2\/media?parent=2599"}],"curies":[{"name":"gracias","href":"https:\/\/api.w.org\/{rel}","templated":true}]}}