{"id":3261,"date":"2021-11-14T15:05:33","date_gmt":"2021-11-14T14:05:33","guid":{"rendered":"https:\/\/curiosart.fr\/?post_type=product&#038;p=3261"},"modified":"2023-06-02T07:54:53","modified_gmt":"2023-06-02T05:54:53","slug":"state-violence-control-obey-noise-copie","status":"publish","type":"product","link":"https:\/\/curiosart.fr\/en\/boutique\/state-violence-control-obey-noise-copy\/","title":{"rendered":"State Violence State Control 7\u2033 (Obey &amp; Noise)"},"content":{"rendered":"<p>Born in 1970 in Charleston, United States, and graduated from BA Rhode Island School of Design, Shepard Fairey now lives and works in Los Angeles. Coming from the skateboard scene, he first became known through the Andr\u00e9 the Giant Has a Posse stickers, which gave the Obey Giant campaign. His work gained worldwide recognition during the 2008 US presidential campaign, with the creation of Barack Obama&#039;s HOPE poster that would become an iconic image of the campaign.<br \/>\nThe Boston Institute of Contemporary Art considers Obey to be one of the best and most influential Street Art artists of the day.<\/p>","protected":false},"excerpt":{"rendered":"<h2>Sheppard Fairey (Obey) and Noise.<br \/>\nState Violence State Control, 2021<\/h2>\n<p>Cover design by Obey.<br \/>\n7\u2033 vinyl record (45 rpm).<br \/>\nSigned by Shepard Fairey.<br \/>\nOpen Edition of 500.<br \/>\nProtected in its transparent plastic sleeve.<br \/>\nDimensions: 18.4 x 18.4 x 0.3 cm<\/p>","protected":false},"featured_media":3264,"template":"","meta":{"_uag_custom_page_level_css":"","site-sidebar-layout":"default","site-content-layout":"default","ast-site-content-layout":"default","site-content-style":"default","site-sidebar-style":"default","ast-global-header-display":"","ast-banner-title-visibility":"","ast-main-header-display":"","ast-hfb-above-header-display":"","ast-hfb-below-header-display":"","ast-hfb-mobile-header-display":"","site-post-title":"","ast-breadcrumbs-content":"","ast-featured-img":"","footer-sml-layout":"","ast-disable-related-posts":"","theme-transparent-header-meta":"default","adv-header-id-meta":"","stick-header-meta":"default","header-above-stick-meta":"","header-main-stick-meta":"","header-below-stick-meta":"","astra-migrate-meta-layouts":"default","ast-page-background-enabled":"default","ast-page-background-meta":{"desktop":{"background-color":"","background-image":"","background-repeat":"repeat","background-position":"center center","background-size":"auto","background-attachment":"scroll","background-type":"","background-media":"","overlay-type":"","overlay-color":"","overlay-opacity":"","overlay-gradient":""},"tablet":{"background-color":"","background-image":"","background-repeat":"repeat","background-position":"center center","background-size":"auto","background-attachment":"scroll","background-type":"","background-media":"","overlay-type":"","overlay-color":"","overlay-opacity":"","overlay-gradient":""},"mobile":{"background-color":"","background-image":"","background-repeat":"repeat","background-position":"center center","background-size":"auto","background-attachment":"scroll","background-type":"","background-media":"","overlay-type":"","overlay-color":"","overlay-opacity":"","overlay-gradient":""}},"ast-content-background-meta":{"desktop":{"background-color":"var(--ast-global-color-5)","background-image":"","background-repeat":"repeat","background-position":"center center","background-size":"auto","background-attachment":"scroll","background-type":"","background-media":"","overlay-type":"","overlay-color":"","overlay-opacity":"","overlay-gradient":""},"tablet":{"background-color":"var(--ast-global-color-5)","background-image":"","background-repeat":"repeat","background-position":"center center","background-size":"auto","background-attachment":"scroll","background-type":"","background-media":"","overlay-type":"","overlay-color":"","overlay-opacity":"","overlay-gradient":""},"mobile":{"background-color":"var(--ast-global-color-5)","background-image":"","background-repeat":"repeat","background-position":"center center","background-size":"auto","background-attachment":"scroll","background-type":"","background-media":"","overlay-type":"","overlay-color":"","overlay-opacity":"","overlay-gradient":""}}},"product_brand":[],"product_cat":[22,38],"product_tag":[],"class_list":{"0":"post-3261","1":"product","2":"type-product","3":"status-publish","4":"has-post-thumbnail","6":"product_cat-obey-shepard-fairey","7":"product_cat-musique","8":"desktop-align-center","9":"tablet-align-center","10":"mobile-align-center","11":"ast-product-gallery-layout-horizontal","12":"ast-magnify-disabled","13":"ast-product-tabs-layout-horizontal","15":"first","16":"instock","17":"shipping-taxable","18":"purchasable","19":"product-type-simple"},"uagb_featured_image_src":{"full":["https:\/\/curiosart.fr\/wp-content\/uploads\/2021\/11\/Shepard-Fairey-State_Violence_State_Control-1-scaled-e1641284404714.jpeg",1065,1071,false],"thumbnail":["https:\/\/curiosart.fr\/wp-content\/uploads\/2021\/11\/Shepard-Fairey-State_Violence_State_Control-1-scaled-e1641284404714-150x150.jpeg",150,150,true],"medium":["https:\/\/curiosart.fr\/wp-content\/uploads\/2021\/11\/Shepard-Fairey-State_Violence_State_Control-1-scaled-e1641284404714-298x300.jpeg",298,300,true],"medium_large":["https:\/\/curiosart.fr\/wp-content\/uploads\/2021\/11\/Shepard-Fairey-State_Violence_State_Control-1-scaled-e1641284404714-768x772.jpeg",768,772,true],"large":["https:\/\/curiosart.fr\/wp-content\/uploads\/2021\/11\/Shepard-Fairey-State_Violence_State_Control-1-scaled-e1641284404714-1018x1024.jpeg",1018,1024,true],"1536x1536":["https:\/\/curiosart.fr\/wp-content\/uploads\/2021\/11\/Shepard-Fairey-State_Violence_State_Control-1-1536x1522.jpeg",1536,1522,true],"2048x2048":["https:\/\/curiosart.fr\/wp-content\/uploads\/2021\/11\/Shepard-Fairey-State_Violence_State_Control-1-2048x2029.jpeg",2048,2029,true],"trp-custom-language-flag":["https:\/\/curiosart.fr\/wp-content\/uploads\/2021\/11\/Shepard-Fairey-State_Violence_State_Control-1-scaled-e1641284404714-12x12.jpeg",12,12,true],"woocommerce_thumbnail":["https:\/\/curiosart.fr\/wp-content\/uploads\/2021\/11\/Shepard-Fairey-State_Violence_State_Control-1-scaled-e1641284404714-200x201.jpeg",200,201,true],"woocommerce_single":["https:\/\/curiosart.fr\/wp-content\/uploads\/2021\/11\/Shepard-Fairey-State_Violence_State_Control-1-scaled-e1641284404714-400x402.jpeg",400,402,true],"woocommerce_gallery_thumbnail":["https:\/\/curiosart.fr\/wp-content\/uploads\/2021\/11\/Shepard-Fairey-State_Violence_State_Control-1-scaled-e1641284404714-150x150.jpeg",150,150,true]},"uagb_author_info":{"display_name":"dfuzionadmin","author_link":"https:\/\/curiosart.fr\/en\/author\/"},"uagb_comment_info":0,"uagb_excerpt":"Sheppard Fairey (Obey) et Noise. \"State Violence State Control\", 2021 Cover design par Obey. Disque vinyle 7\" (45 tours). Sign\u00e9 par Shepard Fairey. Open Edition de 500. Prot\u00e9g\u00e9 dans sa pochette en plastique transparente. Dimensions : 18.4 x 18.4 x 0.3 cm","_links":{"self":[{"href":"https:\/\/curiosart.fr\/en\/wp-json\/wp\/v2\/product\/3261","targetHints":{"allow":["GET"]}}],"collection":[{"href":"https:\/\/curiosart.fr\/en\/wp-json\/wp\/v2\/product"}],"about":[{"href":"https:\/\/curiosart.fr\/en\/wp-json\/wp\/v2\/types\/product"}],"wp:featuredmedia":[{"embeddable":true,"href":"https:\/\/curiosart.fr\/en\/wp-json\/wp\/v2\/media\/3264"}],"wp:attachment":[{"href":"https:\/\/curiosart.fr\/en\/wp-json\/wp\/v2\/media?parent=3261"}],"wp:term":[{"taxonomy":"product_brand","embeddable":true,"href":"https:\/\/curiosart.fr\/en\/wp-json\/wp\/v2\/product_brand?post=3261"},{"taxonomy":"product_cat","embeddable":true,"href":"https:\/\/curiosart.fr\/en\/wp-json\/wp\/v2\/product_cat?post=3261"},{"taxonomy":"product_tag","embeddable":true,"href":"https:\/\/curiosart.fr\/en\/wp-json\/wp\/v2\/product_tag?post=3261"}],"curies":[{"name":"wp","href":"https:\/\/api.w.org\/{rel}","templated":true}]}}