{"id":3227,"date":"2021-12-06T08:15:37","date_gmt":"2021-12-06T07:15:37","guid":{"rendered":"https:\/\/curiosart.fr\/?post_type=product&#038;p=3227"},"modified":"2025-09-01T08:39:10","modified_gmt":"2025-09-01T06:39:10","slug":"pez-catch-the-stars-one","status":"publish","type":"product","link":"https:\/\/curiosart.fr\/en\/boutique\/pez-catch-the-stars-one\/","title":{"rendered":"Catch The Stars I"},"content":{"rendered":"<p>El Pez, &quot;the fish&quot; in Spanish, started painting in 1999 in the suburbs of Barcelona. At first he was writing his signature, which very quickly turned into a fish.<\/p>\n<p>In search of a universal language to communicate with passers-by, he uses the smile. One day he decides to paint a fish character with a big smile near his signature. El Pez was born! He had found in that huge smile a way to transmit the good vibes to passers-by in the streets.<\/p>\n<p>Within a few years his work had spread throughout Barcelona, and soon he was traveling and painting in European cities. He then begins to be known and rises quickly on the street art scene.<\/p>","protected":false},"excerpt":{"rendered":"<h2>El Pez \u201cCatch the stars\u201d \u2013 Edition I.<\/h2>\n<p>13 color screen print with UV coating on fine art paper <a href=\"https:\/\/legionpaper.com\/coventry-rag\" target=\"_blank\" rel=\"noopener\">Coventry Rag<\/a> 320 g \/ m\u00b2<br \/>\nSigned by<a href=\"https:\/\/curiosart.fr\/en\/artistes\/pez\/\">artist<\/a> and numbered x \/ 150 (sold-out).<br \/>\nSold with certificate of authenticity.<br \/>\nDimensions: 56 x 38 cm.<\/p>\n<p><strong>To see in augmented reality!<\/strong><br \/>\nDownload the El Pez AR mobile app, developed by MUSSA, to bring the augmented reality component to life! Select &quot;Catch The Stars&quot; and line up the artwork on your screen to activate the animation. Download it for free at <a href=\"https:\/\/play.google.com\/store\/apps\/details?id=com.mussa.pezar\" target=\"_blank\" rel=\"nofollow noopener\">Google play<\/a> or <a href=\"https:\/\/apps.apple.com\/us\/app\/pez-ar\/id1517870180\" target=\"_blank\" rel=\"nofollow noopener\">Apple Store<\/a>.<\/p>","protected":false},"featured_media":3318,"template":"","meta":{"_uag_custom_page_level_css":"","site-sidebar-layout":"default","site-content-layout":"default","ast-site-content-layout":"default","site-content-style":"default","site-sidebar-style":"default","ast-global-header-display":"","ast-banner-title-visibility":"","ast-main-header-display":"","ast-hfb-above-header-display":"","ast-hfb-below-header-display":"","ast-hfb-mobile-header-display":"","site-post-title":"","ast-breadcrumbs-content":"","ast-featured-img":"","footer-sml-layout":"","ast-disable-related-posts":"","theme-transparent-header-meta":"default","adv-header-id-meta":"","stick-header-meta":"default","header-above-stick-meta":"","header-main-stick-meta":"","header-below-stick-meta":"","astra-migrate-meta-layouts":"default","ast-page-background-enabled":"default","ast-page-background-meta":{"desktop":{"background-color":"","background-image":"","background-repeat":"repeat","background-position":"center center","background-size":"auto","background-attachment":"scroll","background-type":"","background-media":"","overlay-type":"","overlay-color":"","overlay-opacity":"","overlay-gradient":""},"tablet":{"background-color":"","background-image":"","background-repeat":"repeat","background-position":"center center","background-size":"auto","background-attachment":"scroll","background-type":"","background-media":"","overlay-type":"","overlay-color":"","overlay-opacity":"","overlay-gradient":""},"mobile":{"background-color":"","background-image":"","background-repeat":"repeat","background-position":"center center","background-size":"auto","background-attachment":"scroll","background-type":"","background-media":"","overlay-type":"","overlay-color":"","overlay-opacity":"","overlay-gradient":""}},"ast-content-background-meta":{"desktop":{"background-color":"var(--ast-global-color-5)","background-image":"","background-repeat":"repeat","background-position":"center center","background-size":"auto","background-attachment":"scroll","background-type":"","background-media":"","overlay-type":"","overlay-color":"","overlay-opacity":"","overlay-gradient":""},"tablet":{"background-color":"var(--ast-global-color-5)","background-image":"","background-repeat":"repeat","background-position":"center center","background-size":"auto","background-attachment":"scroll","background-type":"","background-media":"","overlay-type":"","overlay-color":"","overlay-opacity":"","overlay-gradient":""},"mobile":{"background-color":"var(--ast-global-color-5)","background-image":"","background-repeat":"repeat","background-position":"center center","background-size":"auto","background-attachment":"scroll","background-type":"","background-media":"","overlay-type":"","overlay-color":"","overlay-opacity":"","overlay-gradient":""}}},"product_brand":[],"product_cat":[61,19],"product_tag":[],"class_list":{"0":"post-3227","1":"product","2":"type-product","3":"status-publish","4":"has-post-thumbnail","6":"product_cat-el-pez","7":"product_cat-serigraphies","8":"desktop-align-center","9":"tablet-align-center","10":"mobile-align-center","11":"ast-product-gallery-layout-horizontal","12":"ast-magnify-disabled","13":"ast-product-tabs-layout-horizontal","15":"first","16":"instock","17":"shipping-taxable","18":"purchasable","19":"product-type-simple"},"uagb_featured_image_src":{"full":["https:\/\/curiosart.fr\/wp-content\/uploads\/2021\/12\/00-00-pez-catch-the-stars-standard-edition-i-1xrun-02.webp",525,765,false],"thumbnail":["https:\/\/curiosart.fr\/wp-content\/uploads\/2021\/12\/00-00-pez-catch-the-stars-standard-edition-i-1xrun-02-150x150.webp",150,150,true],"medium":["https:\/\/curiosart.fr\/wp-content\/uploads\/2021\/12\/00-00-pez-catch-the-stars-standard-edition-i-1xrun-02-206x300.webp",206,300,true],"medium_large":["https:\/\/curiosart.fr\/wp-content\/uploads\/2021\/12\/00-00-pez-catch-the-stars-standard-edition-i-1xrun-02.webp",525,765,false],"large":["https:\/\/curiosart.fr\/wp-content\/uploads\/2021\/12\/00-00-pez-catch-the-stars-standard-edition-i-1xrun-02.webp",525,765,false],"1536x1536":["https:\/\/curiosart.fr\/wp-content\/uploads\/2021\/12\/00-00-pez-catch-the-stars-standard-edition-i-1xrun-02.webp",525,765,false],"2048x2048":["https:\/\/curiosart.fr\/wp-content\/uploads\/2021\/12\/00-00-pez-catch-the-stars-standard-edition-i-1xrun-02.webp",525,765,false],"trp-custom-language-flag":["https:\/\/curiosart.fr\/wp-content\/uploads\/2021\/12\/00-00-pez-catch-the-stars-standard-edition-i-1xrun-02-8x12.webp",8,12,true],"woocommerce_thumbnail":["https:\/\/curiosart.fr\/wp-content\/uploads\/2021\/12\/00-00-pez-catch-the-stars-standard-edition-i-1xrun-02-200x291.webp",200,291,true],"woocommerce_single":["https:\/\/curiosart.fr\/wp-content\/uploads\/2021\/12\/00-00-pez-catch-the-stars-standard-edition-i-1xrun-02-400x583.webp",400,583,true],"woocommerce_gallery_thumbnail":["https:\/\/curiosart.fr\/wp-content\/uploads\/2021\/12\/00-00-pez-catch-the-stars-standard-edition-i-1xrun-02-103x150.webp",103,150,true]},"uagb_author_info":{"display_name":"dfuzionadmin","author_link":"https:\/\/curiosart.fr\/en\/author\/"},"uagb_comment_info":0,"uagb_excerpt":"El Pez \"Catch the stars\" - Edition I. S\u00e9rigraphie 13 couleurs avec rev\u00eatement UV sur papier d'art Coventry Rag 320 g\/m\u00b2 Sign\u00e9 par l'artiste et num\u00e9rot\u00e9e x\/150 (sold-out). Vendu avec certificat d'authenticit\u00e9. Dimensions : 56 x 38 cm. A voir en r\u00e9alit\u00e9 augment\u00e9e ! T\u00e9l\u00e9chargez l'application mobile El Pez AR, d\u00e9velopp\u00e9e par MUSSA, pour donner&hellip;","_links":{"self":[{"href":"https:\/\/curiosart.fr\/en\/wp-json\/wp\/v2\/product\/3227","targetHints":{"allow":["GET"]}}],"collection":[{"href":"https:\/\/curiosart.fr\/en\/wp-json\/wp\/v2\/product"}],"about":[{"href":"https:\/\/curiosart.fr\/en\/wp-json\/wp\/v2\/types\/product"}],"wp:featuredmedia":[{"embeddable":true,"href":"https:\/\/curiosart.fr\/en\/wp-json\/wp\/v2\/media\/3318"}],"wp:attachment":[{"href":"https:\/\/curiosart.fr\/en\/wp-json\/wp\/v2\/media?parent=3227"}],"wp:term":[{"taxonomy":"product_brand","embeddable":true,"href":"https:\/\/curiosart.fr\/en\/wp-json\/wp\/v2\/product_brand?post=3227"},{"taxonomy":"product_cat","embeddable":true,"href":"https:\/\/curiosart.fr\/en\/wp-json\/wp\/v2\/product_cat?post=3227"},{"taxonomy":"product_tag","embeddable":true,"href":"https:\/\/curiosart.fr\/en\/wp-json\/wp\/v2\/product_tag?post=3227"}],"curies":[{"name":"wp","href":"https:\/\/api.w.org\/{rel}","templated":true}]}}