{"id":2937,"date":"2021-03-28T12:43:48","date_gmt":"2021-03-28T10:43:48","guid":{"rendered":"https:\/\/curiosart.fr\/?post_type=product&#038;p=2937"},"modified":"2025-09-01T08:39:21","modified_gmt":"2025-09-01T06:39:21","slug":"jerk45-le-poids-du-monde","status":"publish","type":"product","link":"https:\/\/curiosart.fr\/en\/boutique\/jerk45-the-weight-of-the-world\/","title":{"rendered":"The weight of the world"},"content":{"rendered":"<p>Jerk45 lives and works in Paris. He studied graphic arts before teaming up with St\u00e9phane Carricondo and Ned to found 9e Concept, a collective.<\/p>\n<p>He now creates in total independence. Through his works he develops a phantasmagorical and colorful universe straight from his imagination. Inspired by his memories, his emotions, Jerk 45 creates a dreamlike world in his image.<\/p>","protected":false},"excerpt":{"rendered":"<h2><a href=\"http:\/\/9eme.net\/portfolio\/jerk-45-vinyle-digger-collectif-9emeconcept-artistes-urbain-streetart-digitalart-residence-francscolleurs-exposition-galerie\/#.YGBf9GQzYqs\" target=\"_blank\" rel=\"noopener\" data-schema-attribute=\"\">Jerk45<\/a> &quot;The weight of the world&quot;.<\/h2>\n<p>Pigment print <a href=\"\/en\/editions\/lithographies\/\">Digigraphy<\/a>\u00a0 on 240g Canson paper.<br \/>\nDimension: 50x40cm<br \/>\nArt edition limited to 30 copies<br \/>\nYear: 2020<\/p>","protected":false},"featured_media":2938,"template":"","meta":{"_uag_custom_page_level_css":"","site-sidebar-layout":"default","site-content-layout":"default","ast-site-content-layout":"default","site-content-style":"default","site-sidebar-style":"default","ast-global-header-display":"","ast-banner-title-visibility":"","ast-main-header-display":"","ast-hfb-above-header-display":"","ast-hfb-below-header-display":"","ast-hfb-mobile-header-display":"","site-post-title":"","ast-breadcrumbs-content":"","ast-featured-img":"","footer-sml-layout":"","ast-disable-related-posts":"","theme-transparent-header-meta":"default","adv-header-id-meta":"","stick-header-meta":"default","header-above-stick-meta":"","header-main-stick-meta":"","header-below-stick-meta":"","astra-migrate-meta-layouts":"default","ast-page-background-enabled":"default","ast-page-background-meta":{"desktop":{"background-color":"","background-image":"","background-repeat":"repeat","background-position":"center center","background-size":"auto","background-attachment":"scroll","background-type":"","background-media":"","overlay-type":"","overlay-color":"","overlay-opacity":"","overlay-gradient":""},"tablet":{"background-color":"","background-image":"","background-repeat":"repeat","background-position":"center center","background-size":"auto","background-attachment":"scroll","background-type":"","background-media":"","overlay-type":"","overlay-color":"","overlay-opacity":"","overlay-gradient":""},"mobile":{"background-color":"","background-image":"","background-repeat":"repeat","background-position":"center center","background-size":"auto","background-attachment":"scroll","background-type":"","background-media":"","overlay-type":"","overlay-color":"","overlay-opacity":"","overlay-gradient":""}},"ast-content-background-meta":{"desktop":{"background-color":"var(--ast-global-color-5)","background-image":"","background-repeat":"repeat","background-position":"center center","background-size":"auto","background-attachment":"scroll","background-type":"","background-media":"","overlay-type":"","overlay-color":"","overlay-opacity":"","overlay-gradient":""},"tablet":{"background-color":"var(--ast-global-color-5)","background-image":"","background-repeat":"repeat","background-position":"center center","background-size":"auto","background-attachment":"scroll","background-type":"","background-media":"","overlay-type":"","overlay-color":"","overlay-opacity":"","overlay-gradient":""},"mobile":{"background-color":"var(--ast-global-color-5)","background-image":"","background-repeat":"repeat","background-position":"center center","background-size":"auto","background-attachment":"scroll","background-type":"","background-media":"","overlay-type":"","overlay-color":"","overlay-opacity":"","overlay-gradient":""}}},"product_brand":[],"product_cat":[53,24],"product_tag":[],"class_list":{"0":"post-2937","1":"product","2":"type-product","3":"status-publish","4":"has-post-thumbnail","6":"product_cat-jerk45","7":"product_cat-digigraphies","8":"desktop-align-center","9":"tablet-align-center","10":"mobile-align-center","11":"ast-product-gallery-layout-horizontal","12":"ast-magnify-disabled","13":"ast-product-tabs-layout-horizontal","15":"first","16":"instock","17":"shipping-taxable","18":"purchasable","19":"product-type-simple"},"uagb_featured_image_src":{"full":["https:\/\/curiosart.fr\/wp-content\/uploads\/2021\/03\/IMG_4803-scaled.jpeg",2035,2560,false],"thumbnail":["https:\/\/curiosart.fr\/wp-content\/uploads\/2021\/03\/IMG_4803-150x150.jpeg",150,150,true],"medium":["https:\/\/curiosart.fr\/wp-content\/uploads\/2021\/03\/IMG_4803-238x300.jpeg",238,300,true],"medium_large":["https:\/\/curiosart.fr\/wp-content\/uploads\/2021\/03\/IMG_4803-768x966.jpeg",768,966,true],"large":["https:\/\/curiosart.fr\/wp-content\/uploads\/2021\/03\/IMG_4803-814x1024.jpeg",814,1024,true],"1536x1536":["https:\/\/curiosart.fr\/wp-content\/uploads\/2021\/03\/IMG_4803-1221x1536.jpeg",1221,1536,true],"2048x2048":["https:\/\/curiosart.fr\/wp-content\/uploads\/2021\/03\/IMG_4803-1628x2048.jpeg",1628,2048,true],"trp-custom-language-flag":["https:\/\/curiosart.fr\/wp-content\/uploads\/2021\/03\/IMG_4803-10x12.jpeg",10,12,true],"woocommerce_thumbnail":["https:\/\/curiosart.fr\/wp-content\/uploads\/2021\/03\/IMG_4803-scaled-200x252.jpeg",200,252,true],"woocommerce_single":["https:\/\/curiosart.fr\/wp-content\/uploads\/2021\/03\/IMG_4803-scaled-400x503.jpeg",400,503,true],"woocommerce_gallery_thumbnail":["https:\/\/curiosart.fr\/wp-content\/uploads\/2021\/03\/IMG_4803-scaled-119x150.jpeg",119,150,true]},"uagb_author_info":{"display_name":"dfuzionadmin","author_link":"https:\/\/curiosart.fr\/en\/author\/"},"uagb_comment_info":0,"uagb_excerpt":"Jerk45 \"Le poids du monde\". Tirage pigmentaire Digigraphie\u00a0 sur papier Canson 240g. Dimension : 50x40cm Edition d'art limit\u00e9e \u00e0 30 exemplaires Ann\u00e9e : 2020","_links":{"self":[{"href":"https:\/\/curiosart.fr\/en\/wp-json\/wp\/v2\/product\/2937","targetHints":{"allow":["GET"]}}],"collection":[{"href":"https:\/\/curiosart.fr\/en\/wp-json\/wp\/v2\/product"}],"about":[{"href":"https:\/\/curiosart.fr\/en\/wp-json\/wp\/v2\/types\/product"}],"wp:featuredmedia":[{"embeddable":true,"href":"https:\/\/curiosart.fr\/en\/wp-json\/wp\/v2\/media\/2938"}],"wp:attachment":[{"href":"https:\/\/curiosart.fr\/en\/wp-json\/wp\/v2\/media?parent=2937"}],"wp:term":[{"taxonomy":"product_brand","embeddable":true,"href":"https:\/\/curiosart.fr\/en\/wp-json\/wp\/v2\/product_brand?post=2937"},{"taxonomy":"product_cat","embeddable":true,"href":"https:\/\/curiosart.fr\/en\/wp-json\/wp\/v2\/product_cat?post=2937"},{"taxonomy":"product_tag","embeddable":true,"href":"https:\/\/curiosart.fr\/en\/wp-json\/wp\/v2\/product_tag?post=2937"}],"curies":[{"name":"wp","href":"https:\/\/api.w.org\/{rel}","templated":true}]}}