{"id":2873,"date":"2021-02-22T09:40:56","date_gmt":"2021-02-22T08:40:56","guid":{"rendered":"https:\/\/curiosart.fr\/?post_type=product&#038;p=2873"},"modified":"2024-06-05T08:32:20","modified_gmt":"2024-06-05T06:32:20","slug":"cleon-peterson-nightmare","status":"publish","type":"product","link":"https:\/\/curiosart.fr\/en\/boutique\/cleon-peterson-nightmare\/","title":{"rendered":"Nightmare (black)"},"content":{"rendered":"<p>Cleon Peterson is an LA-based artist whose chaotic and violent paintings show conflicting figures symbolizing a struggle between power and submission in the shifting architecture of contemporary society.<\/p>\n<p>He first made a name for himself as a graphic designer. He is thus at the origin of logos and many visuals for skate companies such as Foundation Skateboards, Pig Wheels, Zero Skateboards. In addition, he still works in Studio Number One, the creation studio of <a href=\"\/en\/artistes\/obey-shepard-fairey\/\">Shepard Fairey<\/a>. It is also to Peterson that we owe the famous model of the monograph \u201cSupply and demand\u201d on Obey.<\/p>\n<p><a href=\"https:\/\/curiosart.fr\/en\/cleon-peterson-the-artist-who-defies-norms\/\">&gt; Learn more about Cleon Peterson<\/a><\/p>","protected":false},"excerpt":{"rendered":"<h2><a href=\"http:\/\/www.actuart.org\/page-7208437.html\" target=\"_blank\" rel=\"noopener\">Cleon peterson<\/a> &quot;Nightmare&quot; (black).<\/h2>\n<p><a href=\"\/en\/editions\/lithographies\/\">Lithography<\/a> black and yellow.<br \/>\nArches Rag 290g paper with fringed edges.<br \/>\nSigned edition limited to 100 ex.<\/p>","protected":false},"featured_media":2875,"template":"","meta":{"_uag_custom_page_level_css":"","site-sidebar-layout":"default","site-content-layout":"default","ast-site-content-layout":"default","site-content-style":"default","site-sidebar-style":"default","ast-global-header-display":"","ast-banner-title-visibility":"","ast-main-header-display":"","ast-hfb-above-header-display":"","ast-hfb-below-header-display":"","ast-hfb-mobile-header-display":"","site-post-title":"","ast-breadcrumbs-content":"","ast-featured-img":"","footer-sml-layout":"","ast-disable-related-posts":"","theme-transparent-header-meta":"default","adv-header-id-meta":"","stick-header-meta":"default","header-above-stick-meta":"","header-main-stick-meta":"","header-below-stick-meta":"","astra-migrate-meta-layouts":"set","ast-page-background-enabled":"default","ast-page-background-meta":{"desktop":{"background-color":"","background-image":"","background-repeat":"repeat","background-position":"center center","background-size":"auto","background-attachment":"scroll","background-type":"","background-media":"","overlay-type":"","overlay-color":"","overlay-opacity":"","overlay-gradient":""},"tablet":{"background-color":"","background-image":"","background-repeat":"repeat","background-position":"center center","background-size":"auto","background-attachment":"scroll","background-type":"","background-media":"","overlay-type":"","overlay-color":"","overlay-opacity":"","overlay-gradient":""},"mobile":{"background-color":"","background-image":"","background-repeat":"repeat","background-position":"center center","background-size":"auto","background-attachment":"scroll","background-type":"","background-media":"","overlay-type":"","overlay-color":"","overlay-opacity":"","overlay-gradient":""}},"ast-content-background-meta":{"desktop":{"background-color":"var(--ast-global-color-5)","background-image":"","background-repeat":"repeat","background-position":"center center","background-size":"auto","background-attachment":"scroll","background-type":"","background-media":"","overlay-type":"","overlay-color":"","overlay-opacity":"","overlay-gradient":""},"tablet":{"background-color":"var(--ast-global-color-5)","background-image":"","background-repeat":"repeat","background-position":"center center","background-size":"auto","background-attachment":"scroll","background-type":"","background-media":"","overlay-type":"","overlay-color":"","overlay-opacity":"","overlay-gradient":""},"mobile":{"background-color":"var(--ast-global-color-5)","background-image":"","background-repeat":"repeat","background-position":"center center","background-size":"auto","background-attachment":"scroll","background-type":"","background-media":"","overlay-type":"","overlay-color":"","overlay-opacity":"","overlay-gradient":""}}},"product_brand":[],"product_cat":[52,18],"product_tag":[],"class_list":{"0":"post-2873","1":"product","2":"type-product","3":"status-publish","4":"has-post-thumbnail","6":"product_cat-cleon-peterson","7":"product_cat-lithographies","8":"desktop-align-center","9":"tablet-align-center","10":"mobile-align-center","11":"ast-product-gallery-layout-horizontal","12":"ast-magnify-disabled","13":"ast-product-tabs-layout-horizontal","15":"first","16":"outofstock","17":"shipping-taxable","18":"product-type-simple"},"uagb_featured_image_src":{"full":["https:\/\/curiosart.fr\/wp-content\/uploads\/2021\/02\/Cleon-Peterson-Nightmare.jpg",2492,2500,false],"thumbnail":["https:\/\/curiosart.fr\/wp-content\/uploads\/2021\/02\/Cleon-Peterson-Nightmare-150x150.jpg",150,150,true],"medium":["https:\/\/curiosart.fr\/wp-content\/uploads\/2021\/02\/Cleon-Peterson-Nightmare-300x300.jpg",300,300,true],"medium_large":["https:\/\/curiosart.fr\/wp-content\/uploads\/2021\/02\/Cleon-Peterson-Nightmare-768x770.jpg",768,770,true],"large":["https:\/\/curiosart.fr\/wp-content\/uploads\/2021\/02\/Cleon-Peterson-Nightmare-1021x1024.jpg",1021,1024,true],"1536x1536":["https:\/\/curiosart.fr\/wp-content\/uploads\/2021\/02\/Cleon-Peterson-Nightmare-1531x1536.jpg",1531,1536,true],"2048x2048":["https:\/\/curiosart.fr\/wp-content\/uploads\/2021\/02\/Cleon-Peterson-Nightmare-2041x2048.jpg",2041,2048,true],"trp-custom-language-flag":["https:\/\/curiosart.fr\/wp-content\/uploads\/2021\/02\/Cleon-Peterson-Nightmare.jpg",12,12,false],"woocommerce_thumbnail":["https:\/\/curiosart.fr\/wp-content\/uploads\/2021\/02\/Cleon-Peterson-Nightmare-200x201.jpg",200,201,true],"woocommerce_single":["https:\/\/curiosart.fr\/wp-content\/uploads\/2021\/02\/Cleon-Peterson-Nightmare-400x401.jpg",400,401,true],"woocommerce_gallery_thumbnail":["https:\/\/curiosart.fr\/wp-content\/uploads\/2021\/02\/Cleon-Peterson-Nightmare-150x150.jpg",150,150,true]},"uagb_author_info":{"display_name":"dfuzionadmin","author_link":"https:\/\/curiosart.fr\/en\/author\/"},"uagb_comment_info":0,"uagb_excerpt":"Cleon Peterson \"Nightmare\" (black). Lithographie noire et jaune. Papier Arches Rag 290g bords frang\u00e9s. Edition sign\u00e9e et limit\u00e9e \u00e0 100 ex.","_links":{"self":[{"href":"https:\/\/curiosart.fr\/en\/wp-json\/wp\/v2\/product\/2873","targetHints":{"allow":["GET"]}}],"collection":[{"href":"https:\/\/curiosart.fr\/en\/wp-json\/wp\/v2\/product"}],"about":[{"href":"https:\/\/curiosart.fr\/en\/wp-json\/wp\/v2\/types\/product"}],"wp:featuredmedia":[{"embeddable":true,"href":"https:\/\/curiosart.fr\/en\/wp-json\/wp\/v2\/media\/2875"}],"wp:attachment":[{"href":"https:\/\/curiosart.fr\/en\/wp-json\/wp\/v2\/media?parent=2873"}],"wp:term":[{"taxonomy":"product_brand","embeddable":true,"href":"https:\/\/curiosart.fr\/en\/wp-json\/wp\/v2\/product_brand?post=2873"},{"taxonomy":"product_cat","embeddable":true,"href":"https:\/\/curiosart.fr\/en\/wp-json\/wp\/v2\/product_cat?post=2873"},{"taxonomy":"product_tag","embeddable":true,"href":"https:\/\/curiosart.fr\/en\/wp-json\/wp\/v2\/product_tag?post=2873"}],"curies":[{"name":"wp","href":"https:\/\/api.w.org\/{rel}","templated":true}]}}