{"id":2393,"date":"2021-01-24T07:41:19","date_gmt":"2021-01-24T06:41:19","guid":{"rendered":"https:\/\/curiosart.fr\/?post_type=product&#038;p=2393"},"modified":"2023-08-30T18:48:02","modified_gmt":"2023-08-30T16:48:02","slug":"doze-green-avatar-third-density","status":"publish","type":"product","link":"https:\/\/curiosart.fr\/en\/boutique\/doze-green-avatar-third-density\/","title":{"rendered":"Third Density Avatar"},"content":{"rendered":"","protected":false},"excerpt":{"rendered":"<h2>Doze Green \u201cAvatar Third Density\u201d.<\/h2>\n<p>Archival Pigment on Canson Watercolor 240g paper.<br \/>\nLimited edition of 100 copies, signed by Doze Green.<br \/>\nDimensions: 50 x 50 cm<\/p>","protected":false},"featured_media":2394,"template":"","meta":{"_uag_custom_page_level_css":"","site-sidebar-layout":"default","site-content-layout":"default","ast-site-content-layout":"default","site-content-style":"default","site-sidebar-style":"default","ast-global-header-display":"","ast-banner-title-visibility":"","ast-main-header-display":"","ast-hfb-above-header-display":"","ast-hfb-below-header-display":"","ast-hfb-mobile-header-display":"","site-post-title":"","ast-breadcrumbs-content":"","ast-featured-img":"","footer-sml-layout":"","ast-disable-related-posts":"","theme-transparent-header-meta":"default","adv-header-id-meta":"","stick-header-meta":"default","header-above-stick-meta":"","header-main-stick-meta":"","header-below-stick-meta":"","astra-migrate-meta-layouts":"set","ast-page-background-enabled":"default","ast-page-background-meta":{"desktop":{"background-color":"","background-image":"","background-repeat":"repeat","background-position":"center center","background-size":"auto","background-attachment":"scroll","background-type":"","background-media":"","overlay-type":"","overlay-color":"","overlay-opacity":"","overlay-gradient":""},"tablet":{"background-color":"","background-image":"","background-repeat":"repeat","background-position":"center center","background-size":"auto","background-attachment":"scroll","background-type":"","background-media":"","overlay-type":"","overlay-color":"","overlay-opacity":"","overlay-gradient":""},"mobile":{"background-color":"","background-image":"","background-repeat":"repeat","background-position":"center center","background-size":"auto","background-attachment":"scroll","background-type":"","background-media":"","overlay-type":"","overlay-color":"","overlay-opacity":"","overlay-gradient":""}},"ast-content-background-meta":{"desktop":{"background-color":"var(--ast-global-color-5)","background-image":"","background-repeat":"repeat","background-position":"center center","background-size":"auto","background-attachment":"scroll","background-type":"","background-media":"","overlay-type":"","overlay-color":"","overlay-opacity":"","overlay-gradient":""},"tablet":{"background-color":"var(--ast-global-color-5)","background-image":"","background-repeat":"repeat","background-position":"center center","background-size":"auto","background-attachment":"scroll","background-type":"","background-media":"","overlay-type":"","overlay-color":"","overlay-opacity":"","overlay-gradient":""},"mobile":{"background-color":"var(--ast-global-color-5)","background-image":"","background-repeat":"repeat","background-position":"center center","background-size":"auto","background-attachment":"scroll","background-type":"","background-media":"","overlay-type":"","overlay-color":"","overlay-opacity":"","overlay-gradient":""}}},"product_brand":[],"product_cat":[28,24],"product_tag":[],"class_list":{"0":"post-2393","1":"product","2":"type-product","3":"status-publish","4":"has-post-thumbnail","6":"product_cat-doze-green","7":"product_cat-digigraphies","8":"desktop-align-center","9":"tablet-align-center","10":"mobile-align-center","11":"ast-product-gallery-layout-horizontal","12":"ast-magnify-disabled","13":"ast-product-tabs-layout-horizontal","15":"first","16":"outofstock","17":"shipping-taxable","18":"purchasable","19":"product-type-simple"},"uagb_featured_image_src":{"full":["https:\/\/curiosart.fr\/wp-content\/uploads\/2021\/01\/Doze_Green_Avatar_Third_Density_print_2-e1611470668669.jpg",698,696,false],"thumbnail":["https:\/\/curiosart.fr\/wp-content\/uploads\/2021\/01\/Doze_Green_Avatar_Third_Density_print_2-e1611470668669-150x150.jpg",150,150,true],"medium":["https:\/\/curiosart.fr\/wp-content\/uploads\/2021\/01\/Doze_Green_Avatar_Third_Density_print_2-e1611470668669-300x300.jpg",300,300,true],"medium_large":["https:\/\/curiosart.fr\/wp-content\/uploads\/2021\/01\/Doze_Green_Avatar_Third_Density_print_2-768x768.jpg",768,768,true],"large":["https:\/\/curiosart.fr\/wp-content\/uploads\/2021\/01\/Doze_Green_Avatar_Third_Density_print_2-e1611470668669.jpg",698,696,false],"1536x1536":["https:\/\/curiosart.fr\/wp-content\/uploads\/2021\/01\/Doze_Green_Avatar_Third_Density_print_2-e1611470668669.jpg",698,696,false],"2048x2048":["https:\/\/curiosart.fr\/wp-content\/uploads\/2021\/01\/Doze_Green_Avatar_Third_Density_print_2-e1611470668669.jpg",698,696,false],"trp-custom-language-flag":["https:\/\/curiosart.fr\/wp-content\/uploads\/2021\/01\/Doze_Green_Avatar_Third_Density_print_2-e1611470668669.jpg",12,12,false],"woocommerce_thumbnail":["https:\/\/curiosart.fr\/wp-content\/uploads\/2021\/01\/Doze_Green_Avatar_Third_Density_print_2-e1611470668669-200x199.jpg",200,199,true],"woocommerce_single":["https:\/\/curiosart.fr\/wp-content\/uploads\/2021\/01\/Doze_Green_Avatar_Third_Density_print_2-e1611470668669-400x399.jpg",400,399,true],"woocommerce_gallery_thumbnail":["https:\/\/curiosart.fr\/wp-content\/uploads\/2021\/01\/Doze_Green_Avatar_Third_Density_print_2-e1611470668669-150x150.jpg",150,150,true]},"uagb_author_info":{"display_name":"dfuzionadmin","author_link":"https:\/\/curiosart.fr\/en\/author\/"},"uagb_comment_info":0,"uagb_excerpt":"Doze Green\u00a0\"Avatar Third Density\". Archival Pigment sur papier Canson Watercolor 240g. Edition limit\u00e9e \u00e0 100 exemplaires, sign\u00e9 par Doze Green. Dimensions : 50 x 50 cm","_links":{"self":[{"href":"https:\/\/curiosart.fr\/en\/wp-json\/wp\/v2\/product\/2393","targetHints":{"allow":["GET"]}}],"collection":[{"href":"https:\/\/curiosart.fr\/en\/wp-json\/wp\/v2\/product"}],"about":[{"href":"https:\/\/curiosart.fr\/en\/wp-json\/wp\/v2\/types\/product"}],"wp:featuredmedia":[{"embeddable":true,"href":"https:\/\/curiosart.fr\/en\/wp-json\/wp\/v2\/media\/2394"}],"wp:attachment":[{"href":"https:\/\/curiosart.fr\/en\/wp-json\/wp\/v2\/media?parent=2393"}],"wp:term":[{"taxonomy":"product_brand","embeddable":true,"href":"https:\/\/curiosart.fr\/en\/wp-json\/wp\/v2\/product_brand?post=2393"},{"taxonomy":"product_cat","embeddable":true,"href":"https:\/\/curiosart.fr\/en\/wp-json\/wp\/v2\/product_cat?post=2393"},{"taxonomy":"product_tag","embeddable":true,"href":"https:\/\/curiosart.fr\/en\/wp-json\/wp\/v2\/product_tag?post=2393"}],"curies":[{"name":"wp","href":"https:\/\/api.w.org\/{rel}","templated":true}]}}