{"id":2916,"date":"2021-03-15T09:01:24","date_gmt":"2021-03-15T08:01:24","guid":{"rendered":"https:\/\/curiosart.fr\/?page_id=2916"},"modified":"2021-07-13T13:54:54","modified_gmt":"2021-07-13T11:54:54","slug":"livraison","status":"publish","type":"page","link":"https:\/\/curiosart.fr\/en\/delivery\/","title":{"rendered":"Delivery"},"content":{"rendered":"<hr class=\"wp-block-separator has-text-color has-background has-black-background-color has-black-color is-style-wide\"\/>\n\n\n\n<p>We make every effort to ensure that the works you order on Curios | Art are sent to you quickly, in a totally secure, protected and insured manner.<\/p>\n\n\n\n<h6 class=\"wp-block-heading\">Delivery zones<\/h6>\n\n\n\n<p>Curios | Art delivers the works in France and Europe. For the United States, the sanitary and customs conditions complicating the shipments, thank you for <a href=\"https:\/\/curiosart.fr\/en\/contact\/\" class=\"rank-math-link\">contact us directly<\/a> to study a personalized solution. For the rest of the world, <a href=\"https:\/\/curiosart.fr\/en\/contact\/\" class=\"rank-math-link\">Contact us<\/a> also.<\/p>\n\n\n\n<h6 class=\"wp-block-heading\">Delivery delay<\/h6>\n\n\n\n<p>Depending on the country of destination of the order, Curios | Art usually delivers the works within 7 days (mainland France) to 10 days (Western Europe). For other destinations contact us.<\/p>\n\n\n\n<h6 class=\"wp-block-heading\">Shipping cost<\/h6>\n\n\n\n<p>On Curios | Art, delivery costs are calculated according to your place of delivery. You will be able to obtain the exact amount of these charges as soon as you enter your delivery address in the ordering process.<\/p>\n\n\n\n<h6 class=\"wp-block-heading\">Our partner carriers<\/h6>\n\n\n\n<p>We use Colissimo services for shipping. The works are protected in a tube to guarantee their state of protection.<\/p>\n\n\n\n<figure class=\"wp-block-image size-full is-resized\"><img loading=\"lazy\" decoding=\"async\" src=\"https:\/\/curiosart.fr\/wp-content\/uploads\/2021\/03\/Logo-Colissimo-Suivi23.png\" alt=\"Colissimo Tracking\" class=\"wp-image-2930\" width=\"116\" height=\"80\" title=\"Street Art Lithograph Edition -\" srcset=\"https:\/\/curiosart.fr\/wp-content\/uploads\/2021\/03\/Logo-Colissimo-Suivi23.png 232w, https:\/\/curiosart.fr\/wp-content\/uploads\/2021\/03\/Logo-Colissimo-Suivi23-200x137.png 200w, https:\/\/curiosart.fr\/wp-content\/uploads\/2021\/03\/Logo-Colissimo-Suivi23-150x103.png 150w, https:\/\/curiosart.fr\/wp-content\/uploads\/2021\/03\/Logo-Colissimo-Suivi23-16x12.png 16w\" sizes=\"auto, (max-width: 116px) 100vw, 116px\" \/><\/figure>\n\n\n\n<h6 class=\"wp-block-heading\">Terms of delivery<\/h6>\n\n\n\n<p>You will be notified by e-mail of the date of dispatch of your parcel, which will in all cases be delivered to you personally against signature. If you are absent on delivery, a calling card will allow you to pick up the package at the Post Office.<\/p>\n\n\n\n<h6 class=\"wp-block-heading\">Terms of returns and refunds<\/h6>\n\n\n\n<p>If your package arrives damaged, please refuse it. In the exceptional event that the work is damaged inside a package in good condition, please take pictures and use the<a href=\"https:\/\/curiosart.fr\/en\/contact\/\" class=\"rank-math-link\"> contact form for our website<\/a>. You will be responsible for the return costs and the work may be refunded or replaced.<\/p>\n\n\n\n<h6 class=\"wp-block-heading\">Learn more about our Returns and Refunds terms.<\/h6>\n\n\n\n<p>For any questions regarding the transport and delivery of your orders on Curios | Art, please <a href=\"http:\/\/contact\" class=\"rank-math-link\" rel=\"nofollow\">Contact us<\/a>.<\/p>","protected":false},"excerpt":{"rendered":"<p>Nous mettons tout en oeuvre pour que les oeuvres que vous commandez sur Curios|Art vous soient achemin\u00e9es rapidement, de mani\u00e8re totalement s\u00e9curis\u00e9e, prot\u00e9g\u00e9e, et assur\u00e9e. Zones de livraison Curios|Art livre les oeuvres en France et en Europe. Pour les Etats-Unis, les conditions sanitaires et douanes compliquant les exp\u00e9ditions, merci de nous contacter directement pour \u00e9tudier [&hellip;]<\/p>\n","protected":false},"author":1,"featured_media":0,"parent":0,"menu_order":0,"comment_status":"closed","ping_status":"closed","template":"","meta":{"_uag_custom_page_level_css":"","site-sidebar-layout":"default","site-content-layout":"content-boxed-container","ast-site-content-layout":"default","site-content-style":"default","site-sidebar-style":"default","ast-global-header-display":"","ast-banner-title-visibility":"","ast-main-header-display":"","ast-hfb-above-header-display":"","ast-hfb-below-header-display":"","ast-hfb-mobile-header-display":"","site-post-title":"","ast-breadcrumbs-content":"disabled","ast-featured-img":"","footer-sml-layout":"","ast-disable-related-posts":"","theme-transparent-header-meta":"default","adv-header-id-meta":"","stick-header-meta":"default","header-above-stick-meta":"","header-main-stick-meta":"","header-below-stick-meta":"","astra-migrate-meta-layouts":"default","ast-page-background-enabled":"default","ast-page-background-meta":{"desktop":{"background-color":"","background-image":"","background-repeat":"repeat","background-position":"center center","background-size":"auto","background-attachment":"scroll","background-type":"","background-media":"","overlay-type":"","overlay-color":"","overlay-opacity":"","overlay-gradient":""},"tablet":{"background-color":"","background-image":"","background-repeat":"repeat","background-position":"center center","background-size":"auto","background-attachment":"scroll","background-type":"","background-media":"","overlay-type":"","overlay-color":"","overlay-opacity":"","overlay-gradient":""},"mobile":{"background-color":"","background-image":"","background-repeat":"repeat","background-position":"center center","background-size":"auto","background-attachment":"scroll","background-type":"","background-media":"","overlay-type":"","overlay-color":"","overlay-opacity":"","overlay-gradient":""}},"ast-content-background-meta":{"desktop":{"background-color":"var(--ast-global-color-5)","background-image":"","background-repeat":"repeat","background-position":"center center","background-size":"auto","background-attachment":"scroll","background-type":"","background-media":"","overlay-type":"","overlay-color":"","overlay-opacity":"","overlay-gradient":""},"tablet":{"background-color":"var(--ast-global-color-5)","background-image":"","background-repeat":"repeat","background-position":"center center","background-size":"auto","background-attachment":"scroll","background-type":"","background-media":"","overlay-type":"","overlay-color":"","overlay-opacity":"","overlay-gradient":""},"mobile":{"background-color":"var(--ast-global-color-5)","background-image":"","background-repeat":"repeat","background-position":"center center","background-size":"auto","background-attachment":"scroll","background-type":"","background-media":"","overlay-type":"","overlay-color":"","overlay-opacity":"","overlay-gradient":""}},"footnotes":""},"class_list":["post-2916","page","type-page","status-publish","hentry"],"uagb_featured_image_src":{"full":false,"thumbnail":false,"medium":false,"medium_large":false,"large":false,"1536x1536":false,"2048x2048":false,"trp-custom-language-flag":false,"woocommerce_thumbnail":false,"woocommerce_single":false,"woocommerce_gallery_thumbnail":false},"uagb_author_info":{"display_name":"dfuzionadmin","author_link":"https:\/\/curiosart.fr\/en\/author\/dfuzionadmin\/"},"uagb_comment_info":0,"uagb_excerpt":"Nous mettons tout en oeuvre pour que les oeuvres que vous commandez sur Curios|Art vous soient achemin\u00e9es rapidement, de mani\u00e8re totalement s\u00e9curis\u00e9e, prot\u00e9g\u00e9e, et assur\u00e9e. Zones de livraison Curios|Art livre les oeuvres en France et en Europe. Pour les Etats-Unis, les conditions sanitaires et douanes compliquant les exp\u00e9ditions, merci de nous contacter directement pour \u00e9tudier&hellip;","_links":{"self":[{"href":"https:\/\/curiosart.fr\/en\/wp-json\/wp\/v2\/pages\/2916","targetHints":{"allow":["GET"]}}],"collection":[{"href":"https:\/\/curiosart.fr\/en\/wp-json\/wp\/v2\/pages"}],"about":[{"href":"https:\/\/curiosart.fr\/en\/wp-json\/wp\/v2\/types\/page"}],"author":[{"embeddable":true,"href":"https:\/\/curiosart.fr\/en\/wp-json\/wp\/v2\/users\/1"}],"replies":[{"embeddable":true,"href":"https:\/\/curiosart.fr\/en\/wp-json\/wp\/v2\/comments?post=2916"}],"version-history":[{"count":0,"href":"https:\/\/curiosart.fr\/en\/wp-json\/wp\/v2\/pages\/2916\/revisions"}],"wp:attachment":[{"href":"https:\/\/curiosart.fr\/en\/wp-json\/wp\/v2\/media?parent=2916"}],"curies":[{"name":"wp","href":"https:\/\/api.w.org\/{rel}","templated":true}]}}